{"id":3751,"date":"2023-04-11T17:07:36","date_gmt":"2023-04-11T15:07:36","guid":{"rendered":"https:\/\/ambberna.esteri.it\/chi-siamo\/"},"modified":"2023-11-21T14:23:24","modified_gmt":"2023-11-21T12:23:24","slug":"chi-siamo","status":"publish","type":"page","link":"https:\/\/ambberna.esteri.it\/de\/chi-siamo\/","title":{"rendered":"\u00dcber uns"},"content":{"rendered":"<p>Die Italienische Botschaft in Bern ist in zwei verschiedenen Geb\u00e4uden untergebracht: Die B\u00fcros der <strong>diplomatischen Kanzlei<\/strong> befinden sich an der Elfenstrasse 14 in 3006 Bern und die der <strong>konsularischen Kanzlei<\/strong> am Willadingweg 23 in 3006 Bern.<\/p>\n<p>&nbsp;<\/p>\n<p><img decoding=\"async\" src=\"https:\/\/ambberna.esteri.it\/wp-content\/uploads\/2023\/09\/emb-cons.png\" alt=\"emb cons\" width=\"100%\" \/><\/p>\n","protected":false},"excerpt":{"rendered":"Die Italienische Botschaft in Bern ist in zwei verschiedenen Geb\u00e4uden untergebracht: Die B\u00fcros der diplomatischen Kanzlei befinden sich an der Elfenstrasse 14 in 3006 Bern und die der konsularischen Kanzlei am Willadingweg 23 in 3006 Bern. &nbsp;","protected":false},"author":1,"featured_media":0,"parent":0,"menu_order":2,"comment_status":"closed","ping_status":"closed","template":"","meta":{"footnotes":""},"class_list":["post-3751","page","type-page","status-publish","hentry"],"_links":{"self":[{"href":"https:\/\/ambberna.esteri.it\/de\/wp-json\/wp\/v2\/pages\/3751","targetHints":{"allow":["GET"]}}],"collection":[{"href":"https:\/\/ambberna.esteri.it\/de\/wp-json\/wp\/v2\/pages"}],"about":[{"href":"https:\/\/ambberna.esteri.it\/de\/wp-json\/wp\/v2\/types\/page"}],"author":[{"embeddable":true,"href":"https:\/\/ambberna.esteri.it\/de\/wp-json\/wp\/v2\/users\/1"}],"replies":[{"embeddable":true,"href":"https:\/\/ambberna.esteri.it\/de\/wp-json\/wp\/v2\/comments?post=3751"}],"version-history":[{"count":2,"href":"https:\/\/ambberna.esteri.it\/de\/wp-json\/wp\/v2\/pages\/3751\/revisions"}],"predecessor-version":[{"id":3863,"href":"https:\/\/ambberna.esteri.it\/de\/wp-json\/wp\/v2\/pages\/3751\/revisions\/3863"}],"wp:attachment":[{"href":"https:\/\/ambberna.esteri.it\/de\/wp-json\/wp\/v2\/media?parent=3751"}],"curies":[{"name":"wp","href":"https:\/\/api.w.org\/{rel}","templated":true}]}}