{"id":3761,"date":"2023-04-11T17:53:01","date_gmt":"2023-04-11T15:53:01","guid":{"rendered":"https:\/\/ambberna.esteri.it\/chi-siamo\/lambasciatore\/"},"modified":"2023-11-21T12:47:27","modified_gmt":"2023-11-21T10:47:27","slug":"lambasciatore","status":"publish","type":"page","link":"https:\/\/ambberna.esteri.it\/de\/chi-siamo\/lambasciatore\/","title":{"rendered":"Der Botschafter"},"content":{"rendered":"<p><strong>GIAN LORENZO CORNADO<\/strong><\/p>\n<p><img decoding=\"async\" src=\"https:\/\/ambberna.esteri.it\/wp-content\/uploads\/2023\/09\/D.jpeg\" alt=\"amb cornado\" width=\"100%\" \/><\/p>\n<p>Geboren im Jahr 1959. Studienabschluss in Politikwissenschaft im Jahr 1984 an der Luiss &#8211; Freie Internationale Universit\u00e4t f\u00fcr Sozialstudien Guido Carli in Rom.<\/p>\n<p>Diplomatische Laufbahn<\/p>\n<ul>\n<li>1985 &#8211; 1987: Generaldirektion f\u00fcr Auswanderung und soziale Angelegenheiten des Ministeriums f\u00fcr ausw\u00e4rtige Angelegenheiten, Rom;<\/li>\n<li>1987 &#8211; 1992: Erster Sekret\u00e4r an der Italienischen Botschaft in Kanada;<\/li>\n<li>1992 &#8211; 1994: Konsul Italiens in Toulouse;<\/li>\n<li>1994 &#8211; 1997: Generaldirektion f\u00fcr Personal und Verwaltung des Ministeriums f\u00fcr ausw\u00e4rtige Angelegenheiten, Rom;<\/li>\n<li>1997 &#8211; 2000: Berater bei der St\u00e4ndigen Vertretung Italiens bei den Vereinten Nationen in New York;<\/li>\n<li>2000 &#8211; 2004: Generalkonsul Italiens in Montreal;<\/li>\n<li>2000 &#8211; 2004: St\u00e4ndiger Vertreter Italiens bei der Internationalen Zivilluftfahrtorganisation in Montreal;<\/li>\n<li>2004 &#8211; 2005: Generalsekretariat des Ministeriums f\u00fcr ausw\u00e4rtige Angelegenheiten, Rom;<\/li>\n<li>2005 &#8211; 2006: Leiter des B\u00fcros der Vereinten Nationen des Ministeriums f\u00fcr Ausw\u00e4rtige Angelegenheiten, Rom;<\/li>\n<li>2006 &#8211; 2009: Diplomatischer Berater des Justizministers;<\/li>\n<li>2009 &#8211; 2010: Botschafter, Stellvertreter des St\u00e4ndigen Vertreters Italiens bei den Vereinten Nationen in New York;<\/li>\n<li>2010 &#8211; 2012: Stellvertreter des Missionschefs bei der Italienischen Botschaft in den Vereinigten Staaten;<\/li>\n<li>2012 &#8211; 2013: Kabinettschef des Ministers f\u00fcr ausw\u00e4rtige Angelegenheiten, Rom;<\/li>\n<li>2013 &#8211; 2017: Botschafter Italiens in Kanada;<\/li>\n<li>2017 &#8211; 2018: Kabinettschef des Ministers f\u00fcr ausw\u00e4rtige Angelegenheiten und internationale Zusammenarbeit.<\/li>\n<li>2018 &#8211; 2023: Botschafter, St\u00e4ndiger Vertreter Italiens bei den Vereinten Nationen und anderen internationalen Organisationen in Genf<\/li>\n<li>Am 4. September 2023: Amtsantritt als Botschafter Italiens in der Schweiz und in Liechtenstein<\/li>\n<\/ul>\n","protected":false},"excerpt":{"rendered":"GIAN LORENZO CORNADO Geboren im Jahr 1959. Studienabschluss in Politikwissenschaft im Jahr 1984 an der Luiss &#8211; Freie Internationale Universit\u00e4t f\u00fcr Sozialstudien Guido Carli in Rom. Diplomatische Laufbahn 1985 &#8211; 1987: Generaldirektion f\u00fcr Auswanderung und soziale Angelegenheiten des Ministeriums f\u00fcr ausw\u00e4rtige Angelegenheiten, Rom; 1987 &#8211; 1992: Erster Sekret\u00e4r an der Italienischen Botschaft in Kanada; 1992 [&hellip;]","protected":false},"author":1,"featured_media":0,"parent":3751,"menu_order":0,"comment_status":"closed","ping_status":"closed","template":"","meta":{"footnotes":""},"class_list":["post-3761","page","type-page","status-publish","hentry"],"_links":{"self":[{"href":"https:\/\/ambberna.esteri.it\/de\/wp-json\/wp\/v2\/pages\/3761","targetHints":{"allow":["GET"]}}],"collection":[{"href":"https:\/\/ambberna.esteri.it\/de\/wp-json\/wp\/v2\/pages"}],"about":[{"href":"https:\/\/ambberna.esteri.it\/de\/wp-json\/wp\/v2\/types\/page"}],"author":[{"embeddable":true,"href":"https:\/\/ambberna.esteri.it\/de\/wp-json\/wp\/v2\/users\/1"}],"replies":[{"embeddable":true,"href":"https:\/\/ambberna.esteri.it\/de\/wp-json\/wp\/v2\/comments?post=3761"}],"version-history":[{"count":1,"href":"https:\/\/ambberna.esteri.it\/de\/wp-json\/wp\/v2\/pages\/3761\/revisions"}],"predecessor-version":[{"id":3815,"href":"https:\/\/ambberna.esteri.it\/de\/wp-json\/wp\/v2\/pages\/3761\/revisions\/3815"}],"up":[{"embeddable":true,"href":"https:\/\/ambberna.esteri.it\/de\/wp-json\/wp\/v2\/pages\/3751"}],"wp:attachment":[{"href":"https:\/\/ambberna.esteri.it\/de\/wp-json\/wp\/v2\/media?parent=3761"}],"curies":[{"name":"wp","href":"https:\/\/api.w.org\/{rel}","templated":true}]}}