{"id":3766,"date":"2023-04-11T17:55:33","date_gmt":"2023-04-11T15:55:33","guid":{"rendered":"https:\/\/ambberna.esteri.it\/chi-siamo\/la-sede\/"},"modified":"2023-11-21T14:24:14","modified_gmt":"2023-11-21T12:24:14","slug":"la-sede","status":"publish","type":"page","link":"https:\/\/ambberna.esteri.it\/de\/chi-siamo\/la-sede\/","title":{"rendered":"Der Standort"},"content":{"rendered":"<p><strong>Historischer Hintergrund<\/strong><\/p>\n<p>Das Hauptquartier der italienischen Botschaft in Bern besteht aus zwei Geb\u00e4uden, der Residenza [Residenz] und der Cancelleria [diplomatischen Kanzlei]. Die Geb\u00e4ude geh\u00f6rten der Familie Paulucci de&#8216; Calboli, welche dort bis Anfang 1900 wohnte. Von 1913 bis 1919 war es die Residenz des Botschafters Raniero Paulucci de&#8216; Calboli. Eine Gedenktafel an der Fassade der Residenz erinnert an den Goldmedaillentr\u00e4ger Fulcieri, den Sohn des Botschafters, der als Freiwilliger am Ersten Weltkrieg teilnahm. Die Tochter des Botschafters, Marquise Eugenia Virginia, blieb die einzige Erbin der Familie Paulucci und trat die Residenz mit dem Nebengeb\u00e4ude und dem Garten mit einer Gesamtfl\u00e4che von 5.300 Quadratmetern an den italienischen Staat ab. Der italienische Staat erwarb die Liegenschaft mit Urkunde vom 4. Februar 1920 beim Notar Frutiger in Bern f\u00fcr 450.000 Schweizer Franken. Die Eintragung der Urkunde im Grundbuchamt der Stadt Bern ist auf den 3. April 1920 datiert.<\/p>\n<table>\n<tbody>\n<tr style=\"border: 0px;\">\n<td style=\"border: 0px; text-align: left;\">Die Residenz<\/td>\n<td style=\"border: 0px; text-align: left;\">Die diplomatische Kanzlei<\/td>\n<\/tr>\n<tr style=\"border: 0px;\">\n<td style=\"border: 0px;\"><img loading=\"lazy\" decoding=\"async\" class=\"aligncenter\" src=\"https:\/\/ambberna.esteri.it\/wp-content\/uploads\/2023\/09\/Residenza3.jpg\" alt=\"Foto della Residenza dell'Ambasciatore a Berna\" width=\"245\" height=\"212\" border=\"0\" \/><\/td>\n<td style=\"border: 0px;\"><img loading=\"lazy\" decoding=\"async\" class=\"aligncenter\" src=\"https:\/\/ambberna.esteri.it\/wp-content\/uploads\/2023\/09\/Cancelleria2.jpg\" alt=\"Foto della Cancelleria consolare\" width=\"245\" height=\"212\" border=\"0\" \/><\/td>\n<\/tr>\n<\/tbody>\n<\/table>\n","protected":false},"excerpt":{"rendered":"Historischer Hintergrund Das Hauptquartier der italienischen Botschaft in Bern besteht aus zwei Geb\u00e4uden, der Residenza [Residenz] und der Cancelleria [diplomatischen Kanzlei]. Die Geb\u00e4ude geh\u00f6rten der Familie Paulucci de&#8216; Calboli, welche dort bis Anfang 1900 wohnte. Von 1913 bis 1919 war es die Residenz des Botschafters Raniero Paulucci de&#8216; Calboli. Eine Gedenktafel an der Fassade der [&hellip;]","protected":false},"author":1,"featured_media":0,"parent":3751,"menu_order":2,"comment_status":"closed","ping_status":"closed","template":"","meta":{"footnotes":""},"class_list":["post-3766","page","type-page","status-publish","hentry"],"_links":{"self":[{"href":"https:\/\/ambberna.esteri.it\/de\/wp-json\/wp\/v2\/pages\/3766","targetHints":{"allow":["GET"]}}],"collection":[{"href":"https:\/\/ambberna.esteri.it\/de\/wp-json\/wp\/v2\/pages"}],"about":[{"href":"https:\/\/ambberna.esteri.it\/de\/wp-json\/wp\/v2\/types\/page"}],"author":[{"embeddable":true,"href":"https:\/\/ambberna.esteri.it\/de\/wp-json\/wp\/v2\/users\/1"}],"replies":[{"embeddable":true,"href":"https:\/\/ambberna.esteri.it\/de\/wp-json\/wp\/v2\/comments?post=3766"}],"version-history":[{"count":2,"href":"https:\/\/ambberna.esteri.it\/de\/wp-json\/wp\/v2\/pages\/3766\/revisions"}],"predecessor-version":[{"id":3866,"href":"https:\/\/ambberna.esteri.it\/de\/wp-json\/wp\/v2\/pages\/3766\/revisions\/3866"}],"up":[{"embeddable":true,"href":"https:\/\/ambberna.esteri.it\/de\/wp-json\/wp\/v2\/pages\/3751"}],"wp:attachment":[{"href":"https:\/\/ambberna.esteri.it\/de\/wp-json\/wp\/v2\/media?parent=3766"}],"curies":[{"name":"wp","href":"https:\/\/api.w.org\/{rel}","templated":true}]}}