{"id":3795,"date":"2023-06-16T12:04:07","date_gmt":"2023-06-16T10:04:07","guid":{"rendered":"https:\/\/ambberna.esteri.it\/chi-siamo\/la-sede\/la-sede-consolare\/"},"modified":"2023-12-05T15:34:18","modified_gmt":"2023-12-05T13:34:18","slug":"la-sede-consolare","status":"publish","type":"page","link":"https:\/\/ambberna.esteri.it\/de\/chi-siamo\/la-sede\/la-sede-consolare\/","title":{"rendered":"Die Konsularkanzlei"},"content":{"rendered":"<p>Das Geb\u00e4ude am Willadingweg 23 in Bern beherbergt die B\u00fcros der Konsularkanzlei der Botschaft. Gem\u00e4ss dem Wiener \u00dcbereinkommen \u00fcber konsularische Beziehungen vom 24. April 1963 bestehen die wichtigsten konsularischen Aufgaben der Botschaft unter anderem darin<\/p>\n<ul>\n<li>den Schutz der Interessen des italienischen Staates und seiner B\u00fcrger in der Schweiz, seien es nat\u00fcrliche oder juristische Personen zu gew\u00e4hrleisten<\/li>\n<li>die Ausstellung von P\u00e4ssen und Reisedokumenten f\u00fcr italienische Staatsb\u00fcrger sowie von Visa und entsprechenden Dokumenten f\u00fcr Personen, die nach Italien reisen m\u00f6chten, sicherzustellen<\/li>\n<li>Hilfe und Unterst\u00fctzung f\u00fcr italienische Staatsb\u00fcrger, ob nat\u00fcrliche oder juristische Personen, zu leisten;<\/li>\n<li>als Notar und Standesbeamter zu handeln und \u00e4hnliche Funktionen sowie bestimmte Verwaltungsfunktionen auszu\u00fcben<\/li>\n<li>Aus\u00fcbung von Kontroll- und Inspektionsrechten gegen\u00fcber in Italien registrierten See- und Flussschiffen und Flugzeugen sowie deren Besatzungen und Gew\u00e4hrung der erforderlichen Unterst\u00fctzung.<\/li>\n<\/ul>\n<p>\u00dcber die Konsularkanzlei bietet die Botschaft eine Reihe von konsularischen Dienstleistungen nach den Grunds\u00e4tzen der Gleichheit, Unparteilichkeit, Effizienz und Transparenz an.<\/p>\n<p>Der Schutz erstreckt sich beispielsweise auf Todesf\u00e4lle, Unf\u00e4lle, schwere Krankheiten, Festnahmen oder Inhaftierungen, Gewalttaten, Hilfe bei schweren Krisen (Naturkatastrophen, Unruhen, bewaffneten Konflikten usw.) und die Ausstellung von Notreisedokumenten bei Verlust oder Diebstahl eines Reisepasses.<\/p>\n<p>Gem\u00e4ss dem Gesetz Nr. 470 aus dem Jahr 1988 sind italienische Staatsb\u00fcrger, die sich l\u00e4nger als 12 Monate im Ausland aufhalten, verpflichtet, sich im A.I.R.E. (Anagrafe Italiani Residenti all&#8217;Estero-<span class=\"ILfuVd\" lang=\"de\"><span class=\"hgKElc\">Melderegister der im Ausland wohnhaften italienischen Staatsb\u00fcrger<\/span><\/span>) zu registrieren: Diese Registrierung muss formalisiert werden, bevor konsularische Dienstleistungen in Anspruch genommen werden k\u00f6nnen.<\/p>\n<p>Die Erbringung bestimmter Dienstleistungen unterliegt der \u00dcberpr\u00fcfung der ordnungsgem\u00e4\u00dfen Registrierung im A.I.R.E. (z.B.: f\u00fcr Identit\u00e4ts- und Reisedokumenten).<\/p>\n<p>In der konsularischen Vertretung in Bern steht sowohl ein digitales Totem zur Erhebung der Benutzerzufriedenheit, als auch ein &#8222;Register f\u00fcr Kommentare und Anregungen&#8220; zur Erfassung von Beschwerden, Beobachtungen und Vorschl\u00e4gen bez\u00fcglich der Erbringung konsularischer Dienstleistungen zur Verf\u00fcgung.<\/p>\n<p>&nbsp;<\/p>\n","protected":false},"excerpt":{"rendered":"Das Geb\u00e4ude am Willadingweg 23 in Bern beherbergt die B\u00fcros der Konsularkanzlei der Botschaft. Gem\u00e4ss dem Wiener \u00dcbereinkommen \u00fcber konsularische Beziehungen vom 24. April 1963 bestehen die wichtigsten konsularischen Aufgaben der Botschaft unter anderem darin den Schutz der Interessen des italienischen Staates und seiner B\u00fcrger in der Schweiz, seien es nat\u00fcrliche oder juristische Personen zu [&hellip;]","protected":false},"author":4,"featured_media":0,"parent":3766,"menu_order":0,"comment_status":"closed","ping_status":"closed","template":"","meta":{"footnotes":""},"class_list":["post-3795","page","type-page","status-publish","hentry"],"_links":{"self":[{"href":"https:\/\/ambberna.esteri.it\/de\/wp-json\/wp\/v2\/pages\/3795","targetHints":{"allow":["GET"]}}],"collection":[{"href":"https:\/\/ambberna.esteri.it\/de\/wp-json\/wp\/v2\/pages"}],"about":[{"href":"https:\/\/ambberna.esteri.it\/de\/wp-json\/wp\/v2\/types\/page"}],"author":[{"embeddable":true,"href":"https:\/\/ambberna.esteri.it\/de\/wp-json\/wp\/v2\/users\/4"}],"replies":[{"embeddable":true,"href":"https:\/\/ambberna.esteri.it\/de\/wp-json\/wp\/v2\/comments?post=3795"}],"version-history":[{"count":3,"href":"https:\/\/ambberna.esteri.it\/de\/wp-json\/wp\/v2\/pages\/3795\/revisions"}],"predecessor-version":[{"id":5192,"href":"https:\/\/ambberna.esteri.it\/de\/wp-json\/wp\/v2\/pages\/3795\/revisions\/5192"}],"up":[{"embeddable":true,"href":"https:\/\/ambberna.esteri.it\/de\/wp-json\/wp\/v2\/pages\/3766"}],"wp:attachment":[{"href":"https:\/\/ambberna.esteri.it\/de\/wp-json\/wp\/v2\/media?parent=3795"}],"curies":[{"name":"wp","href":"https:\/\/api.w.org\/{rel}","templated":true}]}}