{"id":3858,"date":"2023-06-19T15:46:00","date_gmt":"2023-06-19T13:46:00","guid":{"rendered":"https:\/\/ambberna.esteri.it\/chi-siamo\/la-sede\/la-sede-consolare\/sistema-di-pagamento-dei-servizi-consolari\/"},"modified":"2023-11-21T14:38:02","modified_gmt":"2023-11-21T12:38:02","slug":"sistema-di-pagamento-dei-servizi-consolari","status":"publish","type":"page","link":"https:\/\/ambberna.esteri.it\/de\/chi-siamo\/la-sede\/la-sede-consolare\/sistema-di-pagamento-dei-servizi-consolari\/","title":{"rendered":"Zahlungssystem f\u00fcr konsularische Dienstleistungen"},"content":{"rendered":"<p>Die Zahlung f\u00fcr konsularische Dienstleistungen kann auf folgende Weise erfolgen<\/p>\n<ul>\n<li>per <strong>Debitkarte<\/strong> (bevorzugt)<\/li>\n<li>in <strong>bar<\/strong> in der konsularischen Kanzlei (nur in Ausnahmef\u00e4llen)<\/li>\n<li>per <strong>Bank\u00fcberweisung<\/strong> (ohne Kommission der Empf\u00e4ngerbank) an:\n<ul>\n<li><strong>ITALIENISCHEN BOTSCHAFT &#8211; 3006 Bern<\/strong><br \/>\nBank: <strong>PostFinance &#8211; Kontonummer 31-710299-7 &#8211; Swift Code POFICHBEXXX<\/strong><br \/>\nIBAN: <strong>CH94 0900 0000 3171 02997<\/strong><\/li>\n<\/ul>\n<\/li>\n<li>per <strong>Postanweisung<\/strong> mit Einzahlung am Postschalter (mit einer vom Antragsteller zu zahlenden Geb\u00fchr, die sich nach der H\u00f6he des zu zahlenden Betrags richtet) an:\n<ul>\n<li><strong>ITALIENISCHE BOTSCHAFT &#8211; 3006 Bern<\/strong><br \/>\n<strong>CH94 0900 0000 3171 02997<\/strong><br \/>\nKontonummer: <strong>31-710299-7<\/strong><br \/>\nGrund der Zahlung: <strong>Angabe der gew\u00fcnschten Dienstleistung<\/strong><br \/>\nAuftraggeber: <strong>Name, Vorname und Adresse des Antragstellers<\/strong><\/li>\n<\/ul>\n<\/li>\n<\/ul>\n","protected":false},"excerpt":{"rendered":"Die Zahlung f\u00fcr konsularische Dienstleistungen kann auf folgende Weise erfolgen per Debitkarte (bevorzugt) in bar in der konsularischen Kanzlei (nur in Ausnahmef\u00e4llen) per Bank\u00fcberweisung (ohne Kommission der Empf\u00e4ngerbank) an: ITALIENISCHEN BOTSCHAFT &#8211; 3006 Bern Bank: PostFinance &#8211; Kontonummer 31-710299-7 &#8211; Swift Code POFICHBEXXX IBAN: CH94 0900 0000 3171 02997 per Postanweisung mit Einzahlung am Postschalter [&hellip;]","protected":false},"author":4,"featured_media":0,"parent":3795,"menu_order":0,"comment_status":"closed","ping_status":"closed","template":"","meta":{"footnotes":""},"class_list":["post-3858","page","type-page","status-publish","hentry"],"_links":{"self":[{"href":"https:\/\/ambberna.esteri.it\/de\/wp-json\/wp\/v2\/pages\/3858","targetHints":{"allow":["GET"]}}],"collection":[{"href":"https:\/\/ambberna.esteri.it\/de\/wp-json\/wp\/v2\/pages"}],"about":[{"href":"https:\/\/ambberna.esteri.it\/de\/wp-json\/wp\/v2\/types\/page"}],"author":[{"embeddable":true,"href":"https:\/\/ambberna.esteri.it\/de\/wp-json\/wp\/v2\/users\/4"}],"replies":[{"embeddable":true,"href":"https:\/\/ambberna.esteri.it\/de\/wp-json\/wp\/v2\/comments?post=3858"}],"version-history":[{"count":3,"href":"https:\/\/ambberna.esteri.it\/de\/wp-json\/wp\/v2\/pages\/3858\/revisions"}],"predecessor-version":[{"id":3937,"href":"https:\/\/ambberna.esteri.it\/de\/wp-json\/wp\/v2\/pages\/3858\/revisions\/3937"}],"up":[{"embeddable":true,"href":"https:\/\/ambberna.esteri.it\/de\/wp-json\/wp\/v2\/pages\/3795"}],"wp:attachment":[{"href":"https:\/\/ambberna.esteri.it\/de\/wp-json\/wp\/v2\/media?parent=3858"}],"curies":[{"name":"wp","href":"https:\/\/api.w.org\/{rel}","templated":true}]}}