{"id":3873,"date":"2023-04-11T18:01:19","date_gmt":"2023-04-11T16:01:19","guid":{"rendered":"https:\/\/ambberna.esteri.it\/chi-siamo\/gli-uffici\/"},"modified":"2026-01-05T13:10:05","modified_gmt":"2026-01-05T11:10:05","slug":"gli-uffici","status":"publish","type":"page","link":"https:\/\/ambberna.esteri.it\/de\/chi-siamo\/gli-uffici\/","title":{"rendered":"Die B\u00fcros"},"content":{"rendered":"<p><span style=\"color: #800000;\"><strong>Botschaft diplomatische Kanzlei<\/strong><\/span><br \/>\nElfenstrasse 14 &#8211;\u00a03006 Berna<br \/>\nTel.: +41 31 350 07 77<br \/>\nE-Mail: <a href=\"mailto:berna.ambasciata@esteri.it\">berna.ambasciata@esteri.it<\/a><br \/>\nPEC: <a href=\"mailto:amb.berna@cert.esteri.it\">amb.berna@cert.esteri.it<\/a><\/p>\n<p>&nbsp;<\/p>\n<p style=\"text-align: right;\"><strong>Stellvertretender Missionschef<br \/>\n<\/strong>Botschaftsr\u00e4tin <strong>Diana FORTE<\/strong><br \/>\nTel.: +41 31 350 07 77<br \/>\n<a href=\"mailto:berna.ambasciata@esteri.it\">berna.ambasciata@esteri.it<\/a><\/p>\n<p><strong>Presseamt<\/strong><br \/>\nTel.: +41 31 350 07 77<br \/>\n<a href=\"mailto:berna.stampa@esteri.it\">berna.stampa@esteri.it<\/a><\/p>\n<p>&nbsp;<\/p>\n<p>&nbsp;<\/p>\n<p style=\"text-align: right;\"><strong>Amt f\u00fcr Wirtschaft, Handel und Finanzen<br \/>\n<\/strong>Dr. <strong>Fabrizio GRASSO<\/strong><br \/>\nTel.: +41 31 350 07 77<br \/>\n<a href=\"mailto:berna.commerciale@esteri.it\">berna.commerciale@esteri.it<\/a><\/p>\n<p style=\"text-align: left;\"><strong>Verwaltung und Buchhaltung<br \/>\n<\/strong>Dr.<strong> Patrizia ANASTASIO<\/strong><br \/>\nTel.: +41 31 350 07 77<br \/>\n<a href=\"mailto:berna.amministrazione@esteri.it\">berna.amministrazione@esteri.it<\/a><\/p>\n<p><img decoding=\"async\" src=\"https:\/\/ambberna.esteri.it\/wp-content\/uploads\/2023\/06\/linea.jpg\" width=\"100%\" border=\"0\" \/><\/p>\n<p style=\"text-align: left;\"><span style=\"color: #800000;\"><strong>Konsularische Kanzlei der Botschaft<\/strong><\/span><br \/>\nWilladingweg 23 &#8211;\u00a03006 Berna<br \/>\nTel. (Telefonzentrale):\u00a0 \u00a0+41 31 390 10 10<br \/>\nTel. (Notruf): +41 79 670 79 31<br \/>\nE-Mail: <a href=\"mailto:berna.consolare@esteri.it\">berna.consolare@esteri.it<\/a><\/p>\n<p style=\"text-align: left;\"><strong>Leiter der konsularischen Kanzlei: Fiorenzo ZAMPINI<\/strong><br \/>\n<strong>Konsularbezirk:<\/strong>\u00a0Berna, Neuchatel, Friburgo<\/p>\n<p>&nbsp;<\/p>\n<p style=\"text-align: right;\"><strong>Schulsekretariat<\/strong><\/p>\n<p style=\"text-align: right;\">Schulmanager <strong>Giuseppe AUGELLO<\/strong><br \/>\nTel. konsularische Kanzlei in Bern: +41 31 390 10 17<br \/>\nTel. Konsulat in Basel: +41 61 690 98 58<br \/>\n<a href=\"mailto:ufficioscuola.basilea@esteri.it\">ufficioscuola.basilea@esteri.it<\/a><\/p>\n<p>&nbsp;<\/p>\n<p class=\"boxLevel03\" style=\"text-align: left;\" align=\"right\"><img decoding=\"async\" src=\"https:\/\/ambberna.esteri.it\/wp-content\/uploads\/2023\/06\/linea.jpg\" width=\"100%\" border=\"0\" \/><\/p>\n<p class=\"boxLevel03\" style=\"text-align: left;\" align=\"right\"><strong><span style=\"color: #800000;\">B\u00fcro der Agentur f\u00fcr Auslandsf\u00f6rderung und Internationalisierung der Unternehmen\u00a0 \u2013 ICE<\/span><br \/>\n<\/strong>Direktor<strong> Samuele PORSIA<\/strong><br \/>\nTel.: +41 31 555 02 10 | Fax: +39 06 892 80 907<br \/>\n<a href=\"mailto:berna@ice.it\">berna@ice.it<\/a><\/p>\n","protected":false},"excerpt":{"rendered":"Botschaft diplomatische Kanzlei Elfenstrasse 14 &#8211;\u00a03006 Berna Tel.: +41 31 350 07 77 E-Mail: berna.ambasciata@esteri.it PEC: amb.berna@cert.esteri.it &nbsp; Stellvertretender Missionschef Botschaftsr\u00e4tin Diana FORTE Tel.: +41 31 350 07 77 berna.ambasciata@esteri.it Presseamt Tel.: +41 31 350 07 77 berna.stampa@esteri.it &nbsp; &nbsp; Amt f\u00fcr Wirtschaft, Handel und Finanzen Dr. Fabrizio GRASSO Tel.: +41 31 350 07 77 [&hellip;]","protected":false},"author":1,"featured_media":0,"parent":3751,"menu_order":4,"comment_status":"closed","ping_status":"closed","template":"","meta":{"footnotes":""},"class_list":["post-3873","page","type-page","status-publish","hentry"],"_links":{"self":[{"href":"https:\/\/ambberna.esteri.it\/de\/wp-json\/wp\/v2\/pages\/3873","targetHints":{"allow":["GET"]}}],"collection":[{"href":"https:\/\/ambberna.esteri.it\/de\/wp-json\/wp\/v2\/pages"}],"about":[{"href":"https:\/\/ambberna.esteri.it\/de\/wp-json\/wp\/v2\/types\/page"}],"author":[{"embeddable":true,"href":"https:\/\/ambberna.esteri.it\/de\/wp-json\/wp\/v2\/users\/1"}],"replies":[{"embeddable":true,"href":"https:\/\/ambberna.esteri.it\/de\/wp-json\/wp\/v2\/comments?post=3873"}],"version-history":[{"count":7,"href":"https:\/\/ambberna.esteri.it\/de\/wp-json\/wp\/v2\/pages\/3873\/revisions"}],"predecessor-version":[{"id":8472,"href":"https:\/\/ambberna.esteri.it\/de\/wp-json\/wp\/v2\/pages\/3873\/revisions\/8472"}],"up":[{"embeddable":true,"href":"https:\/\/ambberna.esteri.it\/de\/wp-json\/wp\/v2\/pages\/3751"}],"wp:attachment":[{"href":"https:\/\/ambberna.esteri.it\/de\/wp-json\/wp\/v2\/media?parent=3873"}],"curies":[{"name":"wp","href":"https:\/\/api.w.org\/{rel}","templated":true}]}}