{"id":3884,"date":"2023-04-11T18:07:19","date_gmt":"2023-04-11T16:07:19","guid":{"rendered":"https:\/\/ambberna.esteri.it\/chi-siamo\/numeri-di-emergenza\/"},"modified":"2023-12-05T15:56:01","modified_gmt":"2023-12-05T13:56:01","slug":"numeri-di-emergenza","status":"publish","type":"page","link":"https:\/\/ambberna.esteri.it\/de\/chi-siamo\/numeri-di-emergenza\/","title":{"rendered":"Notfallnummern"},"content":{"rendered":"<p><span style=\"color: #e67e22;\">Aus der Schweiz:\u00a0 <strong>\u00a0079 670 79 31<\/strong><\/span><br \/>\n<span style=\"color: #e67e22;\">Aus dem Ausland: <strong>0041 79 670 79 31<\/strong><\/span><\/p>\n<p><strong>Die Nummer ist werktags von 16:00 bis 22:00 Uhr und an Feiertagen von 09:00 bis 21:00 Uhr erreichbar.<\/strong><\/p>\n<p>Der Bereitschaftsdienst der konsularischen Kanzlei der Italienischen Botschaft in Bern bezieht sich ausschliesslich auf echte Notf\u00e4lle (d. h. auf unvorhersehbare und offensichtlich schwerwiegende Ereignisse), die nicht auf die normalen B\u00fcro\u00f6ffnungszeiten verschoben werden k\u00f6nnen und die das Eingreifen der Konsularbeh\u00f6rden in den Kantonen Bern, Freiburg und Neuenburg erfordern.<\/p>\n<p><strong>ACHTUNG<\/strong>: Bei Notf\u00e4llen in anderen Kantonen wenden Sie sich bitte direkt an die Nummer Ihres <a href=\"https:\/\/ambberna.esteri.it\/chi-siamo\/la-rete-consolare\/\"><span style=\"text-decoration: underline;\">Referenzkonsulats<\/span><\/a>.<\/p>\n<p>In ABSOLUTEN NOTF\u00c4LLEN ausserhalb der \u00d6ffnungszeiten oder des Bereitschaftsdienstes k\u00f6nnen Sie sich an die beiden folgenden Nummern des Ministeriums f\u00fcr ausw\u00e4rtige Angelegenheiten und Internationale Zusammenarbeit wenden<\/p>\n<p>&#8211; Ministerium f\u00fcr Ausw\u00e4rtige Angelegenheiten und Internationale Zusammenarbeit (MAECI) Diensthabender Beamter: 0039 06 3691 2666<\/p>\n<p>&#8211; MAECI-Krisenstab: 0039 06 36225<\/p>\n","protected":false},"excerpt":{"rendered":"Aus der Schweiz:\u00a0 \u00a0079 670 79 31 Aus dem Ausland: 0041 79 670 79 31 Die Nummer ist werktags von 16:00 bis 22:00 Uhr und an Feiertagen von 09:00 bis 21:00 Uhr erreichbar. Der Bereitschaftsdienst der konsularischen Kanzlei der Italienischen Botschaft in Bern bezieht sich ausschliesslich auf echte Notf\u00e4lle (d. h. auf unvorhersehbare und offensichtlich [&hellip;]","protected":false},"author":1,"featured_media":0,"parent":3751,"menu_order":6,"comment_status":"closed","ping_status":"closed","template":"","meta":{"footnotes":""},"class_list":["post-3884","page","type-page","status-publish","hentry"],"_links":{"self":[{"href":"https:\/\/ambberna.esteri.it\/de\/wp-json\/wp\/v2\/pages\/3884","targetHints":{"allow":["GET"]}}],"collection":[{"href":"https:\/\/ambberna.esteri.it\/de\/wp-json\/wp\/v2\/pages"}],"about":[{"href":"https:\/\/ambberna.esteri.it\/de\/wp-json\/wp\/v2\/types\/page"}],"author":[{"embeddable":true,"href":"https:\/\/ambberna.esteri.it\/de\/wp-json\/wp\/v2\/users\/1"}],"replies":[{"embeddable":true,"href":"https:\/\/ambberna.esteri.it\/de\/wp-json\/wp\/v2\/comments?post=3884"}],"version-history":[{"count":3,"href":"https:\/\/ambberna.esteri.it\/de\/wp-json\/wp\/v2\/pages\/3884\/revisions"}],"predecessor-version":[{"id":5199,"href":"https:\/\/ambberna.esteri.it\/de\/wp-json\/wp\/v2\/pages\/3884\/revisions\/5199"}],"up":[{"embeddable":true,"href":"https:\/\/ambberna.esteri.it\/de\/wp-json\/wp\/v2\/pages\/3751"}],"wp:attachment":[{"href":"https:\/\/ambberna.esteri.it\/de\/wp-json\/wp\/v2\/media?parent=3884"}],"curies":[{"name":"wp","href":"https:\/\/api.w.org\/{rel}","templated":true}]}}