{"id":3896,"date":"2023-04-11T18:08:31","date_gmt":"2023-04-11T16:08:31","guid":{"rendered":"https:\/\/ambberna.esteri.it\/chi-siamo\/la-rete-consolare\/"},"modified":"2026-02-11T11:23:17","modified_gmt":"2026-02-11T09:23:17","slug":"la-rete-consolare","status":"publish","type":"page","link":"https:\/\/ambberna.esteri.it\/de\/chi-siamo\/la-rete-consolare\/","title":{"rendered":"Das konsularische Netz"},"content":{"rendered":"<p>&nbsp;<\/p>\n<p><a href=\"https:\/\/www.esteri.it\/it\/ministero\/struttura\/laretediplomatica\/\"><span style=\"text-decoration: underline;\"><strong>Italienische diplomatische Vertretungen im Ausland<\/strong><\/span><\/a><\/p>\n<p>&nbsp;<\/p>\n<p>&nbsp;<\/p>\n<p>&nbsp;<\/p>\n<p><a href=\"https:\/\/consbasilea.esteri.it\/\"><strong><span style=\"text-decoration: underline;\">Italienisches Konsulat in Basel<\/span><\/strong><\/a><br \/>\nSchaffhauserrheinweg 5 &#8211; 4058 Basel<br \/>\nTel. (Telefonzentrale): +41 61 689 96 26<br \/>\nTel. (Notruf): +41 79 622 62 61<br \/>\nE-Mail: <a href=\"mailto:segreteria.basilea@esteri.it\">segreteria.basilea@esteri.it<\/a><\/p>\n<p><strong>Konsul:<\/strong> Eugenia Tiziana Berti<br \/>\n<strong>Konsularbezirk:<\/strong> Aargau, Basel-Stadt\/-Land, Jura, Solothurn<\/p>\n<p>&nbsp;<\/p>\n<p>&nbsp;<\/p>\n<p><a href=\"https:\/\/ambberna.esteri.it\/chi-siamo\/la-sede\/la-sede-consolare\/\"><span style=\"text-decoration: underline;\"><strong>Konsularische Kanzlei der Botschaft in Bern<\/strong><\/span><\/a><br \/>\nWilladingweg 23 &#8211; 3006 Bern<br \/>\nTel. (Telefonzentrale): +41 31 390 10 10<br \/>\nTel. (Notruf): +41 79 670 79 31<br \/>\nE-Mail: <a href=\"mailto:berna.consolare@esteri.it\">berna.consolare@esteri.it<\/a><\/p>\n<p><strong>Leiter der Konsularischen Kanzlei:<\/strong> Fiorenzo ZAMPINI<br \/>\n<strong>Konsularbezirk:<\/strong> Bern, Neuenburg, Freiburg<\/p>\n<p>&nbsp;<\/p>\n<p>&nbsp;<\/p>\n<p><a href=\"https:\/\/consginevra.esteri.it\/it\/\"><span style=\"text-decoration: underline;\"><strong>Italienisches Generalkonsulat in Genf<\/strong><\/span><\/a><br \/>\n14, Rue Charles Galland &#8211; 1206 Genf<br \/>\nTel. (Telefonzentrale): +41 22 839 67 44<br \/>\nTel. (Notruf): +41 79 325 39 78<br \/>\nE-Mail: <a href=\"mailto:consolato.ginevra@esteri.it\">consolato.ginevra@esteri.it<\/a><\/p>\n<p><strong>Generalkonsul:<\/strong> Tomaso Pietro MARCHEGIANI<br \/>\n<strong>Konsularbezirk:<\/strong> Genf, Waadt, Wallis<\/p>\n<p>&nbsp;<\/p>\n<p><a title=\"Vai al sito del Consolato di Lugano. Attenzione! Questo link apre un sito esterno\" href=\"https:\/\/conslugano.esteri.it\/\"><strong>Italienisches Generalkonsulat in Lugano<\/strong><\/a><br \/>\nVia Ferruccio Pelli 16 &#8211;\u00a06900 Lugano<br \/>\nTel. (Telefonzentrale): +41 91 913 30 50<br \/>\nTel. (Notruf): +41 79 670 91 66<br \/>\nE-Mail: <a href=\"mailto:consolato.lugano@esteri.it\">consolato.lugano@esteri.it<\/a><\/p>\n<p><strong>Generalkonsul:<\/strong> Gabriele MEUCCI<br \/>\n<strong>Konsularbezirk:<\/strong> Tessin<\/p>\n<p>&nbsp;<\/p>\n<p><a title=\"Vai al sito del Consolato di Zurigo. Attenzione! Questo link apre un sito esterno\" href=\"https:\/\/conszurigo.esteri.it\/\"><strong>Italienisches Generalkonsulat in Z\u00fcrich<\/strong><\/a><br \/>\nT\u00f6distrasse 65 &#8211; 8002 Z\u00fcrich<br \/>\nTel. (Telefonzentrale): +41 44 286 61 11<br \/>\nTel. (Notruf): +41 79 675 32 71<br \/>\nE-Mail: <a href=\"mailto:segreteria.zurigo@esteri.it\">segreteria.zurigo@esteri.it<\/a><\/p>\n<p><strong>Generalkonsul:<\/strong> Gabriele ALTANA<br \/>\n<strong>Konsularbezirk:<\/strong> Glarus, Luzern, Schaffhausen, Obwalden, Nidwalden, Schwyz, Uri, Zug, Z\u00fcrich, Appenzell Inner-\/Ausserrhoden, Graub\u00fcnden, St. Gallen, Thurgau. Das Generalkonsulat ist ebenfalls f\u00fcr das F\u00fcrstentum Liechtenstein zust\u00e4ndig.<\/p>\n","protected":false},"excerpt":{"rendered":"&nbsp; Italienische diplomatische Vertretungen im Ausland &nbsp; &nbsp; &nbsp; Italienisches Konsulat in Basel Schaffhauserrheinweg 5 &#8211; 4058 Basel Tel. (Telefonzentrale): +41 61 689 96 26 Tel. (Notruf): +41 79 622 62 61 E-Mail: segreteria.basilea@esteri.it Konsul: Eugenia Tiziana Berti Konsularbezirk: Aargau, Basel-Stadt\/-Land, Jura, Solothurn &nbsp; &nbsp; Konsularische Kanzlei der Botschaft in Bern Willadingweg 23 &#8211; 3006 [&hellip;]","protected":false},"author":1,"featured_media":0,"parent":3751,"menu_order":8,"comment_status":"closed","ping_status":"closed","template":"","meta":{"footnotes":""},"class_list":["post-3896","page","type-page","status-publish","hentry"],"_links":{"self":[{"href":"https:\/\/ambberna.esteri.it\/de\/wp-json\/wp\/v2\/pages\/3896","targetHints":{"allow":["GET"]}}],"collection":[{"href":"https:\/\/ambberna.esteri.it\/de\/wp-json\/wp\/v2\/pages"}],"about":[{"href":"https:\/\/ambberna.esteri.it\/de\/wp-json\/wp\/v2\/types\/page"}],"author":[{"embeddable":true,"href":"https:\/\/ambberna.esteri.it\/de\/wp-json\/wp\/v2\/users\/1"}],"replies":[{"embeddable":true,"href":"https:\/\/ambberna.esteri.it\/de\/wp-json\/wp\/v2\/comments?post=3896"}],"version-history":[{"count":7,"href":"https:\/\/ambberna.esteri.it\/de\/wp-json\/wp\/v2\/pages\/3896\/revisions"}],"predecessor-version":[{"id":8607,"href":"https:\/\/ambberna.esteri.it\/de\/wp-json\/wp\/v2\/pages\/3896\/revisions\/8607"}],"up":[{"embeddable":true,"href":"https:\/\/ambberna.esteri.it\/de\/wp-json\/wp\/v2\/pages\/3751"}],"wp:attachment":[{"href":"https:\/\/ambberna.esteri.it\/de\/wp-json\/wp\/v2\/media?parent=3896"}],"curies":[{"name":"wp","href":"https:\/\/api.w.org\/{rel}","templated":true}]}}