{"id":3941,"date":"2023-04-11T18:10:30","date_gmt":"2023-04-11T16:10:30","guid":{"rendered":"https:\/\/ambberna.esteri.it\/italia-e-svizzera\/diplomazia-economica\/"},"modified":"2025-04-14T10:54:50","modified_gmt":"2025-04-14T08:54:50","slug":"diplomazia-economica","status":"publish","type":"page","link":"https:\/\/ambberna.esteri.it\/de\/italia-e-svizzera\/diplomazia-economica\/","title":{"rendered":"Wirtschaftliche Diplomatie"},"content":{"rendered":"<p>Die Wirtschaftsbeziehungen sind das Flaggschiff der bilateralen Beziehungen zwischen Italien und der Schweiz. Im Jahr 2024 betrug der Handel 45,8 Milliarden Euro (-5,4 % gegen\u00fcber 2023). Die Handelsbilanz war mit 14,45 Milliarden Euro positiv und verzeichnete einen Anstieg von 14,5 Prozent. Im selben Jahr war Italien der zweitgr\u00f6\u00dfte Lieferant und der f\u00fcnftgr\u00f6\u00dfte Handelspartner der Schweiz. Auch im Jahr 2024 verzeichnete der Handel einen weiteren R\u00fcckgang, wobei sowohl die Exporte (-1 %) als auch die Importe (-12,8 %) zur\u00fcckgingen.<\/p>\n<p>Im Investitionsbereich best\u00e4tigt sich der Bund als einer der wichtigsten Partner unseres Landes. Nach Angaben der Bank von Italien belief sich der gesamte Nettobestand an ausl\u00e4ndischen Direktinvestitionen im Jahr 2023 (neueste verf\u00fcgbare Daten) auf \u00fcber 35 Milliarden Euro, wobei insbesondere in den Innovations- und Hochtechnologiesektoren eine interessante Dynamik zu verzeichnen war. Im selben Jahr beliefen sich die italienischen Nettoinvestitionen in der Schweiz auf 1,5 Milliarden Euro, w\u00e4hrend die Schweizer Investitionen in Italien bei rund 2,4 Milliarden lagen. In der Schweiz sind 861 italienische Unternehmen vertreten, die 23.000 Arbeitnehmer besch\u00e4ftigen und einen Jahresumsatz von 12 Milliarden Euro erzielen. In Italien sind 1.466 Schweizer Unternehmen ans\u00e4ssig, die 138.000 Arbeitnehmer besch\u00e4ftigen und einen Gesamtumsatz von rund 40 Milliarden Euro erzielen.<\/p>\n<p>Die bilaterale wirtschaftliche Zusammenarbeit kommt auch in der entscheidenden Rolle zum Ausdruck, die die italienischen Grenzg\u00e4nger spielen, die jeden Tag die Grenze \u00fcberschreiten und einen wichtigen Beitrag zur Produktion und Entwicklung der Nachbarregionen leisten. Am 1. Januar 2024 wird das am 23. Dezember 2020 unterzeichnete Abkommen \u00fcber die steuerliche Behandlung von Grenzg\u00e4ngern (insgesamt arbeiten mehr als 85.000 italienische Grenzg\u00e4nger in der Schweiz) in Kraft treten. Dieses Abkommen, das die Doppelbesteuerung vermeiden soll, ersetzt die steuerliche Behandlung der italienischen Grenzg\u00e4nger auf der Grundlage des vorherigen Abkommens von 1974. Mit dem neuen Abkommen, dessen Ratifizierungsprozess im Juli 2023 abgeschlossen wurde, ist vorgesehen, dass die &#8222;neuen Grenzg\u00e4nger&#8220; im Rahmen einer konkurrierenden Regelung auch in Italien besteuert werden und dass die schweizerische Steuerregelung f\u00fcr die &#8222;derzeitigen Grenzg\u00e4nger&#8220; beibehalten wird, wobei die Zahlung von Schweizer \u00dcberweisungen nach Italien zun\u00e4chst reduziert und dann (nach 15 Jahren) eingestellt wird. Dar\u00fcber hinaus werden Grenzg\u00e4nger, die im Zeitraum vom 31. Dezember 2018 bis zum 17. Juli 2023 in Graub\u00fcnden, im Tessin und im Wallis arbeiten oder gearbeitet haben, im Rahmen einer vorl\u00e4ufigen Regelung ausschlie\u00dflich in der Schweiz besteuert, die den italienischen Grenzgemeinden bis 2033 einen finanziellen Ausgleich in H\u00f6he von 40 Prozent der an der Quelle erhobenen Steuer zahlt.<\/p>\n<p>Die derzeitige Phase grosser Dynamik in den bilateralen Wirtschaftsbeziehungen profitiert auch von weiteren technischen bilateralen und grenz\u00fcberschreitenden Kooperationsabkommen, die von den beiden L\u00e4ndern in den letzten zwei Jahren unterzeichnet wurden. Zu den wichtigsten geh\u00f6ren die Abkommen \u00fcber die Entwicklung der Eisenbahninfrastruktur (das eine \u00fcber den Ausbau der L\u00f6tschberg-Simplon-Achse, das am 3. September 2020 unterzeichnet wurde, und das andere \u00fcber den Ausbau der Eisenbahninfrastruktur bis 2035, um den \u00dcbergang von der Strasse auf die Schiene zu erleichtern, das am 6. Juli 2023 in Rom unterzeichnet wurde); das am 18. Dezember 2020 unterzeichnete Abkommen \u00fcber die gegenseitige Anerkennung radiometrischer Kontrollen von zur Ausfuhr bestimmten Metallerzeugnissen; die Streichung der Schweiz von der Liste in D. M. MEF vom 4. Mai 1999, in der die schwarze Liste nat\u00fcrlicher Personen aufgef\u00fchrt ist, mit der die fiktive Auswanderung ins Ausland zu Steuerzwecken von in Italien ans\u00e4ssigen Personen bek\u00e4mpft werden soll.<\/p>\n<p>Die Wirtschafts-, Handels- und Finanzabteilung der Botschaft f\u00f6rdert die Intensivierung des bilateralen Handels und koordiniert zu diesem Zweck die institutionellen Subjekte, die in unterschiedlichen Funktionen und je nach ihren Besonderheiten und Kompetenzen im Dienste der B\u00fcrger und Unternehmen stehen: das italienische diplomatisch-konsularische Netz in der Schweiz, die Agentur ITA\/ICE (Institut f\u00fcr Aussenhandel), die Agentur ENIT (<span class=\"ILfuVd\" lang=\"de\"><span class=\"hgKElc\">Italienische Zentrale f\u00fcr Tourismus<\/span><\/span>), das Italienische Kulturinstitut in Z\u00fcrich, das B\u00fcro des Wissenschafts- und Technologieattach\u00e9s und die Italienische Handelskammer f\u00fcr die Schweiz. Gemeinsam setzen sie sich daf\u00fcr ein, Italien in seinen wirtschaftlichen, kulturellen und wissenschaftlichen Komponenten aus einer integrierten Perspektive zu f\u00f6rdern, und zwar gem\u00e4ss den folgenden strategischen Zielen, von denen sich die Wirtschaftsdiplomatie t\u00e4glich leiten l\u00e4sst<\/p>\n<ul>\n<li>Unterst\u00fctzung der Unternehmen bei ihrer kommerziellen Durchdringung und der Konsolidierung ihrer Marktanteile in der Schweiz;<\/li>\n<li>Unterst\u00fctzung der internationalen Aktivit\u00e4ten der Gebietsk\u00f6rperschaften unter besonderer Ber\u00fccksichtigung der grenz\u00fcberschreitenden Zusammenarbeit;<\/li>\n<li>Anziehung von produktiven Investitionen, Touristenstr\u00f6men und Forschung aus der Schweiz nach Italien.<\/li>\n<\/ul>\n<p>&nbsp;<\/p>\n<p>Einige Websites von Interesse:<\/p>\n<ul>\n<li><a href=\"http:\/\/www.infomercatiesteri.it\/index.php\">InfoMercatiEsteri<\/a><\/li>\n<li><a href=\"https:\/\/nexus.esteri.it\/\">NEXUS<\/a><\/li>\n<li><a href=\"https:\/\/extender.esteri.it\/Sitonew\/chi-siamo.asp\">Extender<\/a><\/li>\n<\/ul>\n<p>&nbsp;<\/p>\n<p><strong>Enterprise Europe Network<\/strong> <a href=\"https:\/\/een.ec.europa.eu\/\">https:\/\/een.ec.europa.eu\/<\/a><br \/>\n<strong>Svizzera<\/strong> <a href=\"https:\/\/www.swisseen.ch\/en\/\">https:\/\/www.swisseen.ch\/en\/<\/a><\/p>\n<p><strong>Market Access Database\u00a0<\/strong><a href=\"https:\/\/trade.ec.europa.eu\/access-to-markets\">https:\/\/trade.ec.europa.eu\/access-to-markets<\/a><br \/>\n<strong>Svizzera<\/strong> <a href=\"https:\/\/ec.europa.eu\/trade\/policy\/countries-and-regions\/countries\/switzerland\/\">https:\/\/ec.europa.eu\/trade\/policy\/countries-and-regions\/countries\/switzerland\/<\/a><\/p>\n<p><strong>Trade Helpdesk<\/strong> <a href=\"https:\/\/trade.ec.europa.eu\/access-to-markets\/en\/content\/welcome-access2markets-trade-helpdesk-users\">https:\/\/trade.ec.europa.eu\/access-to-markets\/en\/content\/welcome-access2markets-trade-helpdesk-users<\/a><\/p>\n<p><strong><br \/>\nInformation portal on promotion of agricultural products (REA)\u00a0<\/strong><a href=\"https:\/\/ec.europa.eu\/chafea\/agri\/\">https:\/\/ec.europa.eu\/chafea\/agri\/<\/a>\u00a0<a href=\"https:\/\/ec.europa.eu\/chafea\/documents\/agri\/09-agri-portal_en.pdf\"><br \/>\n<\/a><\/p>\n","protected":false},"excerpt":{"rendered":"Die Wirtschaftsbeziehungen sind das Flaggschiff der bilateralen Beziehungen zwischen Italien und der Schweiz. Im Jahr 2024 betrug der Handel 45,8 Milliarden Euro (-5,4 % gegen\u00fcber 2023). Die Handelsbilanz war mit 14,45 Milliarden Euro positiv und verzeichnete einen Anstieg von 14,5 Prozent. Im selben Jahr war Italien der zweitgr\u00f6\u00dfte Lieferant und der f\u00fcnftgr\u00f6\u00dfte Handelspartner der Schweiz. [&hellip;]","protected":false},"author":1,"featured_media":0,"parent":3910,"menu_order":1,"comment_status":"closed","ping_status":"closed","template":"","meta":{"footnotes":""},"class_list":["post-3941","page","type-page","status-publish","hentry"],"_links":{"self":[{"href":"https:\/\/ambberna.esteri.it\/de\/wp-json\/wp\/v2\/pages\/3941","targetHints":{"allow":["GET"]}}],"collection":[{"href":"https:\/\/ambberna.esteri.it\/de\/wp-json\/wp\/v2\/pages"}],"about":[{"href":"https:\/\/ambberna.esteri.it\/de\/wp-json\/wp\/v2\/types\/page"}],"author":[{"embeddable":true,"href":"https:\/\/ambberna.esteri.it\/de\/wp-json\/wp\/v2\/users\/1"}],"replies":[{"embeddable":true,"href":"https:\/\/ambberna.esteri.it\/de\/wp-json\/wp\/v2\/comments?post=3941"}],"version-history":[{"count":6,"href":"https:\/\/ambberna.esteri.it\/de\/wp-json\/wp\/v2\/pages\/3941\/revisions"}],"predecessor-version":[{"id":7785,"href":"https:\/\/ambberna.esteri.it\/de\/wp-json\/wp\/v2\/pages\/3941\/revisions\/7785"}],"up":[{"embeddable":true,"href":"https:\/\/ambberna.esteri.it\/de\/wp-json\/wp\/v2\/pages\/3910"}],"wp:attachment":[{"href":"https:\/\/ambberna.esteri.it\/de\/wp-json\/wp\/v2\/media?parent=3941"}],"curies":[{"name":"wp","href":"https:\/\/api.w.org\/{rel}","templated":true}]}}