{"id":3949,"date":"2023-04-11T18:10:45","date_gmt":"2023-04-11T16:10:45","guid":{"rendered":"https:\/\/ambberna.esteri.it\/italia-e-svizzera\/diplomazia-culturale\/"},"modified":"2023-12-06T15:55:14","modified_gmt":"2023-12-06T13:55:14","slug":"diplomazia-culturale","status":"publish","type":"page","link":"https:\/\/ambberna.esteri.it\/de\/italia-e-svizzera\/diplomazia-culturale\/","title":{"rendered":"Kulturelle Diplomatie"},"content":{"rendered":"<p>Die kulturellen Beziehungen zwischen Italien und der Schweiz bestehen seit langem und entwickeln sich st\u00e4ndig weiter. Sie st\u00fctzen sich auf ein gut gegliedertes Netz von Kooperationen zwischen Verwaltungen, Universit\u00e4ten, Forschungsinstituten, Kultureinrichtungen, Verb\u00e4nden, Schulen und Unternehmen der beiden L\u00e4nder. Diese Kooperationen hat das <a href=\"https:\/\/www.esteri.it\/en\/diplomazia-culturale-e-diplomazia-scientifica\/cultura\/\"><span style=\"text-decoration: underline;\">diplomatische Netz<\/span><\/a> im Laufe der Jahre aufgebaut und konsolidiert. Ein starker Impuls zur Vertiefung der kulturellen Beziehungen geht auch von der grossen und qualifizierten Gemeinschaft von Schweizer B\u00fcrgern italienischer Herkunft aus.<\/p>\n<p>Die Aktivit\u00e4ten der kulturellen Zusammenarbeit, die von der Botschaft in Bern koordiniert werden, k\u00f6nnen sich auf das italienische diplomatisch-konsularische Netz in der Schweiz und das <a href=\"https:\/\/iiczurigo.esteri.it\/de\/\"><span style=\"text-decoration: underline;\">Italienische Kulturinstitut<\/span> <\/a>in Z\u00fcrich st\u00fctzen. Zusammen mit Schulen, Lehrst\u00fchlen und Forschungszentren bilden sie ein reichhaltiges Netz von Instrumenten zur F\u00f6rderung der italienischen Kultur und Sprache in einem Land wie der Schweiz, in dem Italienisch eine der Landessprachen ist.<\/p>\n<p>Jedes Jahr organisieren die Botschaft und das gesamte diplomatisch-konsularische Netzwerk Veranstaltungen, die der Kultur, Sprache und Wissenschaft unseres Landes gewidmet sind. Dazu geh\u00f6ren die Wochen der K\u00fcche und der Sprache, Filmfestivals, der &#8222;Tag des Designs&#8220;, Ausstellungen, Konzerte und Konferenzen in den verschiedenen St\u00e4dten und Kantonen.<\/p>\n<p>Eine der acht italienischen Auslandsschulen, die &#8222;Casa d&#8217;Italia&#8220;, ist in Z\u00fcrich t\u00e4tig. Dar\u00fcber hinaus gibt es f\u00fcnf italienische Gemeindeschulen, sieben Tr\u00e4gerschaften und 21 Dante-Alighieri-Komitees in der Schweiz.<\/p>\n<p>Die Kulturabteilung der Italienischen Botschaft in Bern tr\u00e4gt mit einer ganzen Reihe von Aktivit\u00e4ten in den Bereichen Sprachf\u00f6rderung, Schutz des kulturellen, filmischen und audiovisuellen, literarischen, musikalischen und k\u00fcnstlerischen Erbes zur St\u00e4rkung der kulturellen Beziehungen zwischen den beiden L\u00e4ndern bei:<\/p>\n<ul>\n<li>Sie legt j\u00e4hrlich in Zusammenarbeit mit dem Italienischen Kulturinstitut in Z\u00fcrich und dem konsularischen Netzwerk die Richtlinien f\u00fcr die Programmierung von kulturellen Veranstaltungen fest;<\/li>\n<li>Sie erleichtert die Zusammenarbeit und die Vernetzung zwischen den verschiedenen \u00f6ffentlichen Kultureinrichtungen in den beiden L\u00e4ndern;<\/li>\n<li>Sie pflegt die Beziehungen zu den italienischen Kulturinstitutionen in der Schweiz und zu den schweizerischen Kulturinstitutionen auf Bundes- und Kantonsebene, mit denen sie bei sparten\u00fcbergreifenden Aktivit\u00e4ten zusammenarbeitet.<\/li>\n<\/ul>\n<p>&nbsp;<\/p>\n<p><strong>Bilaterale Abkommen<\/strong><\/p>\n<p>Mit dem am 28. Januar 1982 in Bern unterzeichneten Kulturprotokoll zwischen Italien und der Schweiz wurde eine &#8222;Beratende italienisch-schweizerische Kulturkommission&#8220; (allgemein als &#8222;Consulta&#8220; bezeichnet) eingesetzt, die abwechselnd in der Schweiz und in Italien tagt. Die Schlussfolgerungen der einzelnen Sitzungen dienen als kulturelles Exekutivprogramm. Die letzte, die 24., fand am 15. September 2017 in Lugano statt.<\/p>\n<p>&nbsp;<\/p>\n<p>Ausgangspunkte f\u00fcr eine Entdeckungsreise durch Italien sind:<\/p>\n<ul>\n<li>Facebook: <span style=\"text-decoration: underline;\"><a href=\"https:\/\/www.facebook.com\/ItalianEmbassyInSwitzerland\">ItalyinCH<\/a><\/span><\/li>\n<li>Twitter: <a href=\"https:\/\/twitter.com\/ItalyinCH\"><span style=\"text-decoration: underline;\">@ItalyinCH<\/span><\/a><\/li>\n<li>Flickr: <a href=\"https:\/\/www.flickr.com\/photos\/ambasciataberna\"><span style=\"text-decoration: underline;\">AmbasciataBerna<\/span><\/a><\/li>\n<\/ul>\n","protected":false},"excerpt":{"rendered":"Die kulturellen Beziehungen zwischen Italien und der Schweiz bestehen seit langem und entwickeln sich st\u00e4ndig weiter. Sie st\u00fctzen sich auf ein gut gegliedertes Netz von Kooperationen zwischen Verwaltungen, Universit\u00e4ten, Forschungsinstituten, Kultureinrichtungen, Verb\u00e4nden, Schulen und Unternehmen der beiden L\u00e4nder. Diese Kooperationen hat das diplomatische Netz im Laufe der Jahre aufgebaut und konsolidiert. Ein starker Impuls zur [&hellip;]","protected":false},"author":1,"featured_media":0,"parent":3910,"menu_order":2,"comment_status":"closed","ping_status":"closed","template":"","meta":{"footnotes":""},"class_list":["post-3949","page","type-page","status-publish","hentry"],"_links":{"self":[{"href":"https:\/\/ambberna.esteri.it\/de\/wp-json\/wp\/v2\/pages\/3949","targetHints":{"allow":["GET"]}}],"collection":[{"href":"https:\/\/ambberna.esteri.it\/de\/wp-json\/wp\/v2\/pages"}],"about":[{"href":"https:\/\/ambberna.esteri.it\/de\/wp-json\/wp\/v2\/types\/page"}],"author":[{"embeddable":true,"href":"https:\/\/ambberna.esteri.it\/de\/wp-json\/wp\/v2\/users\/1"}],"replies":[{"embeddable":true,"href":"https:\/\/ambberna.esteri.it\/de\/wp-json\/wp\/v2\/comments?post=3949"}],"version-history":[{"count":6,"href":"https:\/\/ambberna.esteri.it\/de\/wp-json\/wp\/v2\/pages\/3949\/revisions"}],"predecessor-version":[{"id":5259,"href":"https:\/\/ambberna.esteri.it\/de\/wp-json\/wp\/v2\/pages\/3949\/revisions\/5259"}],"up":[{"embeddable":true,"href":"https:\/\/ambberna.esteri.it\/de\/wp-json\/wp\/v2\/pages\/3910"}],"wp:attachment":[{"href":"https:\/\/ambberna.esteri.it\/de\/wp-json\/wp\/v2\/media?parent=3949"}],"curies":[{"name":"wp","href":"https:\/\/api.w.org\/{rel}","templated":true}]}}