{"id":3954,"date":"2023-04-11T18:10:55","date_gmt":"2023-04-11T16:10:55","guid":{"rendered":"https:\/\/ambberna.esteri.it\/italia-e-svizzera\/diplomazia-scientifica\/"},"modified":"2024-06-27T17:23:19","modified_gmt":"2024-06-27T15:23:19","slug":"diplomazia-scientifica","status":"publish","type":"page","link":"https:\/\/ambberna.esteri.it\/de\/italia-e-svizzera\/diplomazia-scientifica\/","title":{"rendered":"Wissenschaftliche Diplomatie"},"content":{"rendered":"<p style=\"text-align: right;\"><a href=\"https:\/\/ambberna.esteri.it\/italia-e-svizzera\/diplomazia-scientifica\/science-diplomacy\/\">English version<\/a><\/p>\n<p>Das <a href=\"https:\/\/www.esteri.it\/en\/\"><strong><span style=\"text-decoration: underline;\">Ministerium f\u00fcr ausw\u00e4rtige Angelegenheiten und internationale Zusammenarbeit (MAECI)<\/span><\/strong><\/a> f\u00f6rdert die Internationalisierung der italienischen Forschung und Wissenschaftsdiplomatie als grundlegende Instrumente f\u00fcr die Entwicklung der Zusammenarbeit zwischen Italien und dem Rest der Welt. Die T\u00e4tigkeit des MAECI beruht auf der \u00dcberzeugung, dass es ohne Innovation und Unterst\u00fctzung der wissenschaftlichen Forschung keine wirtschaftliche Entwicklung geben kann.<\/p>\n<p><a href=\"https:\/\/www.esteri.it\/en\/diplomazia-culturale-e-diplomazia-scientifica\/cooperscientificatecnologica\/\" target=\"_blank\" rel=\"noopener\">La\u00a0<strong>Direzione Generale per la Promozione del Sistema Paese (DGSP)<\/strong><\/a> des MAECI st\u00fctzt sich auf ein <a href=\"https:\/\/www.esteri.it\/en\/diplomazia-culturale-e-diplomazia-scientifica\/cooperscientificatecnologica\/reteaddettiscientificitecnologici\/\"><span style=\"text-decoration: underline;\">Netz von Wissenschaftsattach\u00e9s und Experten<\/span><\/a>, von denen die meisten aus dem Bereich des Staates und der \u00f6ffentlichen Einrichtungen kommen, die die Exzellenzbereiche der wissenschaftlichen und technologischen Forschung f\u00f6rdern und die Ansiedlung italienischer Unternehmen in Spitzentechnologiebereichen unterst\u00fctzen.<\/p>\n<p>Das B\u00fcro des Wissenschaftsattach\u00e9s in der Schweiz befindet sich beim <a href=\"https:\/\/conszurigo.esteri.it\/\"><span style=\"text-decoration: underline;\">Italienischen Generalkonsulat in Z\u00fcrich<\/span><\/a>. Mehr Informationen finden Sie <a href=\"https:\/\/ambberna.esteri.it\/it\/italia-e-svizzera\/diplomazia-scientifica\/chi-siamo\/\"><span style=\"text-decoration: underline;\">hier<\/span><\/a>.<\/p>\n<p>Kontakt: <a href=\"mailto:zurigo.scienza@esteri.it\" target=\"_blank\" rel=\"noopener\">zurigo.scienza@esteri.it<\/a><\/p>\n<p><img loading=\"lazy\" decoding=\"async\" class=\"img-fluid alignnone wp-image-1025 size-medium\" src=\"https:\/\/conszurigo.esteri.it\/wp-content\/uploads\/2023\/08\/logo-diplomazia-scientifica-positivo-300x88.jpg\" alt=\"\" width=\"300\" height=\"88\" \/><\/p>\n","protected":false},"excerpt":{"rendered":"English version Das Ministerium f\u00fcr ausw\u00e4rtige Angelegenheiten und internationale Zusammenarbeit (MAECI) f\u00f6rdert die Internationalisierung der italienischen Forschung und Wissenschaftsdiplomatie als grundlegende Instrumente f\u00fcr die Entwicklung der Zusammenarbeit zwischen Italien und dem Rest der Welt. Die T\u00e4tigkeit des MAECI beruht auf der \u00dcberzeugung, dass es ohne Innovation und Unterst\u00fctzung der wissenschaftlichen Forschung keine wirtschaftliche Entwicklung geben [&hellip;]","protected":false},"author":1,"featured_media":0,"parent":3910,"menu_order":4,"comment_status":"closed","ping_status":"closed","template":"","meta":{"footnotes":""},"class_list":["post-3954","page","type-page","status-publish","hentry"],"_links":{"self":[{"href":"https:\/\/ambberna.esteri.it\/de\/wp-json\/wp\/v2\/pages\/3954","targetHints":{"allow":["GET"]}}],"collection":[{"href":"https:\/\/ambberna.esteri.it\/de\/wp-json\/wp\/v2\/pages"}],"about":[{"href":"https:\/\/ambberna.esteri.it\/de\/wp-json\/wp\/v2\/types\/page"}],"author":[{"embeddable":true,"href":"https:\/\/ambberna.esteri.it\/de\/wp-json\/wp\/v2\/users\/1"}],"replies":[{"embeddable":true,"href":"https:\/\/ambberna.esteri.it\/de\/wp-json\/wp\/v2\/comments?post=3954"}],"version-history":[{"count":2,"href":"https:\/\/ambberna.esteri.it\/de\/wp-json\/wp\/v2\/pages\/3954\/revisions"}],"predecessor-version":[{"id":4457,"href":"https:\/\/ambberna.esteri.it\/de\/wp-json\/wp\/v2\/pages\/3954\/revisions\/4457"}],"up":[{"embeddable":true,"href":"https:\/\/ambberna.esteri.it\/de\/wp-json\/wp\/v2\/pages\/3910"}],"wp:attachment":[{"href":"https:\/\/ambberna.esteri.it\/de\/wp-json\/wp\/v2\/media?parent=3954"}],"curies":[{"name":"wp","href":"https:\/\/api.w.org\/{rel}","templated":true}]}}