{"id":3967,"date":"2023-04-11T17:08:57","date_gmt":"2023-04-11T15:08:57","guid":{"rendered":"https:\/\/ambberna.esteri.it\/servizi-consolari-e-visti\/"},"modified":"2023-12-08T14:00:56","modified_gmt":"2023-12-08T12:00:56","slug":"servizi-consolari-e-visti","status":"publish","type":"page","link":"https:\/\/ambberna.esteri.it\/de\/servizi-consolari-e-visti\/","title":{"rendered":"Konsularische Dienstleistungen und Visa"},"content":{"rendered":"<p>Konsularische Dienstleistungen werden nach den Grunds\u00e4tzen der Gleichheit, Unparteilichkeit, Effizienz und Transparenz erbracht.<\/p>\n<p>Die Konsulate gew\u00e4hrleisten den Schutz aller Landsleute im Falle der Verletzung ihrer Grundrechte und der Einschr\u00e4nkung oder des Entzugs ihrer pers\u00f6nlichen Freiheit.<\/p>\n<p>Sie bieten auch Unterst\u00fctzung in Notf\u00e4llen, bei der Suche nach Familienangeh\u00f6rigen, bei Erbschaftsverfahren im Ausland und bei der \u00dcberf\u00fchrung von sterblichen \u00dcberresten.<\/p>\n<p>Um die Navigation zu erleichtern, haben wir die verschiedenen Dienstleistungen in zwei Abschnitte unterteilt: die f\u00fcr <span style=\"text-decoration: underline;\"><a href=\"https:\/\/ambberna.esteri.it\/de\/servizi-consolari-e-visti\/servizi-per-il-cittadino-italiano\/\">italienische Staatsb\u00fcrger<\/a><\/span> und die f\u00fcr <a href=\"https:\/\/ambberna.esteri.it\/de\/servizi-consolari-e-visti\/servizi-per-il-cittadino-straniero\/\"><span style=\"text-decoration: underline;\">ausl\u00e4ndische Staatsb\u00fcrger<\/span>.<\/a><\/p>\n<p>Jeder Men\u00fcpunkt enth\u00e4lt die f\u00fcr die Beantragung bestimmter Dienstleistungen erforderlichen Informationen.<\/p>\n<p>Ein besonderer Punkt betrifft die Ver\u00f6ffentlichungen im <a href=\"https:\/\/ambberna.esteri.it\/de\/servizi-consolari-e-visti\/servizi-per-il-cittadino-italiano\/albo-consolare-e-altri-servizi\/\"><span style=\"text-decoration: underline;\">Konsularregister<\/span><\/a>.<\/p>\n<p>F\u00fcr weitere Informationen kontaktieren Sie uns bitte unter <a href=\"mailto:berna.consolare@esteri.it\">berna.consolare@esteri.it<\/a>.<\/p>\n<p>&nbsp;<\/p>\n<p>Nachstehend finden Sie einige interessante Links:<\/p>\n<ul>\n<li><span style=\"text-decoration: underline;\"><a href=\"https:\/\/www.esteri.it\/en\/servizi-consolari-e-visti\/\">MAECI, die institutionelle Website f\u00fcr konsularische Dienstleistungen<\/a><\/span><\/li>\n<li><a href=\"https:\/\/ambberna.esteri.it\/de\/chi-siamo\/la-rete-consolare\/corrispondenti-consolari-della-circoscrizione-di-berna\/\"><span style=\"text-decoration: underline;\">Liste der Konsularischen Korrespondenten der Konsularischen Kanzlei in Bern<\/span><\/a><\/li>\n<li><a href=\"https:\/\/ambberna.esteri.it\/de\/chi-siamo\/la-rete-consolare\/traduttori-di-riferimento\/\"><span style=\"text-decoration: underline;\">Liste der Referenz\u00fcbersetzer im Konsularkreis Bern<\/span><\/a><\/li>\n<li><a href=\"https:\/\/ambberna.esteri.it\/de\/chi-siamo\/la-rete-consolare\/studi-legali-di-riferimento-della-circoscrizione-di-berna\/\"><span style=\"text-decoration: underline;\">Liste der Anwaltskanzleien im Konsularkreis Bern<\/span><\/a><\/li>\n<li><a href=\"https:\/\/ambberna.esteri.it\/de\/chi-siamo\/la-rete-consolare\/patronati-della-circoscrizione-di-berna\/\"><span style=\"text-decoration: underline;\">Liste der im Konsularkreis Bern t\u00e4tigen Patronati<\/span><\/a><\/li>\n<\/ul>\n","protected":false},"excerpt":{"rendered":"Konsularische Dienstleistungen werden nach den Grunds\u00e4tzen der Gleichheit, Unparteilichkeit, Effizienz und Transparenz erbracht. Die Konsulate gew\u00e4hrleisten den Schutz aller Landsleute im Falle der Verletzung ihrer Grundrechte und der Einschr\u00e4nkung oder des Entzugs ihrer pers\u00f6nlichen Freiheit. Sie bieten auch Unterst\u00fctzung in Notf\u00e4llen, bei der Suche nach Familienangeh\u00f6rigen, bei Erbschaftsverfahren im Ausland und bei der \u00dcberf\u00fchrung von [&hellip;]","protected":false},"author":1,"featured_media":0,"parent":0,"menu_order":6,"comment_status":"closed","ping_status":"closed","template":"","meta":{"footnotes":""},"class_list":["post-3967","page","type-page","status-publish","hentry"],"_links":{"self":[{"href":"https:\/\/ambberna.esteri.it\/de\/wp-json\/wp\/v2\/pages\/3967","targetHints":{"allow":["GET"]}}],"collection":[{"href":"https:\/\/ambberna.esteri.it\/de\/wp-json\/wp\/v2\/pages"}],"about":[{"href":"https:\/\/ambberna.esteri.it\/de\/wp-json\/wp\/v2\/types\/page"}],"author":[{"embeddable":true,"href":"https:\/\/ambberna.esteri.it\/de\/wp-json\/wp\/v2\/users\/1"}],"replies":[{"embeddable":true,"href":"https:\/\/ambberna.esteri.it\/de\/wp-json\/wp\/v2\/comments?post=3967"}],"version-history":[{"count":5,"href":"https:\/\/ambberna.esteri.it\/de\/wp-json\/wp\/v2\/pages\/3967\/revisions"}],"predecessor-version":[{"id":5421,"href":"https:\/\/ambberna.esteri.it\/de\/wp-json\/wp\/v2\/pages\/3967\/revisions\/5421"}],"wp:attachment":[{"href":"https:\/\/ambberna.esteri.it\/de\/wp-json\/wp\/v2\/media?parent=3967"}],"curies":[{"name":"wp","href":"https:\/\/api.w.org\/{rel}","templated":true}]}}