{"id":3977,"date":"2023-04-11T18:12:24","date_gmt":"2023-04-11T16:12:24","guid":{"rendered":"https:\/\/ambberna.esteri.it\/servizi-consolari-e-visti\/servizi-per-il-cittadino-italiano\/"},"modified":"2023-12-07T11:09:34","modified_gmt":"2023-12-07T09:09:34","slug":"servizi-per-il-cittadino-italiano","status":"publish","type":"page","link":"https:\/\/ambberna.esteri.it\/de\/servizi-consolari-e-visti\/servizi-per-il-cittadino-italiano\/","title":{"rendered":"Dienstleistungen f\u00fcr italienische Staatsb\u00fcrger"},"content":{"rendered":"<p>Die konsularischen Dienstleistungen werden nach den Grunds\u00e4tzen der Gleichheit, Unparteilichkeit, Effizienz und Transparenz erbracht.<\/p>\n<p>Die Konsulate gew\u00e4hrleisten den Schutz aller Landsleute im Falle von Verletzungen ihrer Grundrechte und der Einschr\u00e4nkung oder des Entzugs ihrer pers\u00f6nlichen Freiheit. Dar\u00fcber hinaus bieten sie Unterst\u00fctzung in Notf\u00e4llen, bei der Suche nach Familienangeh\u00f6rigen, bei Erbschaftsverfahren im Ausland und bei der R\u00fcckf\u00fchrung von sterblichen \u00dcberresten.<\/p>\n<p>Das Ministerium f\u00fcr ausw\u00e4rtige Angelegenheiten beschreibt alle Leistungen und <strong>Vorschriften<\/strong> unter dem folgenden <a href=\"https:\/\/www.esteri.it\/en\/servizi-consolari-e-visti\/\"><span style=\"text-decoration: underline;\">Link<\/span><\/a>.<\/p>\n<p>Die Liste der <strong>Referenzformulare<\/strong> f\u00fcr die wichtigsten Dienstleistungen der Konsularischen Kanzlei in Bern finden Sie unter folgendem <a href=\"https:\/\/ambberna.esteri.it\/de\/servizi-consolari-e-visti\/servizi-per-il-cittadino-italiano\/modulistica\/\"><span style=\"text-decoration: underline;\">Link<\/span><\/a>.<\/p>\n","protected":false},"excerpt":{"rendered":"Die konsularischen Dienstleistungen werden nach den Grunds\u00e4tzen der Gleichheit, Unparteilichkeit, Effizienz und Transparenz erbracht. Die Konsulate gew\u00e4hrleisten den Schutz aller Landsleute im Falle von Verletzungen ihrer Grundrechte und der Einschr\u00e4nkung oder des Entzugs ihrer pers\u00f6nlichen Freiheit. Dar\u00fcber hinaus bieten sie Unterst\u00fctzung in Notf\u00e4llen, bei der Suche nach Familienangeh\u00f6rigen, bei Erbschaftsverfahren im Ausland und bei der [&hellip;]","protected":false},"author":1,"featured_media":0,"parent":3967,"menu_order":0,"comment_status":"closed","ping_status":"closed","template":"","meta":{"footnotes":""},"class_list":["post-3977","page","type-page","status-publish","hentry"],"_links":{"self":[{"href":"https:\/\/ambberna.esteri.it\/de\/wp-json\/wp\/v2\/pages\/3977","targetHints":{"allow":["GET"]}}],"collection":[{"href":"https:\/\/ambberna.esteri.it\/de\/wp-json\/wp\/v2\/pages"}],"about":[{"href":"https:\/\/ambberna.esteri.it\/de\/wp-json\/wp\/v2\/types\/page"}],"author":[{"embeddable":true,"href":"https:\/\/ambberna.esteri.it\/de\/wp-json\/wp\/v2\/users\/1"}],"replies":[{"embeddable":true,"href":"https:\/\/ambberna.esteri.it\/de\/wp-json\/wp\/v2\/comments?post=3977"}],"version-history":[{"count":4,"href":"https:\/\/ambberna.esteri.it\/de\/wp-json\/wp\/v2\/pages\/3977\/revisions"}],"predecessor-version":[{"id":5268,"href":"https:\/\/ambberna.esteri.it\/de\/wp-json\/wp\/v2\/pages\/3977\/revisions\/5268"}],"up":[{"embeddable":true,"href":"https:\/\/ambberna.esteri.it\/de\/wp-json\/wp\/v2\/pages\/3967"}],"wp:attachment":[{"href":"https:\/\/ambberna.esteri.it\/de\/wp-json\/wp\/v2\/media?parent=3977"}],"curies":[{"name":"wp","href":"https:\/\/api.w.org\/{rel}","templated":true}]}}