{"id":3984,"date":"2023-04-11T18:12:44","date_gmt":"2023-04-11T16:12:44","guid":{"rendered":"https:\/\/ambberna.esteri.it\/servizi-consolari-e-visti\/servizi-per-il-cittadino-straniero\/"},"modified":"2023-12-11T11:58:50","modified_gmt":"2023-12-11T09:58:50","slug":"servizi-per-il-cittadino-straniero","status":"publish","type":"page","link":"https:\/\/ambberna.esteri.it\/de\/servizi-consolari-e-visti\/servizi-per-il-cittadino-straniero\/","title":{"rendered":"Dienstleistungen f\u00fcr ausl\u00e4ndische Staatsb\u00fcrger"},"content":{"rendered":"<p>Die Botschaften und Konsulate bieten auch Dienstleistungen f\u00fcr ausl\u00e4ndische B\u00fcrger an. Dazu geh\u00f6ren die Ausstellung von Einreisevisa f\u00fcr Italien und den Schengen-Raum, die Ausstellung von Verwaltungsdokumenten wie die Legalisierung von Dokumenten, Lebensbescheinigungen und der \u00dcbereinstimmung von \u00dcbersetzungen von Dokumenten. Dar\u00fcber hinaus sorgen die Botschaften und Konsulate in den in der geltenden Gesetzgebung vorgesehenen F\u00e4llen f\u00fcr die \u00dcbermittlung von Akten und Dokumenten an die italienischen Beh\u00f6rden.<\/p>\n","protected":false},"excerpt":{"rendered":"Die Botschaften und Konsulate bieten auch Dienstleistungen f\u00fcr ausl\u00e4ndische B\u00fcrger an. Dazu geh\u00f6ren die Ausstellung von Einreisevisa f\u00fcr Italien und den Schengen-Raum, die Ausstellung von Verwaltungsdokumenten wie die Legalisierung von Dokumenten, Lebensbescheinigungen und der \u00dcbereinstimmung von \u00dcbersetzungen von Dokumenten. Dar\u00fcber hinaus sorgen die Botschaften und Konsulate in den in der geltenden Gesetzgebung vorgesehenen F\u00e4llen f\u00fcr [&hellip;]","protected":false},"author":1,"featured_media":0,"parent":3967,"menu_order":2,"comment_status":"closed","ping_status":"closed","template":"","meta":{"footnotes":""},"class_list":["post-3984","page","type-page","status-publish","hentry"],"_links":{"self":[{"href":"https:\/\/ambberna.esteri.it\/de\/wp-json\/wp\/v2\/pages\/3984","targetHints":{"allow":["GET"]}}],"collection":[{"href":"https:\/\/ambberna.esteri.it\/de\/wp-json\/wp\/v2\/pages"}],"about":[{"href":"https:\/\/ambberna.esteri.it\/de\/wp-json\/wp\/v2\/types\/page"}],"author":[{"embeddable":true,"href":"https:\/\/ambberna.esteri.it\/de\/wp-json\/wp\/v2\/users\/1"}],"replies":[{"embeddable":true,"href":"https:\/\/ambberna.esteri.it\/de\/wp-json\/wp\/v2\/comments?post=3984"}],"version-history":[{"count":3,"href":"https:\/\/ambberna.esteri.it\/de\/wp-json\/wp\/v2\/pages\/3984\/revisions"}],"predecessor-version":[{"id":5445,"href":"https:\/\/ambberna.esteri.it\/de\/wp-json\/wp\/v2\/pages\/3984\/revisions\/5445"}],"up":[{"embeddable":true,"href":"https:\/\/ambberna.esteri.it\/de\/wp-json\/wp\/v2\/pages\/3967"}],"wp:attachment":[{"href":"https:\/\/ambberna.esteri.it\/de\/wp-json\/wp\/v2\/media?parent=3984"}],"curies":[{"name":"wp","href":"https:\/\/api.w.org\/{rel}","templated":true}]}}