{"id":4120,"date":"2023-06-14T13:57:29","date_gmt":"2023-06-14T11:57:29","guid":{"rendered":"https:\/\/ambberna.esteri.it\/chi-siamo\/la-rete-consolare\/traduttori-di-riferimento\/"},"modified":"2025-10-17T13:20:09","modified_gmt":"2025-10-17T11:20:09","slug":"traduttori-di-riferimento","status":"publish","type":"page","link":"https:\/\/ambberna.esteri.it\/de\/chi-siamo\/la-rete-consolare\/traduttori-di-riferimento\/","title":{"rendered":"Referenz\u00fcbersetzer im Konsularkreis Bern"},"content":{"rendered":"<p>Die konsularische Kanzlei der italienischen Botschaft in Bern ist nicht verantwortlich f\u00fcr die Dienstleistungen der unten aufgef\u00fchrten Fachleute, welche ihre Arbeit unabh\u00e4ngig und ohne jegliches Arbeitsverh\u00e4ltnis mit der konsularischen Kanzlei der italienischen Botschaft in Bern aus\u00fcben.<br \/>\nDie Benutzer werden gebeten, die Preise und Bedingungen direkt bei den \u00dcbersetzern zu erfragen.<\/p>\n<p>&nbsp;<\/p>\n<p><span style=\"text-decoration: underline;\"><strong>DEUTSCH- UND FRANZ\u00d6SISCHSPRACHIGE REFERENZ\u00dcBERSETZER<\/strong><\/span><\/p>\n<p>&nbsp;<\/p>\n<p><strong>APOSTROPH BERN AG<\/strong><br \/>\n<strong>Adresse<\/strong>: Amthausgasse 18 &#8211; 3011 Bern<br \/>\n<strong>Tel<\/strong>. +41 31 660 40 40\/42<br \/>\n<strong>E-Mail<\/strong>: <a href=\"mailto:bern@apostrophgroup.ch\">bern@apostrophgroup.ch<\/a><\/p>\n<p>&nbsp;<\/p>\n<p><strong>BERGMANN TEAM SPRACHEN &#8211; Dirce Bergmann<\/strong><br \/>\n<strong>Adresse<\/strong>: Bahnhofstrasse 25 &#8211; 2502 Biel<br \/>\n<strong>Tel<\/strong>. +41 32 323 22 66<br \/>\n<strong>Mobiltelefon<\/strong> +41 79 959 47 25<br \/>\n<strong>E-Mail<\/strong>: <a href=\"mailto:sekretariat@bergmann-team.ch\">sekretariat@bergmann-team.ch<\/a><br \/>\n<a href=\"http:\/\/www.bergmann-team.ch\">www.bergmann-team.ch<\/a><\/p>\n<p>&nbsp;<\/p>\n<p><strong>CALIARI Pierre Aleardo<\/strong><br \/>\n<strong>Adresse <\/strong>: Anwaltskanzlei Caliari \u2013 Wylerringstrasse 19 \u2013 3014 Bern<br \/>\n<strong>Mobiltelefon<\/strong> . +41 79 281 79 94<br \/>\n<strong>E-mail<\/strong>:\u00a0<a href=\"mailto:pierre.aleardo@caliari.ch\">pierre.aleardo@caliari.ch<\/a><br \/>\n<a href=\"http:\/\/www.caliari.ch\/\">www.caliari.ch<\/a><\/p>\n<p>&nbsp;<\/p>\n<p><strong>CENTRO FAMILIARE<\/strong><br \/>\n<strong>Adresse<\/strong>: Seftigenstrasse 41 &#8211; 3007 Bern<br \/>\n<strong>Tel<\/strong>. +41 31 381 31 06 \/ Fax +41 31 381 97 63<br \/>\n<strong>E-Mail<\/strong>: <a href=\"mailto:info@centrofamiliare.ch\">info@centrofamiliare.ch<\/a><br \/>\n<a href=\"http:\/\/www.centrofamiliare.ch\">www.centrofamiliare.ch<\/a><\/p>\n<p>&nbsp;<\/p>\n<p><strong>DI BUCCHIANICO Soraya<br \/>\nAdresse<\/strong>: Rosenstrasse 12 &#8211; 2562 Port<br \/>\n<strong>Tel<\/strong>. +41 76 390 34 60<br \/>\n<strong>E-Mail<\/strong>: <a href=\"mailto:dbsoraya@hotmail.com\">dbsoraya@hotmail.com<\/a><\/p>\n<p>&nbsp;<\/p>\n<p><strong>GEB TRADUZIONI G.E.<\/strong><br \/>\n<strong>Adresse<\/strong>: Bertagna Chutzenweg 25 &#8211; 3076 Worb<br \/>\n<strong>Tel<\/strong>. +41 31 839 77 17<br \/>\n<strong>Mobiltelefon<\/strong> +41 79 440 99 00<br \/>\n<strong>E-Mail<\/strong>: <a href=\"mailto:info@gebtraduzioni.ch\">info@gebtraduzioni.ch<\/a><\/p>\n<p>&nbsp;<\/p>\n<p><strong>IDIOMA SERVIZI LINGUISTICI SAGL &#8211; Cinzia Napolitano Burkhard<\/strong><br \/>\n<strong>Adresse<\/strong>: Chemin des Villarets 61 &#8211; 2036 Cormondr\u00e9che<br \/>\n<strong>Tel<\/strong>: +41 32 730 43 55<br \/>\n<strong>E-Mail<\/strong>: <a href=\"mailto:cnb@idioma-trad.ch\">cnb@idioma-trad.ch<\/a><\/p>\n<p>&nbsp;<\/p>\n<p><strong>SALERNO Antonio<\/strong><br \/>\n<strong>Adresse<\/strong>: Brechbhlerstrasse 10 &#8211; 3006 Berna<br \/>\n<strong>Mobiltelefon<\/strong> +41 79 418 69 77<br \/>\n<strong>E-Mai<\/strong>l: <a href=\"mailto:antonio.salerno53@gmail.com\">antonio.salerno53@gmail.com<\/a><br \/>\n<a href=\"http:\/\/www.salerno-dienstleistungen.ch\">www.salerno-dienstleistungen.ch<\/a><\/p>\n<p>&nbsp;<\/p>\n<p><strong>SPATARO Helga<\/strong><br \/>\n<strong>Adresse<\/strong>: Elisabethenstrasse 3 &#8211; 3014 Bern<br \/>\n<strong>Mobiltelefon<\/strong> +41 76 306 40 61<br \/>\n<strong>E-Mail<\/strong>: <a href=\"mailto:helgaspataro@hispeed.ch\">helgaspataro@hispeed.ch<\/a><\/p>\n<p>&nbsp;<\/p>\n<p>Weitere Namen finden Sie auf der Website des ASTII (Schweizerischer \u00dcbersetzer-, Terminologen- und Dolmetscherverband)<br \/>\n<a href=\"https:\/\/astti.ch\/de\/\">https:\/\/astti.ch\/de\/<\/a><\/p>\n","protected":false},"excerpt":{"rendered":"Die konsularische Kanzlei der italienischen Botschaft in Bern ist nicht verantwortlich f\u00fcr die Dienstleistungen der unten aufgef\u00fchrten Fachleute, welche ihre Arbeit unabh\u00e4ngig und ohne jegliches Arbeitsverh\u00e4ltnis mit der konsularischen Kanzlei der italienischen Botschaft in Bern aus\u00fcben. Die Benutzer werden gebeten, die Preise und Bedingungen direkt bei den \u00dcbersetzern zu erfragen. &nbsp; DEUTSCH- UND FRANZ\u00d6SISCHSPRACHIGE REFERENZ\u00dcBERSETZER [&hellip;]","protected":false},"author":4,"featured_media":0,"parent":3896,"menu_order":0,"comment_status":"closed","ping_status":"closed","template":"","meta":{"footnotes":""},"class_list":["post-4120","page","type-page","status-publish","hentry"],"_links":{"self":[{"href":"https:\/\/ambberna.esteri.it\/de\/wp-json\/wp\/v2\/pages\/4120","targetHints":{"allow":["GET"]}}],"collection":[{"href":"https:\/\/ambberna.esteri.it\/de\/wp-json\/wp\/v2\/pages"}],"about":[{"href":"https:\/\/ambberna.esteri.it\/de\/wp-json\/wp\/v2\/types\/page"}],"author":[{"embeddable":true,"href":"https:\/\/ambberna.esteri.it\/de\/wp-json\/wp\/v2\/users\/4"}],"replies":[{"embeddable":true,"href":"https:\/\/ambberna.esteri.it\/de\/wp-json\/wp\/v2\/comments?post=4120"}],"version-history":[{"count":6,"href":"https:\/\/ambberna.esteri.it\/de\/wp-json\/wp\/v2\/pages\/4120\/revisions"}],"predecessor-version":[{"id":8267,"href":"https:\/\/ambberna.esteri.it\/de\/wp-json\/wp\/v2\/pages\/4120\/revisions\/8267"}],"up":[{"embeddable":true,"href":"https:\/\/ambberna.esteri.it\/de\/wp-json\/wp\/v2\/pages\/3896"}],"wp:attachment":[{"href":"https:\/\/ambberna.esteri.it\/de\/wp-json\/wp\/v2\/media?parent=4120"}],"curies":[{"name":"wp","href":"https:\/\/api.w.org\/{rel}","templated":true}]}}