{"id":4132,"date":"2023-06-14T14:00:40","date_gmt":"2023-06-14T12:00:40","guid":{"rendered":"https:\/\/ambberna.esteri.it\/chi-siamo\/la-rete-consolare\/studi-legali-di-riferimento-della-circoscrizione-di-berna\/"},"modified":"2026-02-06T10:18:23","modified_gmt":"2026-02-06T08:18:23","slug":"studi-legali-di-riferimento-della-circoscrizione-di-berna","status":"publish","type":"page","link":"https:\/\/ambberna.esteri.it\/de\/chi-siamo\/la-rete-consolare\/studi-legali-di-riferimento-della-circoscrizione-di-berna\/","title":{"rendered":"Empfohlene Anwaltskanzleien im Konsularkreis Bern"},"content":{"rendered":"<p>Bei den genannten Namen handelt es sich nur um Anwaltskanzleien, die der konsularischen Kanzlei empfohlen werden, weil sie italienischsprachige Fachleute sind. Andere italienischsprachige Anw\u00e4lte, die in die Liste aufgenommen werden m\u00f6chten, k\u00f6nnen sich hier bewerben. Die Botschaft und die konsularische Kanzlei lehnen jede Verantwortung f\u00fcr die Arbeit der oben genannten Fachleute ab.<\/p>\n<p>&nbsp;<\/p>\n<p>Rechtsanwalt Claudio CHIANDUSSO<br \/>\nADVOKATUR CHIANDUSSO &amp; MOSIMANN<br \/>\n<strong>Adresse:<\/strong> Marktgasse 18, CH-3600 Thun<br \/>\n<strong>Tel<\/strong>. +41 33 222 61 91 | <strong>Fax<\/strong> +41 33 222 61 50<\/p>\n<p>&nbsp;<\/p>\n<p>Rechtsanw\u00e4ltin Lucia COLACI<br \/>\n<strong>Adresse:<\/strong> Fbg de l&#8217;H\u00f4pital 3 &#8211; 2000 Neuch\u00e2tel<br \/>\n<strong>Tel<\/strong>. + 41 32 730 52 63 | <strong>Fax <\/strong>+ 41 32 730 52 89<br \/>\n<strong>E-Mail<\/strong>: <a href=\"mailto:info@juriconsult.ch\">info@juriconsult.ch<\/a><\/p>\n<p>&nbsp;<\/p>\n<p>Dr. Claudia MANUEDDA<br \/>\nSPEEDYLEX<br \/>\n<strong>Adresse:<\/strong> Industriestrasse 20A, CH-2555 &#8211; Br\u00fcgg B. Biel\/Bienne<br \/>\n<strong>Tel<\/strong>. +41 78 676 29 90<br \/>\n<strong>E-Mail<\/strong>: <a href=\"mailto:info@speedylex.ch\">info@speedylex.ch<\/a><\/p>\n<p>&nbsp;<\/p>\n<p>Rechtsanwalt Michel MONTINI &#8211; Avv. Marino MONTINI<br \/>\nMONTINI &amp; MONTINI<br \/>\n<strong>Adresse:<\/strong> Rue des Moulins 51 &#8211; 2000 Neuch\u00e2tel<br \/>\n<strong>Tel<\/strong>. + 41 32 757 65 65 | <strong>Fax<\/strong> + 41 32 757 65 66<br \/>\n<strong>E-Mail<\/strong>: <a href=\"mailto:etude@montini.ch\">etude@montini.ch<\/a><br \/>\n<a href=\"http:\/\/www.montini.ch\">www.montini.ch<\/a><\/p>\n<p>&nbsp;<\/p>\n<p>Rechtsanwalt NAEF<br \/>\n<b>Indirizzo:<\/b> Marienstrasse 35, Postfach 275, 3000 Berna 6<br \/>\n<b>Tel<\/b>. +41 31 311 60\u00a043<br \/>\n<b>E-mail<\/b>:\u00a0<a href=\"mailto:naef@dasanwaltsbuero.ch\" target=\"_blank\" rel=\"noopener noreferrer\">naef@dasanwaltsbuero.ch<\/a><br \/>\n<a href=\"http:\/\/www.dasanwaltsbuero.ch\/\">http:\/\/www.dasanwaltsbuero.ch\/<\/a><\/p>\n<p>&nbsp;<\/p>\n","protected":false},"excerpt":{"rendered":"Bei den genannten Namen handelt es sich nur um Anwaltskanzleien, die der konsularischen Kanzlei empfohlen werden, weil sie italienischsprachige Fachleute sind. Andere italienischsprachige Anw\u00e4lte, die in die Liste aufgenommen werden m\u00f6chten, k\u00f6nnen sich hier bewerben. Die Botschaft und die konsularische Kanzlei lehnen jede Verantwortung f\u00fcr die Arbeit der oben genannten Fachleute ab. &nbsp; Rechtsanwalt Claudio [&hellip;]","protected":false},"author":4,"featured_media":0,"parent":3896,"menu_order":0,"comment_status":"closed","ping_status":"closed","template":"","meta":{"footnotes":""},"class_list":["post-4132","page","type-page","status-publish","hentry"],"_links":{"self":[{"href":"https:\/\/ambberna.esteri.it\/de\/wp-json\/wp\/v2\/pages\/4132","targetHints":{"allow":["GET"]}}],"collection":[{"href":"https:\/\/ambberna.esteri.it\/de\/wp-json\/wp\/v2\/pages"}],"about":[{"href":"https:\/\/ambberna.esteri.it\/de\/wp-json\/wp\/v2\/types\/page"}],"author":[{"embeddable":true,"href":"https:\/\/ambberna.esteri.it\/de\/wp-json\/wp\/v2\/users\/4"}],"replies":[{"embeddable":true,"href":"https:\/\/ambberna.esteri.it\/de\/wp-json\/wp\/v2\/comments?post=4132"}],"version-history":[{"count":5,"href":"https:\/\/ambberna.esteri.it\/de\/wp-json\/wp\/v2\/pages\/4132\/revisions"}],"predecessor-version":[{"id":8599,"href":"https:\/\/ambberna.esteri.it\/de\/wp-json\/wp\/v2\/pages\/4132\/revisions\/8599"}],"up":[{"embeddable":true,"href":"https:\/\/ambberna.esteri.it\/de\/wp-json\/wp\/v2\/pages\/3896"}],"wp:attachment":[{"href":"https:\/\/ambberna.esteri.it\/de\/wp-json\/wp\/v2\/media?parent=4132"}],"curies":[{"name":"wp","href":"https:\/\/api.w.org\/{rel}","templated":true}]}}