{"id":4232,"date":"2023-04-11T18:23:52","date_gmt":"2023-04-11T16:23:52","guid":{"rendered":"https:\/\/ambberna.esteri.it\/italia-e-svizzera\/diplomazia-economica\/fare-affari-in-svizzera\/"},"modified":"2023-12-06T15:31:06","modified_gmt":"2023-12-06T13:31:06","slug":"fare-affari-in-svizzera","status":"publish","type":"page","link":"https:\/\/ambberna.esteri.it\/de\/italia-e-svizzera\/diplomazia-economica\/fare-affari-in-svizzera\/","title":{"rendered":"Gesch\u00e4fte in der Schweiz machen"},"content":{"rendered":"<p>Das Interesse des schweizerischen Marktes f\u00fcr italienische Unternehmen beruht auf einer Reihe von wichtigen St\u00e4rken.<\/p>\n<p><strong>Kaufkraft<\/strong><br \/>\nDie Schweiz ist mit einem Pro-Kopf-Einkommen von mehr als 90.000 Euro (2022) eines der reichsten L\u00e4nder Europas und verf\u00fcgt \u00fcber eine der h\u00f6chsten Kaufkraftwerte der Welt. Die Inlandsnachfrage ist nach wie vor sehr stark.<\/p>\n<p><strong>Wertsch\u00e4tzung f\u00fcr Made in Italy<\/strong><br \/>\nDie Schweiz sch\u00e4tzt die Produkte &#8222;Made in Italy&#8220; und best\u00e4tigt sich Jahr f\u00fcr Jahr als viertgr\u00f6sster Markt der Welt f\u00fcr italienische Produkte.<\/p>\n<p><strong>Finanzielle Stabilit\u00e4t<\/strong><br \/>\nTrotz der j\u00fcngsten und noch nicht \u00fcberwundenen Bankenkrise eines der wichtigsten Schweizer Finanzriesen ist das Land traditionell eines der solidesten auf dem Alten Kontinent und in der Welt, mit einem Verh\u00e4ltnis von Schulden zu BIP von unter 30% und einem stabilen Finanz\u00fcberschuss.<\/p>\n<p><strong>Politische Stabilit\u00e4t<\/strong><br \/>\nDas institutionelle System der Schweiz ist ein Beispiel f\u00fcr absolute Stabilit\u00e4t und garantiert ein effektives und effizientes Funktionieren des Staatsapparats, das auch die Besonderheiten der einzelnen Kantone, die die Eidgenossenschaft bilden, ber\u00fccksichtigt.<\/p>\n<p><strong>Geografische Lage<\/strong><br \/>\nDie Schweiz liegt in der Mitte Europas und ist ein wichtiger Knotenpunkt zwischen den germanischen und lateinischen L\u00e4ndern. Aufgrund der Leistungsf\u00e4higkeit des Schienen- und Stra\u00dfenverkehrs ist die Schweiz ein wichtiges Land f\u00fcr den italienischen Handel.<\/p>\n<p>Einige Links und Dokumente von Interesse:<\/p>\n<ul>\n<li><strong><a href=\"https:\/\/ambberna.esteri.it\/wp-content\/uploads\/2023\/06\/nota_cong._nov._2021_0.pdf\">Italienische Handelsagentur &#8211; ICE B\u00fcro Bern (rev. 2021)<\/a><\/strong><\/li>\n<li><strong><a href=\"https:\/\/www.infomercatiesteri.it\/presenza_italiana.php?id_paesi=94\">In der Schweiz t\u00e4tige italienische Unternehmen oder Tochtergesellschaften (rev. 2020)<\/a><\/strong><\/li>\n<\/ul>\n<p>&nbsp;<\/p>\n<p><strong><a href=\"https:\/\/ccis.ch\/de\/\">Italienische Handelskammer f\u00fcr die Schweiz<\/a><\/strong><\/p>\n<p><a href=\"https:\/\/ccis.ch\/de\/\"><img loading=\"lazy\" decoding=\"async\" class=\"size-medium wp-image-2745 img-fluid aligncenter\" src=\"https:\/\/ambberna.esteri.it\/wp-content\/uploads\/2023\/06\/CCIS-300x200.png\" alt=\"\" width=\"300\" height=\"200\" srcset=\"https:\/\/ambberna.esteri.it\/wp-content\/uploads\/2023\/06\/CCIS-300x200.png 300w, https:\/\/ambberna.esteri.it\/wp-content\/uploads\/2023\/06\/CCIS.png 383w\" sizes=\"auto, (max-width: 300px) 100vw, 300px\" \/><\/a><br \/>\nDie 1909 gegr\u00fcndete Italienische Handelskammer f\u00fcr die Schweiz mit Sitz in Z\u00fcrich hat massgeblich zu den positiven Ergebnissen beigetragen, die Jahr f\u00fcr Jahr in den italienisch-schweizerischen Wirtschafts- und Handelsbeziehungen erzielt werden, und hat sich als grundlegender wirtschaftlich-institutioneller Bezugspunkt f\u00fcr alle \u00f6ffentlichen und privaten Subjekte etabliert, die Projekte zur wirtschaftlichen und kommerziellen Expansion von Italien auf den Schweizer Markt und umgekehrt planen und umsetzen.<\/p>\n<p>Mit ihren rund 700 Mitgliedern ist die Italienische Handelskammer f\u00fcr die Schweiz ein unabh\u00e4ngiger Verein nach dem Schweizerischen Zivilgesetzbuch. Ihre Hauptaufgabe ist die Unterst\u00fctzung von Unternehmen, die im Handel zwischen Italien, der Schweiz und dem F\u00fcrstentum Liechtenstein t\u00e4tig sind.<\/p>\n<p>Ohne ihre institutionelle Rolle zu vernachl\u00e4ssigen, unterst\u00fctzt die Kammer Institutionen und Unternehmen, indem sie unternehmerisch handelt und versucht, den wirtschaftlichen Nutzen f\u00fcr ihre Kunden zu maximieren.<\/p>\n","protected":false},"excerpt":{"rendered":"Das Interesse des schweizerischen Marktes f\u00fcr italienische Unternehmen beruht auf einer Reihe von wichtigen St\u00e4rken. Kaufkraft Die Schweiz ist mit einem Pro-Kopf-Einkommen von mehr als 90.000 Euro (2022) eines der reichsten L\u00e4nder Europas und verf\u00fcgt \u00fcber eine der h\u00f6chsten Kaufkraftwerte der Welt. Die Inlandsnachfrage ist nach wie vor sehr stark. Wertsch\u00e4tzung f\u00fcr Made in Italy [&hellip;]","protected":false},"author":1,"featured_media":0,"parent":3941,"menu_order":0,"comment_status":"closed","ping_status":"closed","template":"","meta":{"footnotes":""},"class_list":["post-4232","page","type-page","status-publish","hentry"],"_links":{"self":[{"href":"https:\/\/ambberna.esteri.it\/de\/wp-json\/wp\/v2\/pages\/4232","targetHints":{"allow":["GET"]}}],"collection":[{"href":"https:\/\/ambberna.esteri.it\/de\/wp-json\/wp\/v2\/pages"}],"about":[{"href":"https:\/\/ambberna.esteri.it\/de\/wp-json\/wp\/v2\/types\/page"}],"author":[{"embeddable":true,"href":"https:\/\/ambberna.esteri.it\/de\/wp-json\/wp\/v2\/users\/1"}],"replies":[{"embeddable":true,"href":"https:\/\/ambberna.esteri.it\/de\/wp-json\/wp\/v2\/comments?post=4232"}],"version-history":[{"count":3,"href":"https:\/\/ambberna.esteri.it\/de\/wp-json\/wp\/v2\/pages\/4232\/revisions"}],"predecessor-version":[{"id":5255,"href":"https:\/\/ambberna.esteri.it\/de\/wp-json\/wp\/v2\/pages\/4232\/revisions\/5255"}],"up":[{"embeddable":true,"href":"https:\/\/ambberna.esteri.it\/de\/wp-json\/wp\/v2\/pages\/3941"}],"wp:attachment":[{"href":"https:\/\/ambberna.esteri.it\/de\/wp-json\/wp\/v2\/media?parent=4232"}],"curies":[{"name":"wp","href":"https:\/\/api.w.org\/{rel}","templated":true}]}}