{"id":4295,"date":"2023-04-11T18:24:01","date_gmt":"2023-04-11T16:24:01","guid":{"rendered":"https:\/\/ambberna.esteri.it\/italia-e-svizzera\/diplomazia-economica\/fare-affari-in-italia\/"},"modified":"2025-04-14T10:56:40","modified_gmt":"2025-04-14T08:56:40","slug":"fare-affari-in-italia","status":"publish","type":"page","link":"https:\/\/ambberna.esteri.it\/de\/italia-e-svizzera\/diplomazia-economica\/fare-affari-in-italia\/","title":{"rendered":"Gesch\u00e4fte in Italien machen"},"content":{"rendered":"<div>\n<ul>\n<li><a href=\"https:\/\/www.ice.it\/en\/sites\/default\/files\/inline-files\/doing_business_in_italy_2021_0.pdf\"><strong>Investitionsf\u00fchrer f\u00fcr Italien (Dokument auf Englisch)<\/strong><\/a><\/li>\n<\/ul>\n<p>Gemessen am Wert des Bruttoinlandsprodukts ist Italien das sechstgr\u00f6\u00dfte Land im OECD-Raum und das viertgr\u00f6\u00dfte im europ\u00e4ischen Raum. Die italienische Produktion macht mehr als 13 % des BIP der Europ\u00e4ischen Union aus.<br \/>\nWas die Merkmale der Produktionsstruktur betrifft, so \u00e4hnelt die italienische Zusammensetzung nach Wirtschaftszweigen jener der wichtigsten europ\u00e4ischen L\u00e4nder: 28 % der Produktion entfallen auf das verarbeitende Gewerbe und das Baugewerbe und fast 70 % auf den Dienstleistungssektor. Innerhalb dieses letztgenannten Sektors machen Handel, Transport und Kommunikation einen h\u00f6heren Anteil des BIP aus als im Durchschnitt der europ\u00e4ischen L\u00e4nder.<br \/>\nItalien liegt im Herzen des Mittelmeers und ist ein wichtiger Knotenpunkt f\u00fcr Stra\u00dfen-, See- und Luftverbindungen zwischen Nord- und S\u00fcdeuropa.<br \/>\nDer italienische Markt bietet mit fast 60 Millionen Verbrauchern und einem BIP, das in Italien an vierter Stelle steht, unz\u00e4hlige M\u00f6glichkeiten f\u00fcr expandierende Unternehmen.<br \/>\nDank seiner strategischen Lage erm\u00f6glicht Italien einen einfachen Zugang zu den 396 Millionen Verbrauchern in anderen L\u00e4ndern der Europ\u00e4ischen Union und den 240 Millionen in Nordafrika und dem Nahen Osten.<br \/>\nMit einem Umsatz von rund 65 Milliarden Euro hat das Unternehmen eine f\u00fchrende Position (11 % Marktanteil in Europa) erreicht.<br \/>\nIn Europa ist Italien das Land mit den niedrigsten Gr\u00fcndungskosten im Biotechnologiesektor und das Land mit den zweitniedrigsten Kosten f\u00fcr Produkttests in den Bereichen Forschung und Entwicklung, Chemie und Elektronik.<\/p><\/div>\n","protected":false},"excerpt":{"rendered":"Investitionsf\u00fchrer f\u00fcr Italien (Dokument auf Englisch) Gemessen am Wert des Bruttoinlandsprodukts ist Italien das sechstgr\u00f6\u00dfte Land im OECD-Raum und das viertgr\u00f6\u00dfte im europ\u00e4ischen Raum. Die italienische Produktion macht mehr als 13 % des BIP der Europ\u00e4ischen Union aus. Was die Merkmale der Produktionsstruktur betrifft, so \u00e4hnelt die italienische Zusammensetzung nach Wirtschaftszweigen jener der wichtigsten europ\u00e4ischen [&hellip;]","protected":false},"author":1,"featured_media":0,"parent":3941,"menu_order":0,"comment_status":"closed","ping_status":"closed","template":"","meta":{"footnotes":""},"class_list":["post-4295","page","type-page","status-publish","hentry"],"_links":{"self":[{"href":"https:\/\/ambberna.esteri.it\/de\/wp-json\/wp\/v2\/pages\/4295","targetHints":{"allow":["GET"]}}],"collection":[{"href":"https:\/\/ambberna.esteri.it\/de\/wp-json\/wp\/v2\/pages"}],"about":[{"href":"https:\/\/ambberna.esteri.it\/de\/wp-json\/wp\/v2\/types\/page"}],"author":[{"embeddable":true,"href":"https:\/\/ambberna.esteri.it\/de\/wp-json\/wp\/v2\/users\/1"}],"replies":[{"embeddable":true,"href":"https:\/\/ambberna.esteri.it\/de\/wp-json\/wp\/v2\/comments?post=4295"}],"version-history":[{"count":4,"href":"https:\/\/ambberna.esteri.it\/de\/wp-json\/wp\/v2\/pages\/4295\/revisions"}],"predecessor-version":[{"id":7793,"href":"https:\/\/ambberna.esteri.it\/de\/wp-json\/wp\/v2\/pages\/4295\/revisions\/7793"}],"up":[{"embeddable":true,"href":"https:\/\/ambberna.esteri.it\/de\/wp-json\/wp\/v2\/pages\/3941"}],"wp:attachment":[{"href":"https:\/\/ambberna.esteri.it\/de\/wp-json\/wp\/v2\/media?parent=4295"}],"curies":[{"name":"wp","href":"https:\/\/api.w.org\/{rel}","templated":true}]}}