{"id":4309,"date":"2023-06-12T13:49:38","date_gmt":"2023-06-12T11:49:38","guid":{"rendered":"https:\/\/ambberna.esteri.it\/italia-e-svizzera\/diplomazia-economica\/fare-affari-in-italia\/norme-ed-incentivi\/"},"modified":"2023-12-06T15:25:27","modified_gmt":"2023-12-06T13:25:27","slug":"norme-ed-incentivi","status":"publish","type":"page","link":"https:\/\/ambberna.esteri.it\/de\/italia-e-svizzera\/diplomazia-economica\/fare-affari-in-italia\/norme-ed-incentivi\/","title":{"rendered":"Vorschriften und Anreize"},"content":{"rendered":"<p>In den 1990er Jahren wurden Strukturreformen durchgef\u00fchrt, die es Italien erm\u00f6glichten, seinen Regulierungs-, Steuer- und Anreizrahmen an die europ\u00e4ischen Standards anzugleichen.<\/p>\n<p>Insbesondere wurden wichtige Reformen in den Bereichen Arbeit, Kredite, Energie und \u00f6ffentliche Verwaltung durchgef\u00fchrt.<\/p>\n<p>Drei grundlegende Bereiche der Wirtschaftsgesetzgebung wurden revolutioniert. Der rote Faden der Massnahmen war die Anpassung der Vorschriften an die der fortschrittlichsten L\u00e4nder, um das italienische System f\u00fcr die Wirtschaftsakteure attraktiver und im internationalen Vergleich wettbewerbsf\u00e4higer zu machen. Die Website <a href=\"https:\/\/www.invitalia.it\/\"><span style=\"text-decoration: underline;\">Invitalia<\/span><\/a> bietet in vier Sprachen genaue Informationen \u00fcber die M\u00f6glichkeiten, in Italien im Lichte der j\u00fcngsten Wirtschaftsreformen Gesch\u00e4fte zu machen und zu produzieren.<\/p>\n","protected":false},"excerpt":{"rendered":"In den 1990er Jahren wurden Strukturreformen durchgef\u00fchrt, die es Italien erm\u00f6glichten, seinen Regulierungs-, Steuer- und Anreizrahmen an die europ\u00e4ischen Standards anzugleichen. Insbesondere wurden wichtige Reformen in den Bereichen Arbeit, Kredite, Energie und \u00f6ffentliche Verwaltung durchgef\u00fchrt. Drei grundlegende Bereiche der Wirtschaftsgesetzgebung wurden revolutioniert. Der rote Faden der Massnahmen war die Anpassung der Vorschriften an die der [&hellip;]","protected":false},"author":4,"featured_media":0,"parent":4295,"menu_order":0,"comment_status":"closed","ping_status":"closed","template":"","meta":{"footnotes":""},"class_list":["post-4309","page","type-page","status-publish","hentry"],"_links":{"self":[{"href":"https:\/\/ambberna.esteri.it\/de\/wp-json\/wp\/v2\/pages\/4309","targetHints":{"allow":["GET"]}}],"collection":[{"href":"https:\/\/ambberna.esteri.it\/de\/wp-json\/wp\/v2\/pages"}],"about":[{"href":"https:\/\/ambberna.esteri.it\/de\/wp-json\/wp\/v2\/types\/page"}],"author":[{"embeddable":true,"href":"https:\/\/ambberna.esteri.it\/de\/wp-json\/wp\/v2\/users\/4"}],"replies":[{"embeddable":true,"href":"https:\/\/ambberna.esteri.it\/de\/wp-json\/wp\/v2\/comments?post=4309"}],"version-history":[{"count":2,"href":"https:\/\/ambberna.esteri.it\/de\/wp-json\/wp\/v2\/pages\/4309\/revisions"}],"predecessor-version":[{"id":5254,"href":"https:\/\/ambberna.esteri.it\/de\/wp-json\/wp\/v2\/pages\/4309\/revisions\/5254"}],"up":[{"embeddable":true,"href":"https:\/\/ambberna.esteri.it\/de\/wp-json\/wp\/v2\/pages\/4295"}],"wp:attachment":[{"href":"https:\/\/ambberna.esteri.it\/de\/wp-json\/wp\/v2\/media?parent=4309"}],"curies":[{"name":"wp","href":"https:\/\/api.w.org\/{rel}","templated":true}]}}