{"id":4321,"date":"2023-06-12T13:50:24","date_gmt":"2023-06-12T11:50:24","guid":{"rendered":"https:\/\/ambberna.esteri.it\/italia-e-svizzera\/diplomazia-economica\/fare-affari-in-italia\/opportunita-commerciali\/"},"modified":"2023-12-04T16:20:19","modified_gmt":"2023-12-04T14:20:19","slug":"opportunita-commerciali","status":"publish","type":"page","link":"https:\/\/ambberna.esteri.it\/de\/italia-e-svizzera\/diplomazia-economica\/fare-affari-in-italia\/opportunita-commerciali\/","title":{"rendered":"Gesch\u00e4ftsm\u00f6glichkeiten"},"content":{"rendered":"<div>\n<p class=\"boxLevel04\"><a href=\"https:\/\/www.ice.it\/en\/invest\/invest-italy\"><strong>Die Italtrade-Website<\/strong> <\/a><\/p>\n<p>Die Beschaffung von Informationen \u00fcber den italienischen Markt und die Gesch\u00e4ftsm\u00f6glichkeiten mit Italien ist der erste Schritt, den ausl\u00e4ndische Unternehmer unternehmen m\u00fcssen, um Bereiche und Formen von Investitionen in Italien zu identifizieren. Italtrade bietet sofortigen Zugang zu allen Informationen \u00fcber den italienischen Markt in der Gesch\u00e4ftssprache ausl\u00e4ndischer Unternehmen.<\/p>\n<\/div>\n","protected":false},"excerpt":{"rendered":"Die Italtrade-Website Die Beschaffung von Informationen \u00fcber den italienischen Markt und die Gesch\u00e4ftsm\u00f6glichkeiten mit Italien ist der erste Schritt, den ausl\u00e4ndische Unternehmer unternehmen m\u00fcssen, um Bereiche und Formen von Investitionen in Italien zu identifizieren. Italtrade bietet sofortigen Zugang zu allen Informationen \u00fcber den italienischen Markt in der Gesch\u00e4ftssprache ausl\u00e4ndischer Unternehmen.","protected":false},"author":4,"featured_media":0,"parent":4295,"menu_order":0,"comment_status":"closed","ping_status":"closed","template":"","meta":{"footnotes":""},"class_list":["post-4321","page","type-page","status-publish","hentry"],"_links":{"self":[{"href":"https:\/\/ambberna.esteri.it\/de\/wp-json\/wp\/v2\/pages\/4321","targetHints":{"allow":["GET"]}}],"collection":[{"href":"https:\/\/ambberna.esteri.it\/de\/wp-json\/wp\/v2\/pages"}],"about":[{"href":"https:\/\/ambberna.esteri.it\/de\/wp-json\/wp\/v2\/types\/page"}],"author":[{"embeddable":true,"href":"https:\/\/ambberna.esteri.it\/de\/wp-json\/wp\/v2\/users\/4"}],"replies":[{"embeddable":true,"href":"https:\/\/ambberna.esteri.it\/de\/wp-json\/wp\/v2\/comments?post=4321"}],"version-history":[{"count":3,"href":"https:\/\/ambberna.esteri.it\/de\/wp-json\/wp\/v2\/pages\/4321\/revisions"}],"predecessor-version":[{"id":5060,"href":"https:\/\/ambberna.esteri.it\/de\/wp-json\/wp\/v2\/pages\/4321\/revisions\/5060"}],"up":[{"embeddable":true,"href":"https:\/\/ambberna.esteri.it\/de\/wp-json\/wp\/v2\/pages\/4295"}],"wp:attachment":[{"href":"https:\/\/ambberna.esteri.it\/de\/wp-json\/wp\/v2\/media?parent=4321"}],"curies":[{"name":"wp","href":"https:\/\/api.w.org\/{rel}","templated":true}]}}