{"id":4330,"date":"2023-06-12T13:50:46","date_gmt":"2023-06-12T11:50:46","guid":{"rendered":"https:\/\/ambberna.esteri.it\/italia-e-svizzera\/diplomazia-economica\/fare-affari-in-italia\/opportunita-di-investimento\/"},"modified":"2023-11-24T11:26:20","modified_gmt":"2023-11-24T09:26:20","slug":"opportunita-di-investimento","status":"publish","type":"page","link":"https:\/\/ambberna.esteri.it\/de\/italia-e-svizzera\/diplomazia-economica\/fare-affari-in-italia\/opportunita-di-investimento\/","title":{"rendered":"Investitionsm\u00f6glichkeiten"},"content":{"rendered":"<p><a href=\"https:\/\/www.invitalia.it\/eng\"><strong><span style=\"text-decoration: underline;\">Die Invitalia-Website<\/span><\/strong><\/a><\/p>\n<p>Invitalia handelt im Auftrag der Regierung, um attraktive Gesch\u00e4ftsm\u00f6glichkeiten zu f\u00f6rdern. Sie ist die zentrale Anlaufstelle f\u00fcr ausl\u00e4ndische Investoren, die ihr Unternehmen in Italien gr\u00fcnden oder erweitern m\u00f6chten, und bietet eine breite Palette von Dienstleistungen in jeder Phase des Investitionsprozesses.<\/p>\n<p>Auf der Website von Invitalia finden ausl\u00e4ndische Investoren alle Informationen, die sie ben\u00f6tigen, um die vorteilhaftesten Investitionsm\u00f6glichkeiten zur Gr\u00fcndung oder Erweiterung ihres Unternehmens in Italien zu nutzen.<\/p>\n","protected":false},"excerpt":{"rendered":"Die Invitalia-Website Invitalia handelt im Auftrag der Regierung, um attraktive Gesch\u00e4ftsm\u00f6glichkeiten zu f\u00f6rdern. Sie ist die zentrale Anlaufstelle f\u00fcr ausl\u00e4ndische Investoren, die ihr Unternehmen in Italien gr\u00fcnden oder erweitern m\u00f6chten, und bietet eine breite Palette von Dienstleistungen in jeder Phase des Investitionsprozesses. Auf der Website von Invitalia finden ausl\u00e4ndische Investoren alle Informationen, die sie ben\u00f6tigen, [&hellip;]","protected":false},"author":4,"featured_media":0,"parent":4295,"menu_order":0,"comment_status":"closed","ping_status":"closed","template":"","meta":{"footnotes":""},"class_list":["post-4330","page","type-page","status-publish","hentry"],"_links":{"self":[{"href":"https:\/\/ambberna.esteri.it\/de\/wp-json\/wp\/v2\/pages\/4330","targetHints":{"allow":["GET"]}}],"collection":[{"href":"https:\/\/ambberna.esteri.it\/de\/wp-json\/wp\/v2\/pages"}],"about":[{"href":"https:\/\/ambberna.esteri.it\/de\/wp-json\/wp\/v2\/types\/page"}],"author":[{"embeddable":true,"href":"https:\/\/ambberna.esteri.it\/de\/wp-json\/wp\/v2\/users\/4"}],"replies":[{"embeddable":true,"href":"https:\/\/ambberna.esteri.it\/de\/wp-json\/wp\/v2\/comments?post=4330"}],"version-history":[{"count":1,"href":"https:\/\/ambberna.esteri.it\/de\/wp-json\/wp\/v2\/pages\/4330\/revisions"}],"predecessor-version":[{"id":4331,"href":"https:\/\/ambberna.esteri.it\/de\/wp-json\/wp\/v2\/pages\/4330\/revisions\/4331"}],"up":[{"embeddable":true,"href":"https:\/\/ambberna.esteri.it\/de\/wp-json\/wp\/v2\/pages\/4295"}],"wp:attachment":[{"href":"https:\/\/ambberna.esteri.it\/de\/wp-json\/wp\/v2\/media?parent=4330"}],"curies":[{"name":"wp","href":"https:\/\/api.w.org\/{rel}","templated":true}]}}