{"id":4338,"date":"2023-06-12T13:51:19","date_gmt":"2023-06-12T11:51:19","guid":{"rendered":"https:\/\/ambberna.esteri.it\/italia-e-svizzera\/diplomazia-economica\/fare-affari-in-italia\/quadro-macroeconomico\/"},"modified":"2023-11-24T11:29:51","modified_gmt":"2023-11-24T09:29:51","slug":"quadro-macroeconomico","status":"publish","type":"page","link":"https:\/\/ambberna.esteri.it\/de\/italia-e-svizzera\/diplomazia-economica\/fare-affari-in-italia\/quadro-macroeconomico\/","title":{"rendered":"Makro\u00f6konomischer Rahmen"},"content":{"rendered":"<p>Auf der Homepage der Bank von Italien befindet sich ein Link zum Bereich Ver\u00f6ffentlichungen, \u00fcber den man Zugang zu den wirtschaftlichen, statistischen und geldpolitischen Diensten \u00fcber Italien hat.<\/p>\n<p>Von besonderem Interesse f\u00fcr eine genaue und aktuelle Analyse der nationalen Wirtschaftslage ist das Wirtschaftsbulletin, das vom Institut jedes Jahr im November und M\u00e4rz aktualisiert wird.<\/p>\n","protected":false},"excerpt":{"rendered":"Auf der Homepage der Bank von Italien befindet sich ein Link zum Bereich Ver\u00f6ffentlichungen, \u00fcber den man Zugang zu den wirtschaftlichen, statistischen und geldpolitischen Diensten \u00fcber Italien hat. Von besonderem Interesse f\u00fcr eine genaue und aktuelle Analyse der nationalen Wirtschaftslage ist das Wirtschaftsbulletin, das vom Institut jedes Jahr im November und M\u00e4rz aktualisiert wird.","protected":false},"author":4,"featured_media":0,"parent":4295,"menu_order":0,"comment_status":"closed","ping_status":"closed","template":"","meta":{"footnotes":""},"class_list":["post-4338","page","type-page","status-publish","hentry"],"_links":{"self":[{"href":"https:\/\/ambberna.esteri.it\/de\/wp-json\/wp\/v2\/pages\/4338","targetHints":{"allow":["GET"]}}],"collection":[{"href":"https:\/\/ambberna.esteri.it\/de\/wp-json\/wp\/v2\/pages"}],"about":[{"href":"https:\/\/ambberna.esteri.it\/de\/wp-json\/wp\/v2\/types\/page"}],"author":[{"embeddable":true,"href":"https:\/\/ambberna.esteri.it\/de\/wp-json\/wp\/v2\/users\/4"}],"replies":[{"embeddable":true,"href":"https:\/\/ambberna.esteri.it\/de\/wp-json\/wp\/v2\/comments?post=4338"}],"version-history":[{"count":2,"href":"https:\/\/ambberna.esteri.it\/de\/wp-json\/wp\/v2\/pages\/4338\/revisions"}],"predecessor-version":[{"id":4344,"href":"https:\/\/ambberna.esteri.it\/de\/wp-json\/wp\/v2\/pages\/4338\/revisions\/4344"}],"up":[{"embeddable":true,"href":"https:\/\/ambberna.esteri.it\/de\/wp-json\/wp\/v2\/pages\/4295"}],"wp:attachment":[{"href":"https:\/\/ambberna.esteri.it\/de\/wp-json\/wp\/v2\/media?parent=4338"}],"curies":[{"name":"wp","href":"https:\/\/api.w.org\/{rel}","templated":true}]}}