{"id":4350,"date":"2023-06-12T14:02:17","date_gmt":"2023-06-12T12:02:17","guid":{"rendered":"https:\/\/ambberna.esteri.it\/italia-e-svizzera\/diplomazia-economica\/fare-affari-in-italia\/link-utili\/"},"modified":"2023-12-06T15:23:33","modified_gmt":"2023-12-06T13:23:33","slug":"link-utili","status":"publish","type":"page","link":"https:\/\/ambberna.esteri.it\/de\/italia-e-svizzera\/diplomazia-economica\/fare-affari-in-italia\/link-utili\/","title":{"rendered":"N\u00fctzliche Links"},"content":{"rendered":"<div>\n<p><strong><a href=\"http:\/\/www.invitalia.it\/\" target=\"_blank\" rel=\"noopener\">Sviluppo Italia<\/a><\/strong> ist die nationale Agentur f\u00fcr Unternehmensentwicklung und Investitionsanreize mit der Aufgabe, die produktive und unternehmerische Entwicklung im Land durch drei Aktionslinien zu f\u00f6rdern, zu beschleunigen und zu verbreiten:<\/p>\n<ul>\n<li>Anziehung von Investitionen<\/li>\n<li>Entwicklung und Gr\u00fcndung von Unternehmen<\/li>\n<li>Unterst\u00fctzung der \u00f6ffentlichen Verwaltung.<\/li>\n<\/ul>\n<\/div>\n<p><img decoding=\"async\" class=\"\" src=\"https:\/\/ambberna.esteri.it\/wp-content\/uploads\/2023\/06\/linea.jpg\" alt=\"linea\" width=\"100%\" border=\"0\" \/><\/p>\n<p><strong>Websites der Regionen Italiens:<\/strong><\/p>\n<p><a title=\"Vai al sito web della Regione Abruzzo. Attenzione! Questo link apre un sito esterno\" href=\"http:\/\/www.regione.abruzzo.it\/\"><strong>Abruzzo<\/strong><\/a><br \/>\n<a title=\"Vai al sito web della Regione Basilicata. Attenzione! Questo link apre un sito esterno\" href=\"http:\/\/www.regione.basilicata.it\/\"><strong>Basilicata<\/strong><\/a><br \/>\n<a title=\"Vai al sito web della Regione Calabria. Attenzione! Questo link apre un sito esterno\" href=\"https:\/\/www.regione.calabria.it\/\"><strong>Calabria<\/strong><\/a><br \/>\n<a title=\"Vai al sito web della Regione Campania. Attenzione! Questo link apre un sito esterno\" href=\"http:\/\/www.regione.campania.it\/\"><strong>Campania<\/strong><\/a><br \/>\n<a title=\"Vai al sito web della Regione Emilia Romagna. Attenzione! Questo link apre un sito esterno\" href=\"http:\/\/www.regione.emilia-romagna.it\/\"><strong>Emilia Romagna<\/strong><\/a><br \/>\n<a title=\"Vai al sito web della Regione Friuli Venezia Giulia. Attenzione! Questo link apre un sito esterno\" href=\"http:\/\/www.regione.fvg.it\/\"><strong>Friuli Venezia Giulia<\/strong><\/a><br \/>\n<a title=\"Vai al sito web della Regione Lazio. Attenzione! Questo link apre un sito esterno\" href=\"http:\/\/www.regione.lazio.it\/\"><strong>Lazio<\/strong><\/a><br \/>\n<a title=\"Vai al sito web della Regione Liguria. Attenzione! Questo link apre un sito esterno\" href=\"http:\/\/www.regione.liguria.it\/\"><strong>Liguria<\/strong><\/a><br \/>\n<a title=\"Vai al sito web della Regione Lombardia. Attenzione! Questo link apre un sito esterno\" href=\"http:\/\/www.regione.lombardia.it\/\"><strong>Lombardia<\/strong><\/a><br \/>\n<a title=\"Vai al sito web della Regione Marche. Attenzione! Questo link apre un sito esterno\" href=\"http:\/\/www.regione.marche.it\/\"><strong>Marche<\/strong><\/a><br \/>\n<a title=\"Vai al sito web della Regione Molise. Attenzione! Questo link apre un sito esterno\" href=\"http:\/\/www.regione.molise.it\/\"><strong>Molise<\/strong><\/a><br \/>\n<a title=\"Vai al sito web della Regione Piemonte. Attenzione! Questo link apre un sito esterno\" href=\"http:\/\/www.regione.piemonte.it\/\"><strong>Piemonte<\/strong><\/a><br \/>\n<a title=\"Vai al sito web della Regione Puglia. Attenzione! Questo link apre un sito esterno\" href=\"https:\/\/www.regione.puglia.it\/\"><strong>Puglia<\/strong><\/a><br \/>\n<a title=\"Vai al sito web della Regione Sardegna. Attenzione! Questo link apre un sito esterno\" href=\"http:\/\/www.regione.sardegna.it\/\"><strong>Sardegna<\/strong><\/a><br \/>\n<strong><a title=\"Vai al sito web della Regione Sicilia. Attenzione! Questo link apre un sito esterno\" href=\"http:\/\/pir.regione.sicilia.it\/\">Sicilia<\/a><\/strong><br \/>\n<a title=\"Vai al sito web della Regione Toscana. Attenzione! Questo link apre un sito esterno\" href=\"http:\/\/www.regione.toscana.it\/\"><strong>Toscana<\/strong><\/a><br \/>\n<a title=\"Vai al sito web della Regione Trentino Alto adige. Attenzione! Questo link apre un sito esterno\" href=\"http:\/\/www.regione.taa.it\/\"><strong>Trentino Alto Adige<\/strong><\/a><br \/>\n<a title=\"Vai al sito web della Regione Umbria. Attenzione! Questo link apre un sito esterno\" href=\"https:\/\/www.regione.umbria.it\/home\"><strong>Umbria<\/strong><\/a><br \/>\n<a title=\"Vai al sito web della Regione Valle d'Aoste. Attenzione! Questo link apre un sito esterno\" href=\"http:\/\/www.regione.vda.it\/\"><strong>Valle d&#8217;Aosta<\/strong><\/a><br \/>\n<a title=\"Vai al sito web della Regione Veneto. Attenzione! Questo link apre un sito esterno\" href=\"http:\/\/www.regione.veneto.it\/\"><strong>Veneto<\/strong><\/a><\/p>\n<p><img decoding=\"async\" class=\"\" src=\"https:\/\/ambberna.esteri.it\/wp-content\/uploads\/2023\/06\/linea.jpg\" alt=\"linea\" width=\"100%\" border=\"0\" \/><\/p>\n<p><a href=\"https:\/\/www.unioncamere.gov.it\/\"><strong><span style=\"text-decoration: underline;\">Der italienische Verband der Handels-, Industrie- und Handwerkskammern (UnionCamere)<\/span><\/strong><\/a>, der die allgemeinen Interessen der Handelskammern wahrnimmt und vertritt, ist sowohl auf lokaler als auch auf nationaler und internationaler Ebene ein Bezugspunkt f\u00fcr das produzierende Gewerbe.<\/p>\n<p>Dar\u00fcber hinaus:<\/p>\n<ul>\n<li>f\u00f6rdert, implementiert und verwaltet sie direkt oder \u00fcber ihre eigenen Spezialunternehmen Dienstleistungen und Aktivit\u00e4ten, die f\u00fcr die Handelskammern und Wirtschaftskategorien von Interesse sind;<\/li>\n<li>zielt darauf ab, die Zusammenarbeit mit dem CCIE-Netz zu konsolidieren und zu entwickeln;<\/li>\n<li>erleichtert den Zugang zu EU-Initiativen und -Programmen mit Hilfe modernster Technologie und f\u00f6rdert internationale Vereinbarungen zur F\u00f6rderung Italiens in der Welt.<\/li>\n<\/ul>\n<p><img decoding=\"async\" class=\"\" src=\"https:\/\/ambberna.esteri.it\/wp-content\/uploads\/2023\/06\/linea.jpg\" alt=\"linea\" width=\"100%\" border=\"0\" \/><\/p>\n<p><strong><a href=\"https:\/\/www.ice.it\/en\/\">ICE<\/a><\/strong>, das Nationale Institut f\u00fcr Aussenhandel, ist die \u00f6ffentliche Einrichtung, die f\u00fcr die Entwicklung, Erleichterung und F\u00f6rderung der italienischen Wirtschafts- und Handelsbeziehungen mit dem Ausland zust\u00e4ndig ist, mit besonderem Augenmerk auf die Bed\u00fcrfnisse der kleinen und mittleren Unternehmen, ihrer Konsortien und Gruppierungen.<\/p>\n<p>Das ICE-Netz in der Welt gew\u00e4hrleistet die Pr\u00e4senz des Instituts in 80 L\u00e4ndern durch die T\u00e4tigkeit von 81 B\u00fcros und 23 Korrespondenzstellen, operative Au\u00dfenstellen, die sich auch in abgelegenen, aber strategisch wichtigen Gebieten befinden.<\/p>\n<p>Die Aktivit\u00e4ten der ICE-Einheiten im Ausland zielen darauf ab, Hilfs-\/Beratungsdienste anzubieten, Werbema\u00dfnahmen zugunsten einzelner Unternehmen und des italienischen Systems zu entwickeln, Informationen \u00fcber das Land, \u00fcber Gesch\u00e4ftsm\u00f6glichkeiten, \u00fcber internationale Ausschreibungen und \u00fcber Investitionen in und aus Italien zu erstellen.<\/p>\n<p><img decoding=\"async\" class=\"\" src=\"https:\/\/ambberna.esteri.it\/wp-content\/uploads\/2023\/06\/linea.jpg\" alt=\"linea\" width=\"100%\" border=\"0\" \/><\/p>\n<p><strong><a href=\"http:\/\/www.assocamerestero.it\/\" target=\"_blank\" rel=\"noopener\">Assocamere estero<\/a><\/strong> ist der Verband der italienischen Handelskammern in der Welt, der gegr\u00fcndet wurde, um die Aktivit\u00e4ten der Kammern zu f\u00f6rdern und zu entwickeln und das Interesse und die Kenntnis des Netzwerks und seiner Besonderheiten bei italienischen und internationalen Institutionen und Unternehmensorganisationen zu verbreiten.<\/p>\n<p>Der Verband<\/p>\n<ul>\n<li>\u00a0vertritt die Bed\u00fcrfnisse und das Dienstleistungspotenzial der CCIEs;<\/li>\n<li>\u00a0sucht Partnerschaften und strategische Allianzen mit \u00f6ffentlichen und privaten Einrichtungen und Institutionen, um die Kenntnis und Nutzung des CCIE-Netzwerks zu f\u00f6rdern;<\/li>\n<li>\u00a0fasst die von den verschiedenen &#8222;Knotenpunkten&#8220; gesammelten Erfahrungen und das Know-how zusammen;<\/li>\n<li>\u00a0F\u00f6rderung und Verbreitung von Programmen und Projekten im Rahmen einer Netzwerklogik;<\/li>\n<li>\u00a0F\u00f6rderung und Verbreitung einer modernen IT-Kultur;<\/li>\n<li>\u00a0Durchf\u00fchrung von Kommunikationsma\u00dfnahmen gegen\u00fcber den italienischen Medien, Institutionen und Unternehmen;<\/li>\n<li>\u00a0f\u00f6rdert die Ausbildung von F\u00fchrungskr\u00e4ften und bietet sie an;<\/li>\n<li>\u00a0unterst\u00fctzt die F\u00f6rderer neuer Kammern im Ausland;<\/li>\n<li>\u00a0f\u00fchrt Netzwerkaktivit\u00e4ten mit anderen europ\u00e4ischen binationalen Kammersystemen durch.<\/li>\n<\/ul>\n<p><img decoding=\"async\" class=\"\" src=\"https:\/\/ambberna.esteri.it\/wp-content\/uploads\/2023\/06\/linea.jpg\" alt=\"linea\" width=\"100%\" border=\"0\" \/><\/p>\n<p><a href=\"https:\/\/www.confindustria.it\/en\"><strong>Confindustria<\/strong><\/a>\u00a0ist die repr\u00e4sentative Organisation der Unternehmen des Dienstleistungssektors in Italien.<\/p>\n<p>Die Confindustria wurde 1910 gegr\u00fcndet und ist die wichtigste repr\u00e4sentative Organisation der Produktions- und Dienstleistungsunternehmen in Italien.<\/p>\n<p>In ihr sind auf freiwilliger Basis mehr als 115.000 Unternehmen aller Gr\u00f6\u00dfenordnungen mit insgesamt rund 4.300.000 Besch\u00e4ftigten zusammengeschlossen.<\/p>\n<p>Gem\u00e4ss ihrer Satzung hat die Confindustria das Ziel, gemeinsam mit den politischen Institutionen und den nationalen und internationalen wirtschaftlichen, sozialen und kulturellen Organisationen zum wirtschaftlichen Wachstum und sozialen Fortschritt des Landes beizutragen.<\/p>\n<p><img decoding=\"async\" class=\"\" src=\"https:\/\/ambberna.esteri.it\/wp-content\/uploads\/2023\/06\/linea.jpg\" alt=\"linea\" width=\"100%\" border=\"0\" \/><\/p>\n<p><strong>Einige repr\u00e4sentative Organisationen:<\/strong><\/p>\n<p><a title=\"Vai al sito della CONFAPI\" href=\"http:\/\/www.confapi.it\/\"><strong>CONFAPI<\/strong><\/a><\/p>\n<p><strong>Italienischer Verband der kleinen und mittelst\u00e4ndischen Industrie<\/strong><\/p>\n<p>Confapi ist mit den italienischen Kleinunternehmen gewachsen und ist heute eine konsolidierte Realit\u00e4t, die mehr als 50 Tausend Unternehmen mit etwa einer Million Besch\u00e4ftigten vertritt.<\/p>\n<p>Die institutionellen Ziele von Confapi sind die Verteidigung der Interessen und die Aufwertung der kleinen und mittleren italienischen Industrie. Es werden Initiativen und Programme durchgef\u00fchrt, um die wirtschaftliche und zivile Entwicklung des Landes in Verbindung mit nationalen und europ\u00e4ischen Organisationen und Institutionen zu f\u00f6rdern.<\/p>\n<p>Der Verband nimmt seine Rolle der Vertretung und des Vorschlags zugunsten der kleinen und mittleren Industrie wahr und unterst\u00fctzt eine nationale Wirtschaftspolitik, die das unternehmerische Wachstum f\u00f6rdert.<\/p>\n<p><a title=\"Vai al sito del Formez\" href=\"http:\/\/www.formez.it\/\"><strong>FORMEZ<br \/>\n<\/strong><\/a><strong>Ausbildungs- und Studienzentrum<\/strong><\/p>\n<p><a title=\"Vai al sito Informest\" href=\"http:\/\/www.informest.it\/\"><strong>INFORMEST<br \/>\n<\/strong><\/a><strong>Service- und Dokumentationszentrum f\u00fcr internationale wirtschaftliche Zusammenarbeit<\/strong><\/p>\n<p><a title=\"Vai al sito SACE\" href=\"https:\/\/www.sace.it\/en\"><strong>SACE<br \/>\n<\/strong><\/a><strong>Versicherungsdienste f\u00fcr den Aussenhandel<\/strong><\/p>\n<p><a title=\"Vai al sito SIMEST\" href=\"https:\/\/www.simest.it\/en\/\"><strong>SIMEST<br \/>\n<\/strong><\/a><strong>Finanzierung f\u00fcr die Entwicklung und F\u00f6rderung italienischer Unternehmen im Ausland<\/strong><\/p>\n","protected":false},"excerpt":{"rendered":"Sviluppo Italia ist die nationale Agentur f\u00fcr Unternehmensentwicklung und Investitionsanreize mit der Aufgabe, die produktive und unternehmerische Entwicklung im Land durch drei Aktionslinien zu f\u00f6rdern, zu beschleunigen und zu verbreiten: Anziehung von Investitionen Entwicklung und Gr\u00fcndung von Unternehmen Unterst\u00fctzung der \u00f6ffentlichen Verwaltung. Websites der Regionen Italiens: Abruzzo Basilicata Calabria Campania Emilia Romagna Friuli Venezia Giulia [&hellip;]","protected":false},"author":4,"featured_media":0,"parent":4295,"menu_order":0,"comment_status":"closed","ping_status":"closed","template":"","meta":{"footnotes":""},"class_list":["post-4350","page","type-page","status-publish","hentry"],"_links":{"self":[{"href":"https:\/\/ambberna.esteri.it\/de\/wp-json\/wp\/v2\/pages\/4350","targetHints":{"allow":["GET"]}}],"collection":[{"href":"https:\/\/ambberna.esteri.it\/de\/wp-json\/wp\/v2\/pages"}],"about":[{"href":"https:\/\/ambberna.esteri.it\/de\/wp-json\/wp\/v2\/types\/page"}],"author":[{"embeddable":true,"href":"https:\/\/ambberna.esteri.it\/de\/wp-json\/wp\/v2\/users\/4"}],"replies":[{"embeddable":true,"href":"https:\/\/ambberna.esteri.it\/de\/wp-json\/wp\/v2\/comments?post=4350"}],"version-history":[{"count":3,"href":"https:\/\/ambberna.esteri.it\/de\/wp-json\/wp\/v2\/pages\/4350\/revisions"}],"predecessor-version":[{"id":5251,"href":"https:\/\/ambberna.esteri.it\/de\/wp-json\/wp\/v2\/pages\/4350\/revisions\/5251"}],"up":[{"embeddable":true,"href":"https:\/\/ambberna.esteri.it\/de\/wp-json\/wp\/v2\/pages\/4295"}],"wp:attachment":[{"href":"https:\/\/ambberna.esteri.it\/de\/wp-json\/wp\/v2\/media?parent=4350"}],"curies":[{"name":"wp","href":"https:\/\/api.w.org\/{rel}","templated":true}]}}