{"id":4407,"date":"2023-04-11T18:24:38","date_gmt":"2023-04-11T16:24:38","guid":{"rendered":"https:\/\/ambberna.esteri.it\/italia-e-svizzera\/diplomazia-culturale\/studiare-in-italia\/"},"modified":"2023-11-24T14:09:08","modified_gmt":"2023-11-24T12:09:08","slug":"studiare-in-italia","status":"publish","type":"page","link":"https:\/\/ambberna.esteri.it\/de\/italia-e-svizzera\/diplomazia-culturale\/studiare-in-italia\/","title":{"rendered":"Studieren in Italien"},"content":{"rendered":"<p>Warum in Italien studieren? In Italien werden viele Sprachen gesprochen: Neben der Sprache der Architektur, der Kunst, des Designs und der Mode wird in Italien auch die Sprache der Forschung und der Wissenschaft gesprochen.<\/p>\n<p>Das Ministerium f\u00fcr ausw\u00e4rtige Angelegenheiten und internationale Zusammenarbeit hat das Portal <a href=\"https:\/\/studyinitaly.esteri.it\/en\/home_borse\"><span style=\"text-decoration: underline;\">StudyInItaly<\/span><\/a> eingerichtet, auf dem Sie nach Studieng\u00e4ngen suchen k\u00f6nnen, die von italienischen Einrichtungen angeboten werden.<\/p>\n<p>Informationen \u00fcber die Anerkennung ausl\u00e4ndischer Abschl\u00fcsse in Italien finden Sie unter dem folgenden <a href=\"https:\/\/www.esteri.it\/en\/diplomazia-culturale-e-diplomazia-scientifica\/cultura\/universita\/riconoscimento_titoli_studio\/\"><span style=\"text-decoration: underline;\">Link<\/span><\/a>. Eine detaillierte Beschreibung der derzeit geltenden Formen der Anerkennung ausl\u00e4ndischer Abschl\u00fcsse finden Sie auf der Website des <a href=\"https:\/\/www.cimea.it\/EN\/\"><span style=\"text-decoration: underline;\">Informationszentrums f\u00fcr akademische Mobilit\u00e4t und Gleichwertigkeit <\/span><\/a>(CIMEA).<\/p>\n<p>Das Ministerium f\u00fcr Bildung und Verdienst bietet auch einen n\u00fctzlichen <a href=\"https:\/\/www.miur.gov.it\/-\/scuola-in-chiaro\"><span style=\"text-decoration: underline;\">Online-Service<\/span><\/a> f\u00fcr die Suche nach allen italienischen Schulen aller Stufen. Ausgehend von einer Suchseite und unter Verwendung von drei verschiedenen Kriterien ist es m\u00f6glich, Schulen ausfindig zu machen, den Inhalt der einzelnen Informationsbl\u00e4tter einzusehen und einen Vergleich auf der Grundlage bestimmter Parameter durchzuf\u00fchren.<\/p>\n<p>Um eine Erkl\u00e4rung \u00fcber den Wert eines schweizerischen Diploms zu erhalten, das von Bildungseinrichtungen mit Sitz im Konsularbezirk der italienischen Botschaft in Bern ausgestellt wurde, und um sich \u00fcber das Verfahren f\u00fcr die Einschreibung an italienischen Universit\u00e4ten zu informieren, wenden Sie sich bitte per E-Mail an das Student Office unter <a href=\"mailto:uffscuola.basilea@esteri.it\">uffscuola.basilea@esteri.it<\/a>.<\/p>\n","protected":false},"excerpt":{"rendered":"Warum in Italien studieren? In Italien werden viele Sprachen gesprochen: Neben der Sprache der Architektur, der Kunst, des Designs und der Mode wird in Italien auch die Sprache der Forschung und der Wissenschaft gesprochen. Das Ministerium f\u00fcr ausw\u00e4rtige Angelegenheiten und internationale Zusammenarbeit hat das Portal StudyInItaly eingerichtet, auf dem Sie nach Studieng\u00e4ngen suchen k\u00f6nnen, die [&hellip;]","protected":false},"author":1,"featured_media":0,"parent":3949,"menu_order":0,"comment_status":"closed","ping_status":"closed","template":"","meta":{"footnotes":""},"class_list":["post-4407","page","type-page","status-publish","hentry"],"_links":{"self":[{"href":"https:\/\/ambberna.esteri.it\/de\/wp-json\/wp\/v2\/pages\/4407","targetHints":{"allow":["GET"]}}],"collection":[{"href":"https:\/\/ambberna.esteri.it\/de\/wp-json\/wp\/v2\/pages"}],"about":[{"href":"https:\/\/ambberna.esteri.it\/de\/wp-json\/wp\/v2\/types\/page"}],"author":[{"embeddable":true,"href":"https:\/\/ambberna.esteri.it\/de\/wp-json\/wp\/v2\/users\/1"}],"replies":[{"embeddable":true,"href":"https:\/\/ambberna.esteri.it\/de\/wp-json\/wp\/v2\/comments?post=4407"}],"version-history":[{"count":1,"href":"https:\/\/ambberna.esteri.it\/de\/wp-json\/wp\/v2\/pages\/4407\/revisions"}],"predecessor-version":[{"id":4408,"href":"https:\/\/ambberna.esteri.it\/de\/wp-json\/wp\/v2\/pages\/4407\/revisions\/4408"}],"up":[{"embeddable":true,"href":"https:\/\/ambberna.esteri.it\/de\/wp-json\/wp\/v2\/pages\/3949"}],"wp:attachment":[{"href":"https:\/\/ambberna.esteri.it\/de\/wp-json\/wp\/v2\/media?parent=4407"}],"curies":[{"name":"wp","href":"https:\/\/api.w.org\/{rel}","templated":true}]}}