{"id":4430,"date":"2023-04-11T18:24:57","date_gmt":"2023-04-11T16:24:57","guid":{"rendered":"https:\/\/ambberna.esteri.it\/italia-e-svizzera\/diplomazia-culturale\/lingua-e-cultura-italiana\/"},"modified":"2024-01-25T10:06:38","modified_gmt":"2024-01-25T08:06:38","slug":"lingua-e-cultura-italiana","status":"publish","type":"page","link":"https:\/\/ambberna.esteri.it\/de\/italia-e-svizzera\/diplomazia-culturale\/lingua-e-cultura-italiana\/","title":{"rendered":"Italienische Sprache und Kultur"},"content":{"rendered":"<p>Das <a href=\"https:\/\/ambberna.esteri.it\/wp-content\/uploads\/2023\/06\/dlgs_64_2017.pdf\"><span style=\"text-decoration: underline;\">Gesetzesdekret Nr. 64 vom 13. April 2017<\/span><\/a>, das die italienischen Schulen im Ausland regelt, ersetzt in Umsetzung der Delegation des Gesetzes Nr. 107\/2015 (&#8222;Buona Scuola&#8220;) den Rahmen, der durch den konsolidierten Text der gesetzlichen Bestimmungen zum Bildungswesen (Gesetzesdekret 297 vom 16. April 1994) vorgegeben war. Dies ist eine bedeutende Reform der Bildungseinrichtungen und ein Wendepunkt in der F\u00f6rderung der italienischen Sprache im Ausland.<\/p>\n<p><strong>SCHULJAHR 2023\/2024<\/strong><\/p>\n<p>Die Liste der Kurse, Stundenpl\u00e4ne und Standorte finden Sie auf der Website: <a href=\"https:\/\/corsilinguacultura.ch\/corsi-2\/\"><span style=\"text-decoration: underline;\">https:\/\/corsilinguacultura.ch\/corsi-2\/<\/span><\/a><\/p>\n<p><span style=\"text-decoration: underline; background-color: #ffff00;\"><strong>ANMELDUNGEN 2024\/2025<\/strong><\/span><\/p>\n<p>Ab dem <strong>31. Januar 2024<\/strong> k\u00f6nnen Sie Ihre Tochter\/Ihren Sohn \u00fcber das Webportal unter folgendem <strong><span style=\"text-decoration: underline;\"><a href=\"https:\/\/web.spaggiari.eu\/alw\/app\/default\/login_preiscrizione_ch.php?custcode=XEES0023&amp;lang=it\">Link<\/a><\/span><\/strong> in unsere Kurse anmelden.<\/p>\n<p>Die Familien von Kindern, die <span style=\"text-decoration: underline;\"><strong>bereits<\/strong><\/span> an Kursen teilnehmen, m\u00fcssen ihre Anmeldung f\u00fcr das n\u00e4chste Schuljahr <strong>best\u00e4tigen<\/strong>.<\/p>\n<p>Die Verfahren sind sehr einfach; alle Hinweise finden Sie auf der Website, die der Einschreibung gewidmet ist: <a href=\"https:\/\/corsilinguacultura.ch\/iscrizioni\/\"><strong>https:\/\/corsilinguacultura.ch\/iscrizioni\/<\/strong><\/a><\/p>\n<p><strong><span style=\"text-decoration: underline;\">Hinweise zu den zu befolgenden Verfahren<\/span><\/strong>:<\/p>\n<p><strong>ANMELDUNG UND NEUANMELDUNG: <a href=\"https:\/\/corsilinguacultura.ch\/wp-content\/uploads\/2021\/01\/PORTALE_CLC_REGISTRAZIONE_ISCRIZIONE_27.01.pdf\">operative Hinweise<\/a><\/strong><\/p>\n<p><strong>BEST\u00c4TIGUNG: <a href=\"https:\/\/corsilinguacultura.ch\/wp-content\/uploads\/2021\/01\/PORTALE_CLC_CONFERMA_ISCRIZIONE_27.01.pdf\">operative Hinweise<\/a><\/strong><\/p>\n<p>&nbsp;<\/p>\n<p><span style=\"text-decoration: underline;\"><strong>ALLGEMEINE INFORMATIONEN<\/strong><\/span><\/p>\n<p>Weitere Einzelheiten zu den Kursen finden Sie unter folgendem Link: <a href=\"http:\/\/www.corsilinguacultura.ch\">www.corsilinguacultura.ch<\/a><\/p>\n<p>In \u00dcbereinstimmung mit dem neuen Rechtsrahmen besteht das Hauptziel der Sprach- und Kulturkurse in unseren Bezirken darin, die Verbreitung der italienischen Sprache und Kultur zu f\u00f6rdern, aber vor allem eine fortschreitende Mehrsprachigkeit zu entwickeln, indem die Beherrschung der italienischen Sprache in Wort und Schrift und die Kenntnis unserer Zivil- und Kulturgeschichte verbessert werden. Es ist zu betonen, dass die Mehrsprachigkeit einen entscheidenden Beitrag zum beruflichen Erfolg in der Schweizer Gesellschaft leistet. Zudem hat die Sprachforschung gezeigt, dass diejenigen, die ihre Muttersprache gut beherrschen, einen Vorteil beim Erlernen der anderen Sprachen haben.<\/p>\n<p>Auch Sch\u00fclerinnen und Sch\u00fcler, die kein Italienisch k\u00f6nnen, k\u00f6nnen die Kurse besuchen. Der Unterricht ist massgeschneidert und individuell, &#8222;massgeschneidert&#8220; f\u00fcr jeden Sch\u00fcler und jede Sch\u00fclerin, wobei die unterschiedlichen F\u00e4higkeiten ber\u00fccksichtigt werden.<\/p>\n<p>Die Teilnahme an unseren Kursen erm\u00f6glicht es den Sch\u00fclern der letzten Klassen, die Pr\u00fcfung zum Erwerb eines europaweit anerkannten Sprachzertifikats abzulegen, das f\u00fcr den Zugang zum Arbeitsmarkt von gr\u00f6sster Bedeutung ist. Dieses Zertifikat kann in den Sprachenpass aufgenommen werden, der in der ganzen Schweiz anerkannt ist und den Zugang zu Ausbildungen und Berufen erm\u00f6glicht, in denen Mehrsprachigkeit erforderlich ist.<\/p>\n<p>Die Schulen und Erziehungsdirektionen mehrerer Kantone empfehlen die Teilnahme an unseren Kursen.<\/p>\n<p>Die Tr\u00e4gerschaften, die vom italienischen Staat einen Beitrag erhalten, k\u00f6nnen auch die Familien um einen freiwilligen Beitrag bitten, um den M\u00e4dchen und Jungen in allen Kursen die Lehrmittel und Texte zur Verf\u00fcgung zu stellen, die sie ben\u00f6tigen, um dem Unterricht mit Gewinn zu folgen. Im Konsularbezirk Bern (der die Kantone Bern, Neuenburg und Freiburg umfasst) stellt das Ministerium f\u00fcr ausw\u00e4rtige Angelegenheiten und internationale Zusammenarbeit sieben staatliche Lehrkr\u00e4fte ein; weitere Kurse werden von <a href=\"http:\/\/www.cipe-ne.ch\/\">CIPE<\/a> (Neuch\u00e2tel und Freiburg) organisiert.<\/p>\n<p>&nbsp;<\/p>\n<p><strong><span style=\"text-decoration: underline;\">KONTAKTE<\/span><br \/>\n<\/strong><\/p>\n<p><strong>Schulsekretariat<\/strong><br \/>\n<strong>Konsularische Kanzlei in Bern<\/strong><br \/>\n031 3901017<\/p>\n<p><strong>Konsulat in Basel<\/strong><br \/>\n061 6909858<\/p>\n<p>E-Mail: <a href=\"mailto:uffscuola.basilea@esteri.it\">uffscuola.basilea@esteri.it<\/a><br \/>\nE-Mail: <a href=\"mailto:dirscol.basilea@esteri.it\">dirscol.basilea@esteri.it<\/a><a>\u00a0<\/a><\/p>\n<p><a href=\"http:\/\/www.corsilinguacultura.ch\">www.corsilinguacultura.ch<\/a><\/p>\n","protected":false},"excerpt":{"rendered":"Das Gesetzesdekret Nr. 64 vom 13. April 2017, das die italienischen Schulen im Ausland regelt, ersetzt in Umsetzung der Delegation des Gesetzes Nr. 107\/2015 (&#8222;Buona Scuola&#8220;) den Rahmen, der durch den konsolidierten Text der gesetzlichen Bestimmungen zum Bildungswesen (Gesetzesdekret 297 vom 16. April 1994) vorgegeben war. Dies ist eine bedeutende Reform der Bildungseinrichtungen und ein [&hellip;]","protected":false},"author":1,"featured_media":0,"parent":3949,"menu_order":0,"comment_status":"closed","ping_status":"closed","template":"","meta":{"footnotes":""},"class_list":["post-4430","page","type-page","status-publish","hentry"],"_links":{"self":[{"href":"https:\/\/ambberna.esteri.it\/de\/wp-json\/wp\/v2\/pages\/4430","targetHints":{"allow":["GET"]}}],"collection":[{"href":"https:\/\/ambberna.esteri.it\/de\/wp-json\/wp\/v2\/pages"}],"about":[{"href":"https:\/\/ambberna.esteri.it\/de\/wp-json\/wp\/v2\/types\/page"}],"author":[{"embeddable":true,"href":"https:\/\/ambberna.esteri.it\/de\/wp-json\/wp\/v2\/users\/1"}],"replies":[{"embeddable":true,"href":"https:\/\/ambberna.esteri.it\/de\/wp-json\/wp\/v2\/comments?post=4430"}],"version-history":[{"count":7,"href":"https:\/\/ambberna.esteri.it\/de\/wp-json\/wp\/v2\/pages\/4430\/revisions"}],"predecessor-version":[{"id":5875,"href":"https:\/\/ambberna.esteri.it\/de\/wp-json\/wp\/v2\/pages\/4430\/revisions\/5875"}],"up":[{"embeddable":true,"href":"https:\/\/ambberna.esteri.it\/de\/wp-json\/wp\/v2\/pages\/3949"}],"wp:attachment":[{"href":"https:\/\/ambberna.esteri.it\/de\/wp-json\/wp\/v2\/media?parent=4430"}],"curies":[{"name":"wp","href":"https:\/\/api.w.org\/{rel}","templated":true}]}}