{"id":4450,"date":"2023-06-13T10:20:48","date_gmt":"2023-06-13T08:20:48","guid":{"rendered":"https:\/\/ambberna.esteri.it\/italia-e-svizzera\/diplomazia-culturale\/scuole-in-cui-si-insegna-litaliano\/"},"modified":"2025-05-21T12:09:23","modified_gmt":"2025-05-21T10:09:23","slug":"scuole-in-cui-si-insegna-litaliano","status":"publish","type":"page","link":"https:\/\/ambberna.esteri.it\/de\/italia-e-svizzera\/diplomazia-culturale\/scuole-in-cui-si-insegna-litaliano\/","title":{"rendered":"Schulen, an denen Italienisch unterrichtet wird"},"content":{"rendered":"<p>Das System der italienischen Ausbildung in der Welt (SFIM) ist ein internationales Netzwerk von Bildungseinrichtungen, das vom Ministerium f\u00fcr ausw\u00e4rtige Angelegenheiten und internationale Zusammenarbeit durch das Amt V der Generaldirektion f\u00fcr \u00f6ffentliche und kulturelle Diplomatie verwaltet wird.<br \/>\nDas SFIM hat als grundlegendes Ziel die Verbreitung und F\u00f6rderung der italienischen Sprache und Kultur im Ausland in einem europ\u00e4ischen Wertesystem und in einer internationalen Dimension und verfolgt die Bildungsziele, die das nationale Bildungs- und Ausbildungssystem inspirieren.<br \/>\nDas SFIM ist mit dem diplomatischen und konsularischen Netzwerk, den italienischen Kulturinstituten und anderen \u00f6ffentlichen und privaten Akteuren verbunden, die an der F\u00f6rderung der italienischen Sprache und Kultur in der Welt beteiligt sind, unter Ber\u00fccksichtigung der Bed\u00fcrfnisse des kulturellen, sozialen und wirtschaftlichen Kontextes der lokalen Gegebenheiten.<br \/>\nDas SFIM-Netzwerk umfasst den gesamten Bildungszyklus \u2013 Kindergarten, Grundschule, Sekundarstufe I und II, Universit\u00e4t \u2013 und beinhaltet:<\/p>\n<p>&#8211; staatliche Schulen;<\/p>\n<p>&#8211; \u00f6ffentliche und private Schulen;<\/p>\n<p>&#8211; Italienische Abteilungen an ausl\u00e4ndischen, zweisprachigen oder internationalen Schulen;<br \/>\n&#8211; Kurse, die von den Verwaltungsorganen und anderen Initiativen f\u00fcr die italienische Sprache und Kultur im Ausland gef\u00f6rdert werden; (Link zur Seite der Verwaltungsorgane)<\/p>\n<p>&#8211; Italienisch-Lehr\u00e4mter an ausl\u00e4ndischen Universit\u00e4ten.<\/p>\n<p>Das von Italien an das System der italienischen Ausbildung in der Welt entsandte Personal bildet das sogenannte Kontingent des Schulpersonals im Ausland, das sich aus Schulleitern, Lehrern an staatlichen Schulen, an Schulen mit gleichwertiger und an italienischen Abteilungen ausl\u00e4ndischer und internationaler Schulen, italienischen Lektoren an ausl\u00e4ndischen Universit\u00e4ten und Verwaltungspersonal zusammensetzt.<\/p>\n<ul>\n<li><strong>\u00a0<a href=\"https:\/\/ambberna.esteri.it\/wp-content\/uploads\/2024\/12\/REV-2024-_Scuole_2024.pdf\"><span style=\"text-decoration: underline;\">Staatliche, parit\u00e4tische und nicht-parit\u00e4tische Schulen, italienische Abteilungen in ausl\u00e4ndischen Schulen<\/span><\/a><\/strong><\/li>\n<li>\u00a0<a href=\"https:\/\/ambberna.esteri.it\/wp-content\/uploads\/2024\/12\/2024-Uffici-scolastici.pdf\"><strong><span style=\"text-decoration: underline;\">Schulb\u00fcros in diplomatischen Vertretungen<\/span><\/strong><\/a><\/li>\n<\/ul>\n","protected":false},"excerpt":{"rendered":"Das System der italienischen Ausbildung in der Welt (SFIM) ist ein internationales Netzwerk von Bildungseinrichtungen, das vom Ministerium f\u00fcr ausw\u00e4rtige Angelegenheiten und internationale Zusammenarbeit durch das Amt V der Generaldirektion f\u00fcr \u00f6ffentliche und kulturelle Diplomatie verwaltet wird. Das SFIM hat als grundlegendes Ziel die Verbreitung und F\u00f6rderung der italienischen Sprache und Kultur im Ausland in [&hellip;]","protected":false},"author":4,"featured_media":0,"parent":3949,"menu_order":0,"comment_status":"closed","ping_status":"closed","template":"","meta":{"footnotes":""},"class_list":["post-4450","page","type-page","status-publish","hentry"],"_links":{"self":[{"href":"https:\/\/ambberna.esteri.it\/de\/wp-json\/wp\/v2\/pages\/4450","targetHints":{"allow":["GET"]}}],"collection":[{"href":"https:\/\/ambberna.esteri.it\/de\/wp-json\/wp\/v2\/pages"}],"about":[{"href":"https:\/\/ambberna.esteri.it\/de\/wp-json\/wp\/v2\/types\/page"}],"author":[{"embeddable":true,"href":"https:\/\/ambberna.esteri.it\/de\/wp-json\/wp\/v2\/users\/4"}],"replies":[{"embeddable":true,"href":"https:\/\/ambberna.esteri.it\/de\/wp-json\/wp\/v2\/comments?post=4450"}],"version-history":[{"count":5,"href":"https:\/\/ambberna.esteri.it\/de\/wp-json\/wp\/v2\/pages\/4450\/revisions"}],"predecessor-version":[{"id":7926,"href":"https:\/\/ambberna.esteri.it\/de\/wp-json\/wp\/v2\/pages\/4450\/revisions\/7926"}],"up":[{"embeddable":true,"href":"https:\/\/ambberna.esteri.it\/de\/wp-json\/wp\/v2\/pages\/3949"}],"wp:attachment":[{"href":"https:\/\/ambberna.esteri.it\/de\/wp-json\/wp\/v2\/media?parent=4450"}],"curies":[{"name":"wp","href":"https:\/\/api.w.org\/{rel}","templated":true}]}}