{"id":4531,"date":"2023-04-11T18:20:37","date_gmt":"2023-04-11T16:20:37","guid":{"rendered":"https:\/\/ambberna.esteri.it\/servizi-consolari-e-visti\/servizi-per-il-cittadino-italiano\/albo-consolare-e-altri-servizi\/"},"modified":"2024-04-02T08:19:46","modified_gmt":"2024-04-02T06:19:46","slug":"albo-consolare-e-altri-servizi","status":"publish","type":"page","link":"https:\/\/ambberna.esteri.it\/de\/servizi-consolari-e-visti\/servizi-per-il-cittadino-italiano\/albo-consolare-e-altri-servizi\/","title":{"rendered":"Konsularregister und andere Dienstleistungen"},"content":{"rendered":"<p><strong>KONSULARGEB\u00dcHREN<\/strong><\/p>\n<ul>\n<li><a href=\"https:\/\/ambberna.esteri.it\/wp-content\/uploads\/2024\/04\/CC_-BERNA_Tabella-tariffa-consolare-II-trimestre-2024-Copia.xls\">KONSULATSGEB\u00dcHRENTABELLE<\/a><\/li>\n<li><a href=\"https:\/\/ambberna.esteri.it\/wp-content\/uploads\/2024\/03\/4617582Decreto-Tasso-ragguaglio-SIBI_firmato-2-trim-2024.pdf\">KONSULATSWECHSELKURS<\/a><\/li>\n<\/ul>\n<p><a href=\"https:\/\/ambberna.esteri.it\/news\/dall_ambasciata\/albo-consolare-degli-enti-gestori-promotori-di-iniziative-a-favore-della-lingua-e-della-cultura-italiana\"><strong>KONSULARISCHES REGISTER DER ORGANISATIONEN, DIE INITIATIVEN ZUR F\u00d6RDERUNG DER ITALIENISCHEN SPRACHE UND KULTUR LEITEN\/F\u00d6RDERN<\/strong><\/a><\/p>\n<p><strong>ERL\u00c4SSE<\/strong><\/p>\n<ul>\n<li><a href=\"https:\/\/ambberna.esteri.it\/wp-content\/uploads\/2023\/06\/decreto_consolare_elezioni_comites.pdf\">DEKRET ZUR EINBERUFUNG DER KOMITEES F\u00dcR DIE WAHLEN 2021<\/a><\/li>\n<li><a href=\"https:\/\/ambberna.esteri.it\/wp-content\/uploads\/2023\/06\/decreto_15.10.2021_istituzione_comitato_elettorale.pdf\">DEKRET ZUR EINRICHTUNG DES WAHLAUSSCHUSSES F\u00dcR DIE UMSCHREIBUNG<\/a><\/li>\n<\/ul>\n","protected":false},"excerpt":{"rendered":"KONSULARGEB\u00dcHREN KONSULATSGEB\u00dcHRENTABELLE KONSULATSWECHSELKURS KONSULARISCHES REGISTER DER ORGANISATIONEN, DIE INITIATIVEN ZUR F\u00d6RDERUNG DER ITALIENISCHEN SPRACHE UND KULTUR LEITEN\/F\u00d6RDERN ERL\u00c4SSE DEKRET ZUR EINBERUFUNG DER KOMITEES F\u00dcR DIE WAHLEN 2021 DEKRET ZUR EINRICHTUNG DES WAHLAUSSCHUSSES F\u00dcR DIE UMSCHREIBUNG","protected":false},"author":1,"featured_media":0,"parent":3977,"menu_order":20,"comment_status":"closed","ping_status":"closed","template":"","meta":{"footnotes":""},"class_list":["post-4531","page","type-page","status-publish","hentry"],"_links":{"self":[{"href":"https:\/\/ambberna.esteri.it\/de\/wp-json\/wp\/v2\/pages\/4531","targetHints":{"allow":["GET"]}}],"collection":[{"href":"https:\/\/ambberna.esteri.it\/de\/wp-json\/wp\/v2\/pages"}],"about":[{"href":"https:\/\/ambberna.esteri.it\/de\/wp-json\/wp\/v2\/types\/page"}],"author":[{"embeddable":true,"href":"https:\/\/ambberna.esteri.it\/de\/wp-json\/wp\/v2\/users\/1"}],"replies":[{"embeddable":true,"href":"https:\/\/ambberna.esteri.it\/de\/wp-json\/wp\/v2\/comments?post=4531"}],"version-history":[{"count":6,"href":"https:\/\/ambberna.esteri.it\/de\/wp-json\/wp\/v2\/pages\/4531\/revisions"}],"predecessor-version":[{"id":6350,"href":"https:\/\/ambberna.esteri.it\/de\/wp-json\/wp\/v2\/pages\/4531\/revisions\/6350"}],"up":[{"embeddable":true,"href":"https:\/\/ambberna.esteri.it\/de\/wp-json\/wp\/v2\/pages\/3977"}],"wp:attachment":[{"href":"https:\/\/ambberna.esteri.it\/de\/wp-json\/wp\/v2\/media?parent=4531"}],"curies":[{"name":"wp","href":"https:\/\/api.w.org\/{rel}","templated":true}]}}