{"id":4565,"date":"2023-06-27T15:47:54","date_gmt":"2023-06-27T13:47:54","guid":{"rendered":"https:\/\/ambberna.esteri.it\/servizi-consolari-e-visti\/servizi-per-il-cittadino-italiano\/adozioni\/"},"modified":"2026-02-03T10:36:13","modified_gmt":"2026-02-03T08:36:13","slug":"adozioni","status":"publish","type":"page","link":"https:\/\/ambberna.esteri.it\/de\/servizi-consolari-e-visti\/servizi-per-il-cittadino-italiano\/adozioni\/","title":{"rendered":"Adoptionen"},"content":{"rendered":"<table style=\"background-color: #ffffe0;\">\n<tbody>\n<tr style=\"background-color: #bdb76b; color: #ffffff;\">\n<td width=\"189\"><strong>Mitarbeiter im B\u00fcro<\/strong><\/td>\n<td width=\"207\"><strong><b>E-Mail<br \/>\n<\/b><\/strong><\/td>\n<td width=\"118\"><strong><b>Telefon<\/b><\/strong><\/td>\n<\/tr>\n<tr>\n<td width=\"189\">Zampini Fiorenzo<\/td>\n<td width=\"207\"><a href=\"mailto:berna.consolare@esteri.it\">berna.consolare@esteri.it<\/a><\/td>\n<td width=\"118\">+41 31 390 10 00<\/td>\n<\/tr>\n<\/tbody>\n<\/table>\n<p>&nbsp;<\/p>\n<p>Unter internationaler Adoption versteht man die Adoption eines Kindes mit nicht-italienischer Staatsangeh\u00f6rigkeit, das von den Beh\u00f6rden seines Heimatlandes f\u00fcr adoptionsf\u00e4hig erkl\u00e4rt wurde.<\/p>\n<p>Damit eine solche Adoption in Italien wirksam ist, m\u00fcssen besondere Verfahren eingehalten werden, die im italienischen und internationalen Recht festgelegt sind. Andernfalls wird die ausl\u00e4ndische Adoption nicht als g\u00fcltig angesehen und das Kind darf nicht einmal in unser Land einreisen. Ausserdem stellt die Nichteinhaltung der Adoptionsgesetze in bestimmten F\u00e4llen eine Straftat dar.<\/p>\n<p>Informationen hierzu finden Sie auf der entsprechenden<a href=\"https:\/\/www.esteri.it\/en\/servizi-consolari-e-visti\/italiani-all-estero\/adozioni-internazionali\/\"><span style=\"text-decoration: underline;\"> Seite<\/span><\/a> des Ministeriums f\u00fcr ausw\u00e4rtige Angelegenheiten und internationale Zusammenarbeit.<\/p>\n<p>&nbsp;<\/p>\n","protected":false},"excerpt":{"rendered":"Mitarbeiter im B\u00fcro E-Mail Telefon Zampini Fiorenzo berna.consolare@esteri.it +41 31 390 10 00 &nbsp; Unter internationaler Adoption versteht man die Adoption eines Kindes mit nicht-italienischer Staatsangeh\u00f6rigkeit, das von den Beh\u00f6rden seines Heimatlandes f\u00fcr adoptionsf\u00e4hig erkl\u00e4rt wurde. Damit eine solche Adoption in Italien wirksam ist, m\u00fcssen besondere Verfahren eingehalten werden, die im italienischen und internationalen Recht [&hellip;]","protected":false},"author":4,"featured_media":0,"parent":3977,"menu_order":0,"comment_status":"closed","ping_status":"closed","template":"","meta":{"footnotes":""},"class_list":["post-4565","page","type-page","status-publish","hentry"],"_links":{"self":[{"href":"https:\/\/ambberna.esteri.it\/de\/wp-json\/wp\/v2\/pages\/4565","targetHints":{"allow":["GET"]}}],"collection":[{"href":"https:\/\/ambberna.esteri.it\/de\/wp-json\/wp\/v2\/pages"}],"about":[{"href":"https:\/\/ambberna.esteri.it\/de\/wp-json\/wp\/v2\/types\/page"}],"author":[{"embeddable":true,"href":"https:\/\/ambberna.esteri.it\/de\/wp-json\/wp\/v2\/users\/4"}],"replies":[{"embeddable":true,"href":"https:\/\/ambberna.esteri.it\/de\/wp-json\/wp\/v2\/comments?post=4565"}],"version-history":[{"count":4,"href":"https:\/\/ambberna.esteri.it\/de\/wp-json\/wp\/v2\/pages\/4565\/revisions"}],"predecessor-version":[{"id":8555,"href":"https:\/\/ambberna.esteri.it\/de\/wp-json\/wp\/v2\/pages\/4565\/revisions\/8555"}],"up":[{"embeddable":true,"href":"https:\/\/ambberna.esteri.it\/de\/wp-json\/wp\/v2\/pages\/3977"}],"wp:attachment":[{"href":"https:\/\/ambberna.esteri.it\/de\/wp-json\/wp\/v2\/media?parent=4565"}],"curies":[{"name":"wp","href":"https:\/\/api.w.org\/{rel}","templated":true}]}}