{"id":4575,"date":"2023-06-09T16:08:06","date_gmt":"2023-06-09T14:08:06","guid":{"rendered":"https:\/\/ambberna.esteri.it\/servizi-consolari-e-visti\/servizi-per-il-cittadino-italiano\/anagrafe\/"},"modified":"2023-12-08T10:44:43","modified_gmt":"2023-12-08T08:44:43","slug":"anagrafe","status":"publish","type":"page","link":"https:\/\/ambberna.esteri.it\/de\/servizi-consolari-e-visti\/servizi-per-il-cittadino-italiano\/anagrafe\/","title":{"rendered":"Melderegister"},"content":{"rendered":"<div>\n<table style=\"background-color: #ffffe0;\">\n<tbody>\n<tr style=\"background-color: #bdb76b; color: #ffffff;\">\n<td width=\"189\"><strong><b>Mitarbeiter im B\u00fcro<br \/>\n<\/b><\/strong><\/td>\n<td width=\"207\"><strong><b>E-Mail<br \/>\n<\/b><\/strong><\/td>\n<td width=\"118\"><strong><b>Telefon<\/b><\/strong><\/td>\n<\/tr>\n<tr>\n<td width=\"189\">Ciccolini Tancredi<\/td>\n<td width=\"207\"><a href=\"mailto:berna.anagrafe@esteri.it\">berna.anagrafe@esteri.it<\/a><\/td>\n<td width=\"118\">+41 31 390 10 26<\/td>\n<\/tr>\n<tr>\n<td width=\"189\">Macr\u00ec Salvatore<\/td>\n<td width=\"207\"><a href=\"mailto:berna.anagrafe@esteri.it\">berna.anagrafe@esteri.it<\/a><\/td>\n<td width=\"118\">+41 31 390 10 13<\/td>\n<\/tr>\n<\/tbody>\n<\/table>\n<p>&nbsp;<\/p>\n<p><strong>1. ANMELDUNG BEIM AIRE &#8211; MELDEREGISTER DER IM AUSLAND WOHNHAFTEN ITALIENISCHEN STAATSB\u00dcRGER<\/strong><\/p>\n<p>Alle <span style=\"text-decoration: underline;\">italienische Staatsb\u00fcrger, die ihren Wohnsitz ins Ausland<\/span> verlegen, m\u00fcssen laut Gesetz (Gesetz Nr. 470 aus dem Jahr 1988) bei der <a href=\"https:\/\/ambberna.esteri.it\/de\/chi-siamo\/la-rete-consolare\/\">zust\u00e4ndigen Konsularabteilung<\/a> eine entsprechende Erkl\u00e4rung innerhalb von 90 Tagen nach der Ankunft im Bestimmungsland abgeben. Italienische Staatsb\u00fcrger mit Wohnsitz im Ausland, die bei AIRE registriert sind, m\u00fcssen beim italienischen Konsulat ihres Wohnsitzes alle standesamtlichen Formalit\u00e4ten (Personenstand, Staatsangeh\u00f6rigkeit, Adresse, Familienzusammensetzung, Wohnsitz) sowie die Ausstellung von P\u00e4ssen und Personalausweisen beantragen.<\/p>\n<p><strong>ACHTUNG &#8211; Die Anmeldung bei AIRE und die Aktualisierung des Wohnsitzwechsels sind nicht nur gesetzlich vorgeschrieben, sondern auch notwendig, um konsularische Dienstleistungen<\/strong> wie die Ausstellung von Ausweispapieren, die Stimmabgabe im ausl\u00e4ndischen Wahlkreis und den Empfang von Mitteilungen der italienischen Beh\u00f6rden in Anspruch nehmen zu k\u00f6nnen.<\/p>\n<p><strong>2. WIE MAN SICH BEI AIRE ANMELDET: das Portal FAST IT<\/strong><\/p>\n<p>Der Antrag auf Eintragung in das AIRE kann vom B\u00fcrger (f\u00fcr sich selbst und f\u00fcr seine Familienangeh\u00f6rigen mit italienischer Staatsb\u00fcrgerschaft) direkt online \u00fcber das <a href=\"https:\/\/serviziconsolari.esteri.it\/ScoFE\/index.sco\">Fast It<\/a>-Portal gestellt werden.<\/p>\n<p>Der Benutzer muss sich zun\u00e4chst auf dem Portal registrieren, indem er sein eigenes Benutzerkonto anlegt. Nach Abschluss der Registrierung kann er auf die Rubrik &#8222;Konsularregister und Aire&#8220; zugreifen und die Funktion &#8222;Antrag auf Eintragung in das Register der Italiener im Ausland&#8220; ausw\u00e4hlen. Er muss dann die erforderlichen Felder ausf\u00fcllen und den Antrag digital unterschreiben oder ausdrucken, unterschreiben und auf das Portal hochladen. Die f\u00fcr den Zugang zum Portal <strong>erforderlichen Dokumente<\/strong> sind:<\/p>\n<ol>\n<li>Kopie des Personalausweises<\/li>\n<li>Nachweis eines dauerhaften und rechtm\u00e4ssigen Aufenthalts im Ausland, d. h.:<\/li>\n<\/ol>\n<ul>\n<li>Kopie der Aufenthaltsgenehmigung (B, C), L-Genehmigung (nur wenn bereits einmal verl\u00e4ngert). Falls Sie im Besitz einer neuen Aufenthaltserlaubnis aus Plastik sind, in der die Adresse fehlt, f\u00fcgen Sie bitte auch eine Kopie der Rechnungen der Versorgungsunternehmen (Telefon, Strom, Versicherung, Mietvertrag) bei.<br \/>\nODER<\/li>\n<li>Schweizer Wohnsitzbescheinigung.<\/li>\n<\/ul>\n<p>F\u00fcr Schweizer B\u00fcrger ist unter Punkt 2 nur die Schweizer Wohnsitzbescheinigung zu verstehen.<\/p>\n<p>Weitere Informationen und eine Erkl\u00e4rung des Portals finden Sie in unserem <a href=\"https:\/\/ambberna.esteri.it\/wp-content\/uploads\/2023\/06\/1_guida_pratica_iscrizione_fastit.pdf\">Leitfaden<\/a> zur Fast It-Anmeldung<\/p>\n<p><strong>3. MITTEILUNG EINER ADRESS\u00c4NDERUNG: DAS FAST IT-PORTAL<\/strong><\/p>\n<p>Eine Adress\u00e4nderung kann vom betroffenen B\u00fcrger \u00fcber das FAST IT-Portal mitgeteilt werden. Dabei sind zwei F\u00e4lle zu unterscheiden:<\/p>\n<p>A) F\u00dcR NUTZER, DIE BEREITS IN DER VERGANGENHEIT OHNE FAST IT BEIM STANDESAMT REGISTRIERT WAREN<\/p>\n<p>Wenn die AIRE-Registrierung bereits auf anderem Wege erfolgt ist (E-Mail, Post), m\u00fcssen Sie sich zun\u00e4chst im FastIt-Portal registrieren, indem Sie Ihren eigenen Benutzernamen anlegen. Fordern Sie dann &#8222;ANSEHEN IHRER EIGENEN KARTE&#8220; an: Auf diese Weise verkn\u00fcpft das Portal Ihre fr\u00fchere Registrierung und Sie k\u00f6nnen sie f\u00fcr k\u00fcnftige Adressaktualisierungen verwenden. Weitere Informationen finden Sie in unserem speziellen <a href=\"https:\/\/ambberna.esteri.it\/wp-content\/uploads\/2023\/06\/3_guida_pratica_associazione_account_fast_it.pdf\">Leitfaden<\/a>.<\/p>\n<p>B) F\u00dcR NUTZER, DIE SICH \u00dcBER FAST IT REGISTRIERT HABEN<\/p>\n<p>In diesem Fall geben Sie einfach Ihre neue Adresse an und f\u00fcgen eine Kopie Ihres Personalausweises bei. Weitere Informationen und eine Erkl\u00e4rung des Portals zur \u00c4nderung Ihrer Adresse finden Sie in unserem <a href=\"https:\/\/ambberna.esteri.it\/wp-content\/uploads\/2023\/06\/2_guida_pratica_cambio_indirizzo.pdf\">Leitfaden<\/a> zur Adress\u00e4nderung.<\/p>\n<p><strong>4. MITTEILUNG DES UMZUGS AUS EINEM ANDEREN SCHWEIZERISCHEN KONSULARBEZIRK<\/strong><\/p>\n<p>Die Konsularische Kanzlei der Italienischen Botschaft ist f\u00fcr die Kantone Bern, Neuenburg und Freiburg zust\u00e4ndig. Bei einem Wohnsitzwechsel aus einem anderen Schweizer Kanton gen\u00fcgt es, die neue Adresse im FAST IT-Portal einzutragen und die gleichen Dokumente beizuf\u00fcgen, die f\u00fcr die Anmeldung erforderlich sind: a) Kopie Ihres Ausweises + b) Aufenthaltsbewilligung ODER Wohnsitzbescheinigung, aus der Ihre neue Schweizer Adresse hervorgeht.<\/p>\n<p>Wenn Ihre g\u00fcltige Aufenthaltsbewilligung Ihre alte Adresse im vorherigen Kanton enth\u00e4lt, k\u00f6nnen Sie eine Kopie der Versorgungseinrichtung (oder alternativ eine Wohnsitzbescheinigung) beif\u00fcgen.<\/p>\n<p>&nbsp;<\/p>\n<\/div>\n","protected":false},"excerpt":{"rendered":"Mitarbeiter im B\u00fcro E-Mail Telefon Ciccolini Tancredi berna.anagrafe@esteri.it +41 31 390 10 26 Macr\u00ec Salvatore berna.anagrafe@esteri.it +41 31 390 10 13 &nbsp; 1. ANMELDUNG BEIM AIRE &#8211; MELDEREGISTER DER IM AUSLAND WOHNHAFTEN ITALIENISCHEN STAATSB\u00dcRGER Alle italienische Staatsb\u00fcrger, die ihren Wohnsitz ins Ausland verlegen, m\u00fcssen laut Gesetz (Gesetz Nr. 470 aus dem Jahr 1988) bei der [&hellip;]","protected":false},"author":4,"featured_media":0,"parent":3977,"menu_order":1,"comment_status":"closed","ping_status":"closed","template":"","meta":{"footnotes":""},"class_list":["post-4575","page","type-page","status-publish","hentry"],"_links":{"self":[{"href":"https:\/\/ambberna.esteri.it\/de\/wp-json\/wp\/v2\/pages\/4575","targetHints":{"allow":["GET"]}}],"collection":[{"href":"https:\/\/ambberna.esteri.it\/de\/wp-json\/wp\/v2\/pages"}],"about":[{"href":"https:\/\/ambberna.esteri.it\/de\/wp-json\/wp\/v2\/types\/page"}],"author":[{"embeddable":true,"href":"https:\/\/ambberna.esteri.it\/de\/wp-json\/wp\/v2\/users\/4"}],"replies":[{"embeddable":true,"href":"https:\/\/ambberna.esteri.it\/de\/wp-json\/wp\/v2\/comments?post=4575"}],"version-history":[{"count":5,"href":"https:\/\/ambberna.esteri.it\/de\/wp-json\/wp\/v2\/pages\/4575\/revisions"}],"predecessor-version":[{"id":5392,"href":"https:\/\/ambberna.esteri.it\/de\/wp-json\/wp\/v2\/pages\/4575\/revisions\/5392"}],"up":[{"embeddable":true,"href":"https:\/\/ambberna.esteri.it\/de\/wp-json\/wp\/v2\/pages\/3977"}],"wp:attachment":[{"href":"https:\/\/ambberna.esteri.it\/de\/wp-json\/wp\/v2\/media?parent=4575"}],"curies":[{"name":"wp","href":"https:\/\/api.w.org\/{rel}","templated":true}]}}