{"id":4608,"date":"2023-06-09T16:14:32","date_gmt":"2023-06-09T14:14:32","guid":{"rendered":"https:\/\/ambberna.esteri.it\/servizi-consolari-e-visti\/servizi-per-il-cittadino-italiano\/anagrafe\/fast-it\/"},"modified":"2023-12-08T11:11:24","modified_gmt":"2023-12-08T09:11:24","slug":"fast-it","status":"publish","type":"page","link":"https:\/\/ambberna.esteri.it\/de\/servizi-consolari-e-visti\/servizi-per-il-cittadino-italiano\/anagrafe\/fast-it\/","title":{"rendered":"Fast It"},"content":{"rendered":"<div>\n<p>Wir m\u00f6chten Sie darauf hinweisen, dass in der Konsularischen Kanzlei der Italienischen Botschaft in Bern ab sofort das computergest\u00fctzte Portal &#8222;Fast It&#8220; (Farnesina Servizi Telematici per gli Italiani all&#8217;estero) aktiv ist. Es ist in deutscher Sprache unter folgendem <a href=\"https:\/\/serviziconsolari.esteri.it\/ScoFE\/index.sco\">Link<\/a> verf\u00fcgbar<\/p>\n<p>Dabei handelt es sich um eine digitale Plattform, die vom Ministerium f\u00fcr ausw\u00e4rtige Angelegenheiten und internationale Zusammenarbeit eingerichtet wurde, um den im Ausland lebenden Landsleuten die M\u00f6glichkeit zu geben, sich beim A.I.R.E. zu registrieren und eventuelle \u00c4nderungen der Adresse oder des Konsularbezirks schnell zu melden.<\/p>\n<p>Um das Fast It-Portal nutzen zu k\u00f6nnen, muss man sich in das Portal registrieren und eine E-Mail-Adresse besitzen.<\/p>\n<p>Die \u00fcber &#8222;Fast It&#8220; eingeleiteten Vorg\u00e4nge k\u00f6nnen online eingesehen werden, und es obliegt dem einzelnen B\u00fcrger, sich mit seinem Benutzernamen und Passwort einzuloggen, um den Status zu erfahren.<\/p>\n<p><strong>ANWEISUNGEN<br \/>\n<\/strong><\/p>\n<ul>\n<li><strong>ERSTER SCHRITT: Registrierung<\/strong><\/li>\n<\/ul>\n<ol>\n<li style=\"list-style-type: none;\">\n<ol>\n<li>Sie m\u00fcssen best\u00e4tigen, dass Sie die italienische Staatsb\u00fcrgerschaft besitzen.<\/li>\n<li>Es m\u00fcssen eine E-Mail-Adresse und ein Passwort angegeben werden (mindestens 8 und h\u00f6chstens 16 Zeichen, mindestens ein Grossbuchstabe, eine Zahl und ein Sonderzeichen).<\/li>\n<\/ol>\n<\/li>\n<\/ol>\n<ul>\n<li><strong>ZWEITER SCHRITT: Benutzeraktivierung<\/strong><br \/>\nSie erhalten eine E-Mail an die angegebene Adresse, um Ihr Benutzerkonto zu aktivieren (klicken Sie auf den Link BENUTZERAKTIVIERUNG). Wenn der Benutzer nicht innerhalb von 72 Stunden aktiviert wird, muss ein neuer Aktivierungscode angefordert werden (NEUEN AKTIVIERUNGSCODE SENDEN).<\/li>\n<\/ul>\n<ul>\n<li><strong>DRITTER SCHRITT: Ausf\u00fcllen des Antrags<\/strong><br \/>\nNachdem Sie Ihr Benutzerkonto aktiviert haben, m\u00fcssen Sie auf das Portal zugreifen (klicken Sie auf den Link <a href=\"https:\/\/serviziconsolari.esteri.it\/ScoFE\/index.sco\">https:\/\/serviziconsolarionline.esteri.it<\/a>), um den Antrag auf Online-Registrierung beim A.I.R.E. (ANAGRAFE CONSOLARE E AIRE) auszuf\u00fcllen und folgende Dokumente beif\u00fcgen:<\/li>\n<\/ul>\n<ol>\n<li style=\"list-style-type: none;\">\n<ol>\n<li>eine Kopie des italienischen Reisepasses oder eine Kopie des g\u00fcltigen Personalausweises (f\u00fcr im Ausland geborene italienische Staatsangeh\u00f6rige ist es gesetzlich vorgeschrieben, bei der Beantragung der Eintragung die Angaben der Geburtsurkunde der italienischen Gemeinde mitzuteilen oder eine Kopie der italienischen Geburtsurkunde beizuf\u00fcgen)<\/li>\n<li>Nachweis eines festen und rechtm\u00e4ssigen Wohnsitzes im Ausland, d. h:<\/li>\n<\/ol>\n<ul>\n<li style=\"list-style-type: none;\">\n<ul>\n<li>Kopie der Aufenthaltsgenehmigung (B, C), L-Bewilligung (nur wenn bereits einmal verl\u00e4ngert), Schweizer Niederlassungsausweis\/Wohnsitzbest\u00e4tigung. Wenn Sie eine neue Aufenthaltsbewilligung aus Plastik haben, f\u00fcgen Sie bitte auch eine Kopie der Rechnungen der Versorgungsunternehmen bei (Telefon, Strom, Versicherung, Mietvertrag f\u00fcr die Wohnung)<\/li>\n<li>Kopie des Arbeitsvertrags (falls vorhanden), aus dem hervorgeht, dass es sich um einen unbefristeten Arbeitsvertrag oder einen Arbeitsvertrag mit einer Laufzeit von mehr als 12 Monaten handelt<\/li>\n<li>Kopie des Schweizer Personalausweises\/Reisepasses, wenn Sie auch die Schweizer Staatsb\u00fcrgerschaft besitzen.<\/li>\n<\/ul>\n<\/li>\n<\/ul>\n<\/li>\n<\/ol>\n<p>Bitte denken Sie daran, in dem Formular auch die anderen Mitglieder des Haushalts anzugeben, die an derselben Adresse wohnen (z. B. Ehepartner und Kinder). Auch bei minderj\u00e4hrigen Kindern kann die AIRE-Anmeldung und die Mitteilung der \u00c4nderung der Wohnanschrift \u00fcber das <a href=\"https:\/\/serviziconsolari.esteri.it\/ScoFE\/index.sco\">Fast It<\/a>-Portal erfolgen. Bei minderj\u00e4hrigen Kindern, die nur bei einem Elternteil wohnen, muss jedoch auch die vom anderen Elternteil ausgef\u00fcllte <a href=\"https:\/\/ambberna.esteri.it\/wp-content\/uploads\/2023\/06\/modulo_assenso.docx\">Zustimmungserkl\u00e4rung<\/a> in das Portal hochgeladen werden.<\/p>\n<p>Es ist ratsam, dass alle erwachsenen Familienmitglieder ein Anmeldeformular ausf\u00fcllen. Eine Fotokopie des Personalausweises des ausl\u00e4ndischen Ehepartners sollte ebenfalls beigef\u00fcgt werden.<br \/>\nBitte beachten Sie, dass die im Fast It-Portal abgefragte PIN-Nummer f\u00fcr die A.I.R.E.-Anmeldung und Adress\u00e4nderung nicht erforderlich ist.<\/p>\n<p>Die Immatrikulation beginnt an dem Tag, an dem der Antrag im Fast It-Portal eingegeben wird. F\u00fcr die Benachrichtigung \u00fcber die Immatrikulation ist hingegen die italienische Gemeinde zust\u00e4ndig, die den B\u00fcrger im Ausland direkt benachrichtigt.<\/p>\n<p>Weitere Informationen finden Sie in den praktischen Anleitungen f\u00fcr die Nutzung von Fast It:<\/p>\n<ul>\n<li><a href=\"https:\/\/ambberna.esteri.it\/wp-content\/uploads\/2023\/06\/1_guida_pratica_iscrizione_fastit.pdf\">Leitfaden<\/a> f\u00fcr die AIRE-Einschreibung<\/li>\n<li><a href=\"https:\/\/ambberna.esteri.it\/wp-content\/uploads\/2023\/06\/2_guida_pratica_cambio_indirizzo.pdf\">Leitfaden<\/a> f\u00fcr die \u00c4nderung der Adresse<\/li>\n<li><a href=\"https:\/\/ambberna.esteri.it\/wp-content\/uploads\/2023\/06\/3_guida_pratica_associazione_account_fast_it.pdf\">Leitfaden<\/a> f\u00fcr die Zuordnung<\/li>\n<\/ul>\n<\/div>\n","protected":false},"excerpt":{"rendered":"Wir m\u00f6chten Sie darauf hinweisen, dass in der Konsularischen Kanzlei der Italienischen Botschaft in Bern ab sofort das computergest\u00fctzte Portal &#8222;Fast It&#8220; (Farnesina Servizi Telematici per gli Italiani all&#8217;estero) aktiv ist. Es ist in deutscher Sprache unter folgendem Link verf\u00fcgbar Dabei handelt es sich um eine digitale Plattform, die vom Ministerium f\u00fcr ausw\u00e4rtige Angelegenheiten und [&hellip;]","protected":false},"author":4,"featured_media":0,"parent":4575,"menu_order":0,"comment_status":"closed","ping_status":"closed","template":"","meta":{"footnotes":""},"class_list":["post-4608","page","type-page","status-publish","hentry"],"_links":{"self":[{"href":"https:\/\/ambberna.esteri.it\/de\/wp-json\/wp\/v2\/pages\/4608","targetHints":{"allow":["GET"]}}],"collection":[{"href":"https:\/\/ambberna.esteri.it\/de\/wp-json\/wp\/v2\/pages"}],"about":[{"href":"https:\/\/ambberna.esteri.it\/de\/wp-json\/wp\/v2\/types\/page"}],"author":[{"embeddable":true,"href":"https:\/\/ambberna.esteri.it\/de\/wp-json\/wp\/v2\/users\/4"}],"replies":[{"embeddable":true,"href":"https:\/\/ambberna.esteri.it\/de\/wp-json\/wp\/v2\/comments?post=4608"}],"version-history":[{"count":3,"href":"https:\/\/ambberna.esteri.it\/de\/wp-json\/wp\/v2\/pages\/4608\/revisions"}],"predecessor-version":[{"id":5398,"href":"https:\/\/ambberna.esteri.it\/de\/wp-json\/wp\/v2\/pages\/4608\/revisions\/5398"}],"up":[{"embeddable":true,"href":"https:\/\/ambberna.esteri.it\/de\/wp-json\/wp\/v2\/pages\/4575"}],"wp:attachment":[{"href":"https:\/\/ambberna.esteri.it\/de\/wp-json\/wp\/v2\/media?parent=4608"}],"curies":[{"name":"wp","href":"https:\/\/api.w.org\/{rel}","templated":true}]}}