{"id":4616,"date":"2023-06-09T16:15:41","date_gmt":"2023-06-09T14:15:41","guid":{"rendered":"https:\/\/ambberna.esteri.it\/servizi-consolari-e-visti\/servizi-per-il-cittadino-italiano\/anagrafe\/domande-frequenti-anagrafe\/"},"modified":"2023-12-08T11:13:56","modified_gmt":"2023-12-08T09:13:56","slug":"domande-frequenti-anagrafe","status":"publish","type":"page","link":"https:\/\/ambberna.esteri.it\/de\/servizi-consolari-e-visti\/servizi-per-il-cittadino-italiano\/anagrafe\/domande-frequenti-anagrafe\/","title":{"rendered":"H\u00e4ufig gestellte Fragen &#8211; Melderegister"},"content":{"rendered":"<div>\n<p><strong>Was ist A.I.R.E.?<br \/>\n<\/strong>A.I.R.E. bedeutet &#8222;Anagrafe degli Italiani Residenti all&#8217;Estero&#8220; (Melderegister der im Ausland wohnhaften italienischen Staatsb\u00fcrger). Jeder italienische Staatsb\u00fcrger mit Wohnsitz im Ausland muss im A.I.R.E. einer italienischen Gemeinde eingetragen sein (die Gemeinde, in der der Interessent oder ein Vorfahre oder ein anderes direktes Familienmitglied seinen letzten Wohnsitz in Italien hatte).<\/p>\n<p><strong>Ist die Einschreibung beim A.I.R.E. obligatorisch?<\/strong><br \/>\nJa, die Eintragung bei der A.I.R.E. ist gesetzlich vorgesehen (Gesetz Nr. 470 von 1988) und f\u00fcr alle italienischen Staatsb\u00fcrger obligatorisch, die beabsichtigen, sich f\u00fcr mindestens 12 Monate im Ausland aufzuhalten, und zwar innerhalb von 90 Tagen ab dem Datum der Ankunft im Bestimmungsland. B\u00fcrger, die sich vor\u00fcbergehend oder saisonal f\u00fcr einen Zeitraum von nicht mehr als 12 Monaten im Ausland aufhalten, m\u00fcssen sich nicht anmelden.<\/p>\n<p><strong>Wozu dient die Anmeldung beim A.I.R.E.?<br \/>\n<\/strong>Die Registrierung beim A.I.R.E. ist nicht nur gesetzlich vorgeschrieben, sondern auch notwendig, um konsularische Dienstleistungen in Anspruch nehmen zu k\u00f6nnen, wie z. B. die Ausstellung von Reisep\u00e4ssen und Ausweispapieren, die Stimmabgabe im ausl\u00e4ndischen Wahlbezirk und den Erhalt von Mitteilungen der italienischen Beh\u00f6rden: Wenn Sie sich nicht registrieren lassen oder Ihre Registrierung nicht aktualisieren, kann die Konsularkanzlei Ihnen KEINE Reisedokumente oder andere konsularische Dienstleistungen ausstellen; Sie erhalten auch keine Wahlpakete.<br \/>\nItalienische Staatsb\u00fcrger mit Wohnsitz im Ausland, die bei AIRE (Anagrafe Italiani Residenti all&#8217;Estero) registriert sind, m\u00fcssen sich mit dem<a href=\"https:\/\/ambberna.esteri.it\/de\/chi-siamo\/la-rete-consolare\/\"> italienischen Konsulat ihres Wohnsitzes<\/a> in Verbindung setzen, um die Formalit\u00e4ten des Standesamtes zu erledigen und \u00c4nderungen ihrer pers\u00f6nlichen Daten mitzuteilen (Familienstand, Staatsangeh\u00f6rigkeit, Adresse, Familienzusammensetzung, Wohnsitz). Es ist dann Aufgabe des Konsulats selbst, als Vermittler zwischen dem betreffenden B\u00fcrger und der jeweiligen italienischen Meldebeh\u00f6rde zu fungieren.<br \/>\nEigent\u00fcmer von H\u00e4usern oder anderen Immobilien in Italien, die beim AIRE registriert sind, k\u00f6nnen bei den zust\u00e4ndigen Beh\u00f6rden gem\u00e4ss den von ihnen erlassenen Vorschriften Erm\u00e4ssigungen oder Verg\u00fcnstigungen f\u00fcr Versorgungsleistungen und Steuern beantragen.<\/p>\n<p><strong>Wie wird man beim A.I.R.E. registriert?<br \/>\n<\/strong>Die Anmeldung beim A.I.R.E. ist kostenlos und kann bequem von zu Hause aus \u00fcber das IT-Portal <a href=\"https:\/\/serviziconsolari.esteri.it\/ScoFE\/index.sco\">Fast It<\/a> vorgenommen werden.<br \/>\nUm das Fast It-Portal nutzen zu k\u00f6nnen, m\u00fcssen Sie sich in das Portal registrieren und \u00fcber eine E-Mail-Adresse verf\u00fcgen. Im Zweifelsfall konsultieren Sie bitte den Fast It-Registrierungs<a href=\"https:\/\/ambberna.esteri.it\/wp-content\/uploads\/2023\/06\/1_guida_pratica_iscrizione_fastit.pdf\">leitfaden<\/a>.<\/p>\n<p><strong>Was ist FAST IT?<br \/>\n<\/strong><a href=\"https:\/\/serviziconsolari.esteri.it\/ScoFE\/index.sco\">Fast It<\/a> ist ein IT-Portal, das Ihnen erm\u00f6glicht, sich beim A.I.R.E. anzumelden, einen Wechsel des Konsularbezirks mitzuteilen oder Ihren Wohnsitz innerhalb desselben Bezirks zu aktualisieren, und zwar auf einfachste und schnellste Weise, direkt von zu Hause aus.<\/p>\n<p><strong>Muss ich mich auch melden, wenn ich meinen Wohnsitz wechsle?<br \/>\n<\/strong>Ja, denn die Aktualisierung des Wohnsitzes erfolgt nicht automatisch, und die Nichtmitteilung an das Konsulat kann zu Missverst\u00e4ndnissen und Verz\u00f6gerungen bei der Erbringung konsularischer Dienstleistungen f\u00fchren. F\u00fcr die Aktualisierung Ihres Wohnsitzes reicht es aus, das Konsulat \u00fcber FAST IT zu informieren. Im Zweifelsfall konsultieren Sie bitte unseren <a href=\"https:\/\/ambberna.esteri.it\/wp-content\/uploads\/2023\/06\/2_guida_pratica_cambio_indirizzo.pdf\">Leitfaden<\/a> zur Adress\u00e4nderung.<\/p>\n<p><strong>Ist es notwendig, zum Konsulat zu gehen?<br \/>\n<\/strong>Nein, um sich beim A.I.R.E. anzumelden oder Ihren Wohnsitz zu \u00e4ndern, ist es nicht notwendig, zum Konsulat zu gehen. Alles muss online, \u00fcber FAST IT, bequem von zu Hause aus erledigt werden.<\/p>\n<p><strong>Kann das Konsulat eine A.I.R.E.-Anmeldebescheinigung ausstellen?<br \/>\n<\/strong>Nein, Sie m\u00fcssen sie bei der zust\u00e4ndigen italienischen Gemeinde beantragen.<\/p>\n<p><strong>Wie lange muss ich warten, um mich beim A.I.R.E. anzumelden?<br \/>\n<\/strong>Die Einschreibung beginnt an dem Tag, an dem der Antrag in Fast It eingegeben wird. F\u00fcr die Benachrichtigung \u00fcber die Einschreibung ist die italienische Gemeinde zust\u00e4ndig, die den B\u00fcrger im Ausland direkt benachrichtigt.<\/p>\n<p><strong>Was kann ich tun, wenn ich bereits im Melderegister eingetragen bin, ohne Fast It benutzt zu haben?<br \/>\n<\/strong>Wenn Sie bereits im Melderegister eingetragen sind, k\u00f6nnen Sie sich im Fast It-Portal registrieren und um eine Zuordnung bitten, damit Sie Ihre Akte einsehen und k\u00fcnftige Adressaktualisierungen beantragen k\u00f6nnen. Im Zweifelsfall konsultieren Sie bitte unseren <a href=\"https:\/\/ambberna.esteri.it\/wp-content\/uploads\/2023\/06\/3_guida_pratica_associazione_account_fast_it.pdf\">Leitfaden<\/a> f\u00fcr die Mitgliedschaft.<\/p>\n<p><strong>Ich war beim Melderegister angemeldet, wurde dann aber repatriiert\/versetzt\/abgemeldet wegen Nichtverf\u00fcgbarkeit. Was muss ich jetzt tun, wenn ich wieder im Bezirk wohnhaft bin?<\/strong><br \/>\nIn diesen F\u00e4llen ist es derzeit nicht m\u00f6glich, das Fast It-Portal zu nutzen. Sie k\u00f6nnen sich an das Melderegister wenden unter: <a href=\"mailto:berna.anagrafe@esteri.it\">berna.anagrafe@esteri.it<\/a><\/p>\n<\/div>\n","protected":false},"excerpt":{"rendered":"Was ist A.I.R.E.? A.I.R.E. bedeutet &#8222;Anagrafe degli Italiani Residenti all&#8217;Estero&#8220; (Melderegister der im Ausland wohnhaften italienischen Staatsb\u00fcrger). Jeder italienische Staatsb\u00fcrger mit Wohnsitz im Ausland muss im A.I.R.E. einer italienischen Gemeinde eingetragen sein (die Gemeinde, in der der Interessent oder ein Vorfahre oder ein anderes direktes Familienmitglied seinen letzten Wohnsitz in Italien hatte). Ist die Einschreibung [&hellip;]","protected":false},"author":4,"featured_media":0,"parent":4575,"menu_order":0,"comment_status":"closed","ping_status":"closed","template":"","meta":{"footnotes":""},"class_list":["post-4616","page","type-page","status-publish","hentry"],"_links":{"self":[{"href":"https:\/\/ambberna.esteri.it\/de\/wp-json\/wp\/v2\/pages\/4616","targetHints":{"allow":["GET"]}}],"collection":[{"href":"https:\/\/ambberna.esteri.it\/de\/wp-json\/wp\/v2\/pages"}],"about":[{"href":"https:\/\/ambberna.esteri.it\/de\/wp-json\/wp\/v2\/types\/page"}],"author":[{"embeddable":true,"href":"https:\/\/ambberna.esteri.it\/de\/wp-json\/wp\/v2\/users\/4"}],"replies":[{"embeddable":true,"href":"https:\/\/ambberna.esteri.it\/de\/wp-json\/wp\/v2\/comments?post=4616"}],"version-history":[{"count":4,"href":"https:\/\/ambberna.esteri.it\/de\/wp-json\/wp\/v2\/pages\/4616\/revisions"}],"predecessor-version":[{"id":5401,"href":"https:\/\/ambberna.esteri.it\/de\/wp-json\/wp\/v2\/pages\/4616\/revisions\/5401"}],"up":[{"embeddable":true,"href":"https:\/\/ambberna.esteri.it\/de\/wp-json\/wp\/v2\/pages\/4575"}],"wp:attachment":[{"href":"https:\/\/ambberna.esteri.it\/de\/wp-json\/wp\/v2\/media?parent=4616"}],"curies":[{"name":"wp","href":"https:\/\/api.w.org\/{rel}","templated":true}]}}