{"id":4677,"date":"2023-04-11T18:18:20","date_gmt":"2023-04-11T16:18:20","guid":{"rendered":"https:\/\/ambberna.esteri.it\/servizi-consolari-e-visti\/servizi-per-il-cittadino-italiano\/assistenza-ai-cittadini-allestero\/"},"modified":"2026-02-03T10:36:00","modified_gmt":"2026-02-03T08:36:00","slug":"assistenza-ai-cittadini-allestero","status":"publish","type":"page","link":"https:\/\/ambberna.esteri.it\/de\/servizi-consolari-e-visti\/servizi-per-il-cittadino-italiano\/assistenza-ai-cittadini-allestero\/","title":{"rendered":"Hilfe f\u00fcr B\u00fcrger im Ausland"},"content":{"rendered":"<table style=\"background-color: #ffffe0;\">\n<tbody>\n<tr style=\"background-color: #bdb76b; color: #ffffff;\">\n<td width=\"189\"><strong><b>Mitarbeiter im B\u00fcro<br \/>\n<\/b><\/strong><\/td>\n<td width=\"207\"><strong><b>E-Mail<br \/>\n<\/b><\/strong><\/td>\n<td width=\"118\"><strong><b>Telefon<\/b><\/strong><\/td>\n<\/tr>\n<tr>\n<td width=\"189\">Zampini Fiorenzo<\/td>\n<td width=\"207\"><a href=\"mailto:berna.consolare@esteri.it\">berna.consolare@esteri.it<\/a><\/td>\n<td width=\"118\">+41 31 390 10 00<\/td>\n<\/tr>\n<\/tbody>\n<\/table>\n<p>Der Sozialhilfedienst richtet sich an italienische Staatsangeh\u00f6rige, die sich in einer Situation der Mittellosigkeit befinden.<\/p>\n<p>Italienische Staatsb\u00fcrger k\u00f6nnen vom Konsulat wirtschaftliche oder andere Hilfe erhalten, um eine momentane Notlage zu \u00fcberwinden.<\/p>\n","protected":false},"excerpt":{"rendered":"Mitarbeiter im B\u00fcro E-Mail Telefon Zampini Fiorenzo berna.consolare@esteri.it +41 31 390 10 00 Der Sozialhilfedienst richtet sich an italienische Staatsangeh\u00f6rige, die sich in einer Situation der Mittellosigkeit befinden. Italienische Staatsb\u00fcrger k\u00f6nnen vom Konsulat wirtschaftliche oder andere Hilfe erhalten, um eine momentane Notlage zu \u00fcberwinden.","protected":false},"author":1,"featured_media":0,"parent":3977,"menu_order":2,"comment_status":"closed","ping_status":"closed","template":"","meta":{"footnotes":""},"class_list":["post-4677","page","type-page","status-publish","hentry"],"_links":{"self":[{"href":"https:\/\/ambberna.esteri.it\/de\/wp-json\/wp\/v2\/pages\/4677","targetHints":{"allow":["GET"]}}],"collection":[{"href":"https:\/\/ambberna.esteri.it\/de\/wp-json\/wp\/v2\/pages"}],"about":[{"href":"https:\/\/ambberna.esteri.it\/de\/wp-json\/wp\/v2\/types\/page"}],"author":[{"embeddable":true,"href":"https:\/\/ambberna.esteri.it\/de\/wp-json\/wp\/v2\/users\/1"}],"replies":[{"embeddable":true,"href":"https:\/\/ambberna.esteri.it\/de\/wp-json\/wp\/v2\/comments?post=4677"}],"version-history":[{"count":3,"href":"https:\/\/ambberna.esteri.it\/de\/wp-json\/wp\/v2\/pages\/4677\/revisions"}],"predecessor-version":[{"id":8553,"href":"https:\/\/ambberna.esteri.it\/de\/wp-json\/wp\/v2\/pages\/4677\/revisions\/8553"}],"up":[{"embeddable":true,"href":"https:\/\/ambberna.esteri.it\/de\/wp-json\/wp\/v2\/pages\/3977"}],"wp:attachment":[{"href":"https:\/\/ambberna.esteri.it\/de\/wp-json\/wp\/v2\/media?parent=4677"}],"curies":[{"name":"wp","href":"https:\/\/api.w.org\/{rel}","templated":true}]}}