{"id":4687,"date":"2023-06-16T14:29:11","date_gmt":"2023-06-16T12:29:11","guid":{"rendered":"https:\/\/ambberna.esteri.it\/servizi-consolari-e-visti\/servizi-per-il-cittadino-italiano\/assistenza-ai-cittadini-allestero\/assistenza-sanitaria-ed-economica\/"},"modified":"2023-12-08T13:10:05","modified_gmt":"2023-12-08T11:10:05","slug":"assistenza-sanitaria-ed-economica","status":"publish","type":"page","link":"https:\/\/ambberna.esteri.it\/de\/servizi-consolari-e-visti\/servizi-per-il-cittadino-italiano\/assistenza-ai-cittadini-allestero\/assistenza-sanitaria-ed-economica\/","title":{"rendered":"Gesundheit und wirtschaftliche Versorgung"},"content":{"rendered":"<div>\n<p><strong>GESUNDHEITSVERSORGUNG<\/strong><\/p>\n<p>Italienische Staatsangeh\u00f6rige, die sich auf der Durchreise oder als Touristen in der Schweiz und in Liechtenstein aufhalten, k\u00f6nnen bei Vorlage ihrer <a href=\"https:\/\/www.salute.gov.it\/portale\/cureUE\/dettaglioContenutiCureUE.jsp?lingua=english&amp;id=5272&amp;area=healcareUE&amp;menu=vuoto\">Europ\u00e4ischen Krankenversicherungskarte<\/a> eine direkte medizinische Versorgung in Anspruch nehmen und haben damit Anspruch auf medizinische Notfallversorgung zu den gleichen Bedingungen wie Einwohner der Schweiz. Die Leistungen k\u00f6nnen daher mit der Zahlung einer Selbstbeteiligung und einer Geb\u00fchr verbunden sein.<\/p>\n<p>F\u00fcr weitere Informationen:<br \/>\n<a href=\"https:\/\/www.esteri.it\/en\/servizi-consolari-e-visti\/italiani-all-estero\/assistenzacittadiniestero\/assistenza_sanitaria\/\">https:\/\/www.esteri.it\/it\/servizi-consolari-e-visti\/italiani-all-estero\/assistenzacittadiniestero\/assistenza_sanitaria\/<\/a><\/p>\n<p>Schweizerische Eidgenossenschaft:<br \/>\n<a href=\"https:\/\/www.bag.admin.ch\/bag\/de\/home\/versicherungen\/krankenversicherung\/krankenversicherung-versicherte-mit-wohnsitz-im-ausland\/versicherungspflicht\/touristinnen-ch.html\">https:\/\/www.bag.admin.ch\/bag\/it\/home\/versicherungen\/krankenversicherung\/krankenversicherung-versicherte-mit-wohnsitz-im-ausland\/versicherungspflicht\/touristinnen-ch.html<\/a><\/p>\n<p>\u00dcber die von den Konsulaten mit Krankenh\u00e4usern und anderen Einrichtungen abgeschlossenen Abkommen k\u00f6nnen bed\u00fcrftige italienische Staatsb\u00fcrger, die in dem betreffenden Bezirk wohnen, ambulante Pflege, Krankenhausaufenthalte und pharmazeutische Hilfe in Anspruch nehmen. Ad-hoc-Abkommen k\u00f6nnen mit Einrichtungen geschlossen werden, die sich um \u00e4ltere und bed\u00fcrftige Landsleute k\u00fcmmern k\u00f6nnen, die, da sie sich nicht selbst versorgen k\u00f6nnen, st\u00e4ndige pflegerische und psychologische Unterst\u00fctzung ben\u00f6tigen.<\/p>\n<p>&nbsp;<\/p>\n<p><strong>WIRTSCHAFTLICHE UNTERST\u00dcTZUNG<\/strong><\/p>\n<p>Das Konsulat kann italienischen Staatsb\u00fcrgern, die ihren st\u00e4ndigen Wohnsitz im Konsularbezirk haben, einen Zuschuss gew\u00e4hren, wenn sie sich nachweislich in einer aussergew\u00f6hnlichen Notlage befinden, z. B. bei versp\u00e4tetem Erhalt von staatlichen Unterst\u00fctzungsleistungen, bei Invalidit\u00e4t, bei besonderen gesundheitlichen Problemen, die besondere medizinische, di\u00e4tetische oder pharmazeutische Ausgaben nach sich ziehen, die von der \u00f6rtlichen Unterst\u00fctzung nicht abgedeckt werden, usw. Der mittellose Staatsangeh\u00f6rige muss seine aussergew\u00f6hnliche Bed\u00fcrftigkeit gegebenenfalls durch Vorlage der geforderten Unterlagen nachweisen. Die Zusch\u00fcsse d\u00fcrfen die in den ministeriellen Bestimmungen festgelegte H\u00f6chstgrenze nicht \u00fcberschreiten.<\/p>\n<p>Diese Art der Unterst\u00fctzung umfasst auch die kostenlose Ausstellung oder Erneuerung von italienischen P\u00e4ssen f\u00fcr B\u00fcrger in finanziellen Schwierigkeiten.<\/p>\n<p>Ein italienischer Staatsb\u00fcrger auf der Durchreise, dem Geld oder andere Dokumente gestohlen wurden, kann ebenfalls ein Darlehen beantragen, das er dem italienischen Staat zur\u00fcckzahlen muss. Die Gew\u00e4hrung des Darlehens unterliegt der Pr\u00fcfung durch das Konsulat.<\/p>\n<\/div>\n","protected":false},"excerpt":{"rendered":"GESUNDHEITSVERSORGUNG Italienische Staatsangeh\u00f6rige, die sich auf der Durchreise oder als Touristen in der Schweiz und in Liechtenstein aufhalten, k\u00f6nnen bei Vorlage ihrer Europ\u00e4ischen Krankenversicherungskarte eine direkte medizinische Versorgung in Anspruch nehmen und haben damit Anspruch auf medizinische Notfallversorgung zu den gleichen Bedingungen wie Einwohner der Schweiz. Die Leistungen k\u00f6nnen daher mit der Zahlung einer Selbstbeteiligung [&hellip;]","protected":false},"author":4,"featured_media":0,"parent":4677,"menu_order":0,"comment_status":"closed","ping_status":"closed","template":"","meta":{"footnotes":""},"class_list":["post-4687","page","type-page","status-publish","hentry"],"_links":{"self":[{"href":"https:\/\/ambberna.esteri.it\/de\/wp-json\/wp\/v2\/pages\/4687","targetHints":{"allow":["GET"]}}],"collection":[{"href":"https:\/\/ambberna.esteri.it\/de\/wp-json\/wp\/v2\/pages"}],"about":[{"href":"https:\/\/ambberna.esteri.it\/de\/wp-json\/wp\/v2\/types\/page"}],"author":[{"embeddable":true,"href":"https:\/\/ambberna.esteri.it\/de\/wp-json\/wp\/v2\/users\/4"}],"replies":[{"embeddable":true,"href":"https:\/\/ambberna.esteri.it\/de\/wp-json\/wp\/v2\/comments?post=4687"}],"version-history":[{"count":3,"href":"https:\/\/ambberna.esteri.it\/de\/wp-json\/wp\/v2\/pages\/4687\/revisions"}],"predecessor-version":[{"id":5410,"href":"https:\/\/ambberna.esteri.it\/de\/wp-json\/wp\/v2\/pages\/4687\/revisions\/5410"}],"up":[{"embeddable":true,"href":"https:\/\/ambberna.esteri.it\/de\/wp-json\/wp\/v2\/pages\/4677"}],"wp:attachment":[{"href":"https:\/\/ambberna.esteri.it\/de\/wp-json\/wp\/v2\/media?parent=4687"}],"curies":[{"name":"wp","href":"https:\/\/api.w.org\/{rel}","templated":true}]}}