{"id":4697,"date":"2023-06-16T14:32:25","date_gmt":"2023-06-16T12:32:25","guid":{"rendered":"https:\/\/ambberna.esteri.it\/servizi-consolari-e-visti\/servizi-per-il-cittadino-italiano\/assistenza-ai-cittadini-allestero\/protezione-consolare\/"},"modified":"2023-12-08T13:20:03","modified_gmt":"2023-12-08T11:20:03","slug":"protezione-consolare","status":"publish","type":"page","link":"https:\/\/ambberna.esteri.it\/de\/servizi-consolari-e-visti\/servizi-per-il-cittadino-italiano\/assistenza-ai-cittadini-allestero\/protezione-consolare\/","title":{"rendered":"Konsularischer Schutz und Rechtsfragen"},"content":{"rendered":"<p>Im Bereich des konsularischen Schutzes und der Unterst\u00fctzung gibt es zahlreiche Interventionen, die B\u00fcrger betreffen, die Probleme mit der \u00f6rtlichen Justiz haben oder in Unf\u00e4lle verwickelt sind; R\u00fcckf\u00fchrung von sterblichen \u00dcberresten; Suche nach Landsleuten, die keine Nachricht mehr von sich geben; Unterst\u00fctzung italienischer Eltern, deren ausl\u00e4ndischer Ehepartner oder Doppelstaatsangeh\u00f6riger ein Kind entf\u00fchrt und ins Ausland gebracht hat.<\/p>\n<p>Bei Unf\u00e4llen, die sich im Ausland ereignen, sorgen die diplomatisch-konsularischen Vertretungen daf\u00fcr, dass die B\u00fcrger vor Ort eine angemessene medizinische Behandlung erhalten, dass die Familienangeh\u00f6rigen ordnungsgem\u00e4ss informiert werden und dass im Falle einer notwendigen Reise nach Italien jede m\u00f6gliche Unterst\u00fctzung geleistet wird.<\/p>\n<p>Wird ein Staatsangeh\u00f6riger im Ausland festgenommen, kann das Konsulat:<\/p>\n<div align=\"justify\">\n<ul>\n<li>konsularische Besuche bei dem Verhafteten durchf\u00fchren;<\/li>\n<li>einen m\u00f6glichen Anwalt benennen;<\/li>\n<li>mit Familienangeh\u00f6rigen in Italien in Verbindung treten;<\/li>\n<li>den Inhaftierten, wenn n\u00f6tig und nach den \u00f6rtlichen Vorschriften zul\u00e4ssig, mit medizinischer Hilfe, Lebensmitteln, B\u00fcchern und Zeitungen versorgen;<\/li>\n<li>sich f\u00fcr die \u00dcberstellung nach Italien einzusetzen, wenn der Landsmann in L\u00e4ndern festgehalten wird, die dem Strassburger \u00dcbereinkommen \u00fcber die \u00dcberstellung von Gefangenen oder bilateralen Ad-hoc-Abkommen beigetreten sind;<\/li>\n<li>in besonderen F\u00e4llen zu intervenieren, um Begnadigungsantr\u00e4ge aus humanit\u00e4ren Gr\u00fcnden zu unterst\u00fctzen.<\/li>\n<\/ul>\n<p>Das Konsulat darf nicht:<\/p>\n<ul>\n<li>in Gerichtsverfahren im Namen des Staatsangeh\u00f6rigen intervenieren;<\/li>\n<li>die Anwaltskosten des Inhaftierten \u00fcbernehmen.<\/li>\n<\/ul>\n<\/div>\n","protected":false},"excerpt":{"rendered":"Im Bereich des konsularischen Schutzes und der Unterst\u00fctzung gibt es zahlreiche Interventionen, die B\u00fcrger betreffen, die Probleme mit der \u00f6rtlichen Justiz haben oder in Unf\u00e4lle verwickelt sind; R\u00fcckf\u00fchrung von sterblichen \u00dcberresten; Suche nach Landsleuten, die keine Nachricht mehr von sich geben; Unterst\u00fctzung italienischer Eltern, deren ausl\u00e4ndischer Ehepartner oder Doppelstaatsangeh\u00f6riger ein Kind entf\u00fchrt und ins Ausland [&hellip;]","protected":false},"author":4,"featured_media":0,"parent":4677,"menu_order":0,"comment_status":"closed","ping_status":"closed","template":"","meta":{"footnotes":""},"class_list":["post-4697","page","type-page","status-publish","hentry"],"_links":{"self":[{"href":"https:\/\/ambberna.esteri.it\/de\/wp-json\/wp\/v2\/pages\/4697","targetHints":{"allow":["GET"]}}],"collection":[{"href":"https:\/\/ambberna.esteri.it\/de\/wp-json\/wp\/v2\/pages"}],"about":[{"href":"https:\/\/ambberna.esteri.it\/de\/wp-json\/wp\/v2\/types\/page"}],"author":[{"embeddable":true,"href":"https:\/\/ambberna.esteri.it\/de\/wp-json\/wp\/v2\/users\/4"}],"replies":[{"embeddable":true,"href":"https:\/\/ambberna.esteri.it\/de\/wp-json\/wp\/v2\/comments?post=4697"}],"version-history":[{"count":5,"href":"https:\/\/ambberna.esteri.it\/de\/wp-json\/wp\/v2\/pages\/4697\/revisions"}],"predecessor-version":[{"id":5413,"href":"https:\/\/ambberna.esteri.it\/de\/wp-json\/wp\/v2\/pages\/4697\/revisions\/5413"}],"up":[{"embeddable":true,"href":"https:\/\/ambberna.esteri.it\/de\/wp-json\/wp\/v2\/pages\/4677"}],"wp:attachment":[{"href":"https:\/\/ambberna.esteri.it\/de\/wp-json\/wp\/v2\/media?parent=4697"}],"curies":[{"name":"wp","href":"https:\/\/api.w.org\/{rel}","templated":true}]}}