{"id":4732,"date":"2023-06-16T14:33:38","date_gmt":"2023-06-16T12:33:38","guid":{"rendered":"https:\/\/ambberna.esteri.it\/servizi-consolari-e-visti\/servizi-per-il-cittadino-italiano\/assistenza-ai-cittadini-allestero\/ricerca-di-connazionali-allestero\/"},"modified":"2023-12-11T10:20:57","modified_gmt":"2023-12-11T08:20:57","slug":"ricerca-di-connazionali-allestero","status":"publish","type":"page","link":"https:\/\/ambberna.esteri.it\/de\/servizi-consolari-e-visti\/servizi-per-il-cittadino-italiano\/assistenza-ai-cittadini-allestero\/ricerca-di-connazionali-allestero\/","title":{"rendered":"Suche nach Landsleuten im Ausland"},"content":{"rendered":"<p>Auf der Grundlage des Gesetzes 675\/96 \u00fcber die Vertraulichkeit personenbezogener Daten darf keine \u00f6ffentliche Einrichtung Informationen \u00fcber Personen an Privatpersonen weitergeben, ohne die Zustimmung der betroffenen Personen einzuholen.<\/p>\n<p>Daher bittet das Aussenministerium, sobald die gesuchte Person identifiziert ist, um die Zustimmung der betroffenen Person, den Antragsteller zu informieren.<\/p>\n<p>In einigen L\u00e4ndern, z. B. in den Vereinigten Staaten von Amerika, ist die Weitergabe von Informationen \u00fcber Personen in ihrem Hoheitsgebiet nach dem dortigen Datenschutzrecht nicht zul\u00e4ssig.<\/p>\n<p>Es ist daher erforderlich, das anwendbare Recht im Einzelfall zu pr\u00fcfen.<\/p>\n<p>Innerhalb dieser rechtlichen Grenzen kann eine Abfrage auf eine der folgenden Arten eingeleitet werden<\/p>\n<ul>\n<li>durch \u00dcbermittlung eines Faxes an das Ufficio IV der Generaldirektion f\u00fcr Auslandsitaliener unter der Nummer 0039 06 36 91 86 09\/0039 06 36 91 86 28;<\/li>\n<li>durch \u00dcbermittlung eines Faxes an das zust\u00e4ndige Konsulat;<\/li>\n<li>telefonisch unter der Nummer 0039 06 36 91 29 30 in der Zeit von 9.30 bis 16.00 Uhr unter Angabe Ihrer Daten, der Daten der gesuchten Person und des Grundes, aus dem Sie die Person suchen m\u00f6chten.<\/li>\n<\/ul>\n","protected":false},"excerpt":{"rendered":"Auf der Grundlage des Gesetzes 675\/96 \u00fcber die Vertraulichkeit personenbezogener Daten darf keine \u00f6ffentliche Einrichtung Informationen \u00fcber Personen an Privatpersonen weitergeben, ohne die Zustimmung der betroffenen Personen einzuholen. Daher bittet das Aussenministerium, sobald die gesuchte Person identifiziert ist, um die Zustimmung der betroffenen Person, den Antragsteller zu informieren. In einigen L\u00e4ndern, z. B. in den [&hellip;]","protected":false},"author":4,"featured_media":0,"parent":4677,"menu_order":0,"comment_status":"closed","ping_status":"closed","template":"","meta":{"footnotes":""},"class_list":["post-4732","page","type-page","status-publish","hentry"],"_links":{"self":[{"href":"https:\/\/ambberna.esteri.it\/de\/wp-json\/wp\/v2\/pages\/4732","targetHints":{"allow":["GET"]}}],"collection":[{"href":"https:\/\/ambberna.esteri.it\/de\/wp-json\/wp\/v2\/pages"}],"about":[{"href":"https:\/\/ambberna.esteri.it\/de\/wp-json\/wp\/v2\/types\/page"}],"author":[{"embeddable":true,"href":"https:\/\/ambberna.esteri.it\/de\/wp-json\/wp\/v2\/users\/4"}],"replies":[{"embeddable":true,"href":"https:\/\/ambberna.esteri.it\/de\/wp-json\/wp\/v2\/comments?post=4732"}],"version-history":[{"count":4,"href":"https:\/\/ambberna.esteri.it\/de\/wp-json\/wp\/v2\/pages\/4732\/revisions"}],"predecessor-version":[{"id":5429,"href":"https:\/\/ambberna.esteri.it\/de\/wp-json\/wp\/v2\/pages\/4732\/revisions\/5429"}],"up":[{"embeddable":true,"href":"https:\/\/ambberna.esteri.it\/de\/wp-json\/wp\/v2\/pages\/4677"}],"wp:attachment":[{"href":"https:\/\/ambberna.esteri.it\/de\/wp-json\/wp\/v2\/media?parent=4732"}],"curies":[{"name":"wp","href":"https:\/\/api.w.org\/{rel}","templated":true}]}}