{"id":4813,"date":"2023-06-19T13:12:14","date_gmt":"2023-06-19T11:12:14","guid":{"rendered":"https:\/\/ambberna.esteri.it\/servizi-consolari-e-visti\/servizi-per-il-cittadino-italiano\/istruzione\/"},"modified":"2025-09-23T09:29:07","modified_gmt":"2025-09-23T07:29:07","slug":"istruzione","status":"publish","type":"page","link":"https:\/\/ambberna.esteri.it\/de\/servizi-consolari-e-visti\/servizi-per-il-cittadino-italiano\/istruzione\/","title":{"rendered":"Bildung"},"content":{"rendered":"<table style=\"background-color: #ffffe0; height: 89px;\" width=\"613\">\n<tbody>\n<tr style=\"background-color: #bdb76b; color: #ffffff;\">\n<td width=\"189\"><strong><b>Mitarbeiter im B\u00fcro<br \/>\n<\/b><\/strong><\/td>\n<td width=\"207\"><strong><b>E-Mail<br \/>\n<\/b><\/strong><\/td>\n<td width=\"118\"><strong><b>Telefon<\/b><\/strong><\/td>\n<\/tr>\n<tr>\n<td width=\"189\">Giuseppe Augello<\/td>\n<td width=\"207\"><a href=\"mailto:uffscuola.basilea@esteri.it\">uffscuola.basilea@esteri.it<\/a><\/td>\n<td width=\"118\">+41 61 690 98 58<\/p>\n<p>+31 3901017<\/td>\n<\/tr>\n<\/tbody>\n<\/table>\n<p>&nbsp;<\/p>\n<p>Die Sektion <strong>Bildung<\/strong> der Konsularischen Kanzlei Bern besteht aus einem <a href=\"https:\/\/ambberna.esteri.it\/de\/italia-e-svizzera\/diplomazia-culturale\/lingua-e-cultura-italiana\/\"><strong>Schulb\u00fcro<\/strong><\/a>, das sich mit der F\u00f6rderung und Verbreitung der italienischen Sprache und Kultur befasst, und einem <a href=\"https:\/\/ambberna.esteri.it\/de\/servizi-consolari-e-visti\/servizi-per-il-cittadino-italiano\/istruzione\/dichiarazioni-di-valore\/\"><strong>B\u00fcro f\u00fcr Studientitel<\/strong><\/a>, das sich um die Werterkl\u00e4rung \u00fcber einen Abschluss k\u00fcmmert, der in einem anderen als dem italienischen Bildungssystem erworben wurde.<\/p>\n<p>&nbsp;<\/p>\n<p><strong>1) SCHULB\u00dcRO<\/strong><\/p>\n<p>Kontakt: <a href=\"mailto:uffscuola.basilea@esteri.it\">uffscuola.basilea@esteri.it<\/a><\/p>\n<p>Das Schulb\u00fcro ist f\u00fcr die Koordination und Betreuung der Kurse der italienischen Sprache und Kultur und aller damit verbundenen Initiativen f\u00fcr die Konsularbezirke Bern, Neuenburg und Freiburg zust\u00e4ndig. Zu diesem Zweck unterst\u00fctzt sie Schulen, die Italienisch in ihrem Lehrplan aufnehmen m\u00f6chten. Die Kurse, die in der Schule und ausserhalb des Unterrichts angeboten werden, richten sich an Sch\u00fclerinnen und Sch\u00fcler, die kein Italienisch k\u00f6nnen, und bieten massgeschneiderte und individuelle Kurse, die auf die unterschiedlichen F\u00e4higkeiten der Sch\u00fclerinnen und Sch\u00fcler abgestimmt sind.<\/p>\n<p>Ziel ist es, unsere Kultur und Sprache so vielen Menschen wie m\u00f6glich bekannt zu machen und sie zu sch\u00e4tzen. Die Kurse werden von fachkundigen und qualifizierten italienischen Lehrkr\u00e4ften abgehalten, die zum Teil direkt vom Ministerium f\u00fcr Bildung und Forschung unter den an staatlichen Schulen in Italien t\u00e4tigen Lehrkr\u00e4ften ausgew\u00e4hlt werden und zum Teil in der Schweiz von den beiden Verwaltungsbeh\u00f6rden, vom Aussenministerium anerkannten gemeinn\u00fctzigen Organisationen und Partner des italienischen Konsulats, rekrutiert werden: <a href=\"https:\/\/www.cipe-ne.ch\/it\/home\/\">CIPE<\/a> (Neuenburg und Freiburg).<\/p>\n<p>&nbsp;<\/p>\n<p><strong>2) B\u00dcRO F\u00dcR ABSCHL\u00dcSSE\/STUDIENTITEL<\/strong><\/p>\n<p>Um das B\u00fcro f\u00fcr Abschl\u00fcsse bzw. Studientitel zu kontaktieren, k\u00f6nnen Sie:<\/p>\n<ul>\n<li>eine E-Mail an <a href=\"mailto:berna.consolare@esteri.it\">berna.consolare@esteri.it<\/a> senden<\/li>\n<li>an die Italienische Botschaft in Bern &#8211; Ufficio Titoli di Studio, Willadingweg 23 &#8211; 3006 Bern schreiben<\/li>\n<\/ul>\n<p>&nbsp;<\/p>\n","protected":false},"excerpt":{"rendered":"Mitarbeiter im B\u00fcro E-Mail Telefon Giuseppe Augello uffscuola.basilea@esteri.it +41 61 690 98 58 +31 3901017 &nbsp; Die Sektion Bildung der Konsularischen Kanzlei Bern besteht aus einem Schulb\u00fcro, das sich mit der F\u00f6rderung und Verbreitung der italienischen Sprache und Kultur befasst, und einem B\u00fcro f\u00fcr Studientitel, das sich um die Werterkl\u00e4rung \u00fcber einen Abschluss k\u00fcmmert, der [&hellip;]","protected":false},"author":4,"featured_media":0,"parent":3977,"menu_order":6,"comment_status":"closed","ping_status":"closed","template":"","meta":{"footnotes":""},"class_list":["post-4813","page","type-page","status-publish","hentry"],"_links":{"self":[{"href":"https:\/\/ambberna.esteri.it\/de\/wp-json\/wp\/v2\/pages\/4813","targetHints":{"allow":["GET"]}}],"collection":[{"href":"https:\/\/ambberna.esteri.it\/de\/wp-json\/wp\/v2\/pages"}],"about":[{"href":"https:\/\/ambberna.esteri.it\/de\/wp-json\/wp\/v2\/types\/page"}],"author":[{"embeddable":true,"href":"https:\/\/ambberna.esteri.it\/de\/wp-json\/wp\/v2\/users\/4"}],"replies":[{"embeddable":true,"href":"https:\/\/ambberna.esteri.it\/de\/wp-json\/wp\/v2\/comments?post=4813"}],"version-history":[{"count":7,"href":"https:\/\/ambberna.esteri.it\/de\/wp-json\/wp\/v2\/pages\/4813\/revisions"}],"predecessor-version":[{"id":8251,"href":"https:\/\/ambberna.esteri.it\/de\/wp-json\/wp\/v2\/pages\/4813\/revisions\/8251"}],"up":[{"embeddable":true,"href":"https:\/\/ambberna.esteri.it\/de\/wp-json\/wp\/v2\/pages\/3977"}],"wp:attachment":[{"href":"https:\/\/ambberna.esteri.it\/de\/wp-json\/wp\/v2\/media?parent=4813"}],"curies":[{"name":"wp","href":"https:\/\/api.w.org\/{rel}","templated":true}]}}