{"id":4827,"date":"2023-06-27T15:57:18","date_gmt":"2023-06-27T13:57:18","guid":{"rendered":"https:\/\/ambberna.esteri.it\/servizi-consolari-e-visti\/servizi-per-il-cittadino-italiano\/dichiarazione-di-accompagnamento\/"},"modified":"2023-12-12T10:16:12","modified_gmt":"2023-12-12T08:16:12","slug":"dichiarazione-di-accompagnamento","status":"publish","type":"page","link":"https:\/\/ambberna.esteri.it\/de\/servizi-consolari-e-visti\/servizi-per-il-cittadino-italiano\/dichiarazione-di-accompagnamento\/","title":{"rendered":"Begleiterkl\u00e4rung"},"content":{"rendered":"<div>\n<table style=\"background-color: #ffffe0;\">\n<tbody>\n<tr style=\"background-color: #bdb76b; color: #ffffff;\">\n<td width=\"189\"><strong><b>Mitarbeiter im B\u00fcro<br \/>\n<\/b><\/strong><\/td>\n<td width=\"207\"><strong><b>E-Mail<br \/>\n<\/b><\/strong><\/td>\n<td width=\"118\"><strong><b>Telefon<\/b><\/strong><\/td>\n<\/tr>\n<tr>\n<td width=\"189\">Biella Andrea<\/td>\n<td width=\"207\"><a href=\"mailto:berna.passaporti@esteri.it\">berna.passaporti@esteri.it<\/a><\/td>\n<td width=\"118\">+41 31 390 10 28<\/td>\n<\/tr>\n<tr>\n<td width=\"189\">Saulli Alessio<\/td>\n<td width=\"207\"><a href=\"mailto:berna.passaporti@esteri.it\">berna.passaporti@esteri.it<\/a><\/td>\n<td width=\"118\">+41 31 390 10 23<\/td>\n<\/tr>\n<\/tbody>\n<\/table>\n<p>&nbsp;<\/p>\n<p>Der Betroffene, d. h. der Elternteil des Kindes unter 14 Jahren, kann die Ausstellung einer Begleiterkl\u00e4rung beantragen, wenn das minderj\u00e4hrige Kind, das bereits im Besitz eines italienischen Reisepasses oder Personalausweises ist, in Begleitung einer anderen erwachsenen Person als die Person, die die elterliche Sorge aus\u00fcbt, reisen soll.<\/p>\n<p>Die Begleiterkl\u00e4rung bezieht sich in der Regel auf eine einzige Reise (Hin- und\/oder R\u00fcckreise) vom Wohnsitzland des Minderj\u00e4hrigen zu einem bestimmten Zielort und hat eine G\u00fcltigkeitsdauer von h\u00f6chstens sechs Monaten.<\/p>\n<p>Die Person, die die elterliche Verantwortung aus\u00fcbt, kann bis zu zwei Begleitpersonen angeben.<\/p>\n<p>Falls das Kind einer Fluggesellschaft anvertraut wird, m\u00fcssen die Eltern eine Kopie des Flugtickets oder eine Erkl\u00e4rung der Fluggesellschaft mit den Reisedaten vorlegen.<\/p>\n<p>Das ordnungsgem\u00e4ss ausgef\u00fcllte und mit den erforderlichen Unterlagen versehene Formular kann von den Eltern pers\u00f6nlich vorgelegt oder per Post rechtzeitig vor der Abreise an die Pass- oder Ausweisstelle der Konsularabteilung geschickt werden.<\/p>\n<p>In F\u00e4llen, in denen ein Elternteil ein Nicht-EU-B\u00fcrger ist (d. h. <strong>nur<\/strong> Schweizer B\u00fcrger), muss die Unterschrift auf dem Formular bei der Konsularischen Vertretung oder in der Schweizer Wohnsitzgemeinde beglaubigt werden.<\/p>\n<p>Die erforderlichen Dokumente sind folgende:<\/p>\n<ul>\n<li>ordnungsgem\u00e4ss ausgef\u00fclltes Formular, das <a href=\"https:\/\/ambberna.esteri.it\/wp-content\/uploads\/2023\/06\/dichiarazione_accompagnamento.pdf\">hier heruntergeladen<\/a> werden kann<\/li>\n<li>Kopie der Dokumente der Eltern (Reisepass oder Identit\u00e4tskarte)<\/li>\n<li>Kopie der Aufenthaltsbewilligung der Eltern<\/li>\n<li>Kopie des italienischen Dokuments des Minderj\u00e4hrigen<\/li>\n<li>Kopie des Dokuments der Begleitperson (Reisepass oder Personalausweis).<\/li>\n<li>Wenn die Begleiterkl\u00e4rung per Post angefordert wird, m\u00fcssen Sie einen vorausgef\u00fcllten und frankierten Umschlag mit der R\u00fccksendeadresse beilegen, die f\u00fcr die R\u00fccksendung der Begleiterkl\u00e4rung verwendet wird.<\/li>\n<\/ul>\n<p><strong>Alle Dokumente m\u00fcssen g\u00fcltig sein.<\/strong><\/p>\n<p><strong>Die antragstellenden Eltern und der begleitende Minderj\u00e4hrige m\u00fcssen ordnungsgem\u00e4ss und mit aktuellen Daten beim AIRE registriert sein.<\/strong><\/p>\n<\/div>\n","protected":false},"excerpt":{"rendered":"Mitarbeiter im B\u00fcro E-Mail Telefon Biella Andrea berna.passaporti@esteri.it +41 31 390 10 28 Saulli Alessio berna.passaporti@esteri.it +41 31 390 10 23 &nbsp; Der Betroffene, d. h. der Elternteil des Kindes unter 14 Jahren, kann die Ausstellung einer Begleiterkl\u00e4rung beantragen, wenn das minderj\u00e4hrige Kind, das bereits im Besitz eines italienischen Reisepasses oder Personalausweises ist, in Begleitung [&hellip;]","protected":false},"author":4,"featured_media":0,"parent":3977,"menu_order":5,"comment_status":"closed","ping_status":"closed","template":"","meta":{"footnotes":""},"class_list":["post-4827","page","type-page","status-publish","hentry"],"_links":{"self":[{"href":"https:\/\/ambberna.esteri.it\/de\/wp-json\/wp\/v2\/pages\/4827","targetHints":{"allow":["GET"]}}],"collection":[{"href":"https:\/\/ambberna.esteri.it\/de\/wp-json\/wp\/v2\/pages"}],"about":[{"href":"https:\/\/ambberna.esteri.it\/de\/wp-json\/wp\/v2\/types\/page"}],"author":[{"embeddable":true,"href":"https:\/\/ambberna.esteri.it\/de\/wp-json\/wp\/v2\/users\/4"}],"replies":[{"embeddable":true,"href":"https:\/\/ambberna.esteri.it\/de\/wp-json\/wp\/v2\/comments?post=4827"}],"version-history":[{"count":2,"href":"https:\/\/ambberna.esteri.it\/de\/wp-json\/wp\/v2\/pages\/4827\/revisions"}],"predecessor-version":[{"id":5485,"href":"https:\/\/ambberna.esteri.it\/de\/wp-json\/wp\/v2\/pages\/4827\/revisions\/5485"}],"up":[{"embeddable":true,"href":"https:\/\/ambberna.esteri.it\/de\/wp-json\/wp\/v2\/pages\/3977"}],"wp:attachment":[{"href":"https:\/\/ambberna.esteri.it\/de\/wp-json\/wp\/v2\/media?parent=4827"}],"curies":[{"name":"wp","href":"https:\/\/api.w.org\/{rel}","templated":true}]}}