{"id":4881,"date":"2023-06-19T13:19:27","date_gmt":"2023-06-19T11:19:27","guid":{"rendered":"https:\/\/ambberna.esteri.it\/servizi-consolari-e-visti\/servizi-per-il-cittadino-italiano\/istruzione\/universita\/"},"modified":"2023-12-01T15:59:27","modified_gmt":"2023-12-01T13:59:27","slug":"universita","status":"publish","type":"page","link":"https:\/\/ambberna.esteri.it\/de\/servizi-consolari-e-visti\/servizi-per-il-cittadino-italiano\/istruzione\/universita\/","title":{"rendered":"Universit\u00e4ten"},"content":{"rendered":"<p>Nachrichten von allgemeinem Interesse \u00fcber die Organisation und Funktionsweise der italienischen Universit\u00e4ten finden Sie auf der Website des <strong><a href=\"http:\/\/www.miur.it\/0002Univer\/index_cf2.htm\">Ministeriums f\u00fcr Bildung und Verdienst<\/a><\/strong>.<\/p>\n<p>Vollst\u00e4ndige Listen der Universit\u00e4ten k\u00f6nnen \u00fcber die spezielle Suchmaschine<a href=\"https:\/\/www.cineca.it\/en\"><strong> CINECA<\/strong><\/a> abgerufen werden.<\/p>\n<p>Auch auf der Website der <a href=\"https:\/\/www.crui.it\/highlights.html\"><strong>CRUI &#8211; Konferenz der italienischen Universit\u00e4tsrektoren<\/strong><\/a> &#8211; gibt es eine Seite, die den Universit\u00e4ten gewidmet ist.<\/p>\n<p>Ausl\u00e4ndische Studierende, die sich f\u00fcr ein Studium an einer italienischen Universit\u00e4t interessieren, finden n\u00fctzliche Informationen \u00fcber die f\u00fcr sie reservierten Studienpl\u00e4tze auf der Website des <a href=\"https:\/\/off270.miur.it\/\"><strong>MIUR<\/strong> <\/a>unter der Rubrik &#8222;Bildungsangebot&#8220;.<\/p>\n","protected":false},"excerpt":{"rendered":"Nachrichten von allgemeinem Interesse \u00fcber die Organisation und Funktionsweise der italienischen Universit\u00e4ten finden Sie auf der Website des Ministeriums f\u00fcr Bildung und Verdienst. Vollst\u00e4ndige Listen der Universit\u00e4ten k\u00f6nnen \u00fcber die spezielle Suchmaschine CINECA abgerufen werden. Auch auf der Website der CRUI &#8211; Konferenz der italienischen Universit\u00e4tsrektoren &#8211; gibt es eine Seite, die den Universit\u00e4ten gewidmet [&hellip;]","protected":false},"author":4,"featured_media":0,"parent":4813,"menu_order":0,"comment_status":"closed","ping_status":"closed","template":"","meta":{"footnotes":""},"class_list":["post-4881","page","type-page","status-publish","hentry"],"_links":{"self":[{"href":"https:\/\/ambberna.esteri.it\/de\/wp-json\/wp\/v2\/pages\/4881","targetHints":{"allow":["GET"]}}],"collection":[{"href":"https:\/\/ambberna.esteri.it\/de\/wp-json\/wp\/v2\/pages"}],"about":[{"href":"https:\/\/ambberna.esteri.it\/de\/wp-json\/wp\/v2\/types\/page"}],"author":[{"embeddable":true,"href":"https:\/\/ambberna.esteri.it\/de\/wp-json\/wp\/v2\/users\/4"}],"replies":[{"embeddable":true,"href":"https:\/\/ambberna.esteri.it\/de\/wp-json\/wp\/v2\/comments?post=4881"}],"version-history":[{"count":1,"href":"https:\/\/ambberna.esteri.it\/de\/wp-json\/wp\/v2\/pages\/4881\/revisions"}],"predecessor-version":[{"id":4885,"href":"https:\/\/ambberna.esteri.it\/de\/wp-json\/wp\/v2\/pages\/4881\/revisions\/4885"}],"up":[{"embeddable":true,"href":"https:\/\/ambberna.esteri.it\/de\/wp-json\/wp\/v2\/pages\/4813"}],"wp:attachment":[{"href":"https:\/\/ambberna.esteri.it\/de\/wp-json\/wp\/v2\/media?parent=4881"}],"curies":[{"name":"wp","href":"https:\/\/api.w.org\/{rel}","templated":true}]}}