{"id":4920,"date":"2023-06-27T15:50:05","date_gmt":"2023-06-27T13:50:05","guid":{"rendered":"https:\/\/ambberna.esteri.it\/servizi-consolari-e-visti\/servizi-per-il-cittadino-italiano\/leva\/"},"modified":"2026-02-03T11:00:20","modified_gmt":"2026-02-03T09:00:20","slug":"leva","status":"publish","type":"page","link":"https:\/\/ambberna.esteri.it\/de\/servizi-consolari-e-visti\/servizi-per-il-cittadino-italiano\/leva\/","title":{"rendered":"Wehrpflicht"},"content":{"rendered":"<table style=\"background-color: #ffffe0;\">\n<tbody>\n<tr style=\"background-color: #bdb76b; color: #ffffff;\">\n<td width=\"189\"><strong><b>Mitarbeiter im B\u00fcro<\/b><\/strong><\/td>\n<td width=\"207\"><strong><b>E-Mail<br \/>\n<\/b><\/strong><\/td>\n<td width=\"118\"><strong><b>Telefon<\/b><\/strong><\/td>\n<\/tr>\n<tr>\n<td width=\"189\"><\/td>\n<td width=\"207\"><a href=\"mailto:berna.notarile@esteri.it\">berna.notarile@esteri.it<\/a><\/td>\n<td width=\"118\">+41 31 390 10 24<\/td>\n<\/tr>\n<\/tbody>\n<\/table>\n<p>&nbsp;<\/p>\n<p>Das Gesetz Nr. 226 vom 23. August 2004 (G.U. Nr. 204 vom 31. August 2004) sieht &#8211; ab dem 1. Januar 2005 &#8211; die vorzeitige Aussetzung der Wehrpflicht und die Einf\u00fchrung des Berufsmilit\u00e4rdienstes vor.<\/p>\n<p>Italienische Staatsb\u00fcrger, die beabsichtigen, zur Ableistung des freiwilligen Wehrdienstes zur\u00fcckzukehren, k\u00f6nnen nicht die Vorteile des Gesetzes 433\/66 in Anspruch nehmen, das die R\u00fcckf\u00fchrung auf Staatskosten ausschliesslich zur Ableistung des Wehrdienstes regelt.<\/p>\n","protected":false},"excerpt":{"rendered":"Mitarbeiter im B\u00fcro E-Mail Telefon berna.notarile@esteri.it +41 31 390 10 24 &nbsp; Das Gesetz Nr. 226 vom 23. August 2004 (G.U. Nr. 204 vom 31. August 2004) sieht &#8211; ab dem 1. Januar 2005 &#8211; die vorzeitige Aussetzung der Wehrpflicht und die Einf\u00fchrung des Berufsmilit\u00e4rdienstes vor. Italienische Staatsb\u00fcrger, die beabsichtigen, zur Ableistung des freiwilligen Wehrdienstes [&hellip;]","protected":false},"author":4,"featured_media":0,"parent":3977,"menu_order":7,"comment_status":"closed","ping_status":"closed","template":"","meta":{"footnotes":""},"class_list":["post-4920","page","type-page","status-publish","hentry"],"_links":{"self":[{"href":"https:\/\/ambberna.esteri.it\/de\/wp-json\/wp\/v2\/pages\/4920","targetHints":{"allow":["GET"]}}],"collection":[{"href":"https:\/\/ambberna.esteri.it\/de\/wp-json\/wp\/v2\/pages"}],"about":[{"href":"https:\/\/ambberna.esteri.it\/de\/wp-json\/wp\/v2\/types\/page"}],"author":[{"embeddable":true,"href":"https:\/\/ambberna.esteri.it\/de\/wp-json\/wp\/v2\/users\/4"}],"replies":[{"embeddable":true,"href":"https:\/\/ambberna.esteri.it\/de\/wp-json\/wp\/v2\/comments?post=4920"}],"version-history":[{"count":4,"href":"https:\/\/ambberna.esteri.it\/de\/wp-json\/wp\/v2\/pages\/4920\/revisions"}],"predecessor-version":[{"id":8578,"href":"https:\/\/ambberna.esteri.it\/de\/wp-json\/wp\/v2\/pages\/4920\/revisions\/8578"}],"up":[{"embeddable":true,"href":"https:\/\/ambberna.esteri.it\/de\/wp-json\/wp\/v2\/pages\/3977"}],"wp:attachment":[{"href":"https:\/\/ambberna.esteri.it\/de\/wp-json\/wp\/v2\/media?parent=4920"}],"curies":[{"name":"wp","href":"https:\/\/api.w.org\/{rel}","templated":true}]}}