{"id":4955,"date":"2023-06-19T10:31:59","date_gmt":"2023-06-19T08:31:59","guid":{"rendered":"https:\/\/ambberna.esteri.it\/servizi-consolari-e-visti\/servizi-per-il-cittadino-italiano\/rimpatrio\/"},"modified":"2023-12-12T11:16:48","modified_gmt":"2023-12-12T09:16:48","slug":"rimpatrio","status":"publish","type":"page","link":"https:\/\/ambberna.esteri.it\/de\/servizi-consolari-e-visti\/servizi-per-il-cittadino-italiano\/rimpatrio\/","title":{"rendered":"Repatriierung"},"content":{"rendered":"<table style=\"background-color: #ffffe0;\">\n<tbody>\n<tr style=\"background-color: #bdb76b; color: #ffffff;\">\n<td width=\"189\"><strong><b>Mitarbeiter im B\u00fcro<\/b><\/strong><\/td>\n<td width=\"207\"><strong><b>E-Mail<br \/>\n<\/b><\/strong><\/td>\n<td width=\"118\"><strong><b>Telefon<\/b><\/strong><\/td>\n<\/tr>\n<tr>\n<td width=\"189\">Ciccolini Tancredi<\/td>\n<td width=\"207\"><a href=\"mailto:berna.anagrafe@esteri.it\">berna.anagrafe@esteri.it<\/a><\/td>\n<td width=\"118\">+41 31 390 10 26<\/td>\n<\/tr>\n<tr>\n<td width=\"189\">Macr\u00ec Salvatore<\/td>\n<td width=\"207\"><a href=\"mailto:berna.anagrafe@esteri.it\">berna.anagrafe@esteri.it<\/a><\/td>\n<td width=\"118\">+41 31 390 10 13<\/td>\n<\/tr>\n<\/tbody>\n<\/table>\n<p>&nbsp;<\/p>\n<p>Ein beim AIRE gemeldeter italienischer Staatsb\u00fcrger, der dauerhaft nach Italien zur\u00fcckkehrt, muss seine Repatriierung bei dieser Konsularischen Kanzlei &#8211; Melderegister anmelden. Sobald er in Italien angekommen ist, <strong>muss er sich bei der Gemeinde, in der er sich niederlassen m\u00f6chte, melden, um seinen neuen Wohnsitz zu erkl\u00e4ren<\/strong>. Bei dieser Gelegenheit nimmt die Gemeinde die Abmeldung vom AIRE mit gleichzeitiger Eintragung im APR (Anagrafe Popolazione Residente &#8211; Register der ans\u00e4ssigen Bev\u00f6lkerung) vor und informiert das Herkunftskonsulat \u00fcber das tats\u00e4chliche Datum der Repatriierung.<\/p>\n<p>F\u00fcr die meldeamtliche R\u00fcckf\u00fchrung reicht es aus, wenn der B\u00fcrger der konsularischen Vertretung seine Abreise mitteilt (und angibt, ob Familienangeh\u00f6rige mit ihm zusammenleben), indem er auf dem Postweg oder per E-Mail an <a href=\"mailto:berna.anagrafe@esteri.it\">berna.anagrafe@esteri.it<\/a> folgende Unterlagen schickt:<\/p>\n<ul>\n<li>Erkl\u00e4rung (oder Wohnsitzbescheinigung), ausgestellt von der aktuellen Wohnsitzgemeinde in der Schweiz, mit Angabe des Ausreisedatums und des Bestimmungsortes in Italien<\/li>\n<li>Kopie eines Personalausweises<\/li>\n<li><a href=\"https:\/\/ambberna.esteri.it\/wp-content\/uploads\/2023\/06\/rimpatrio_-_modello_dichiarazione-1.pdf\">die Repatriierungserkl\u00e4rung<\/a><\/li>\n<\/ul>\n<p>Die konsularische Vertretung stellt die Repatriierungserkl\u00e4rung aus, die bei der Gemeinde in Italien vorzulegen ist.<\/p>\n<p><strong>EINFUHR VON HAUSHALTSGEGENST\u00c4NDEN, GER\u00c4TEN UND\/ODER AUTOS\/MOTORR\u00c4DERN<\/strong><\/p>\n<p>Ein B\u00fcrger mit Wohnsitz in der Schweiz, der dauerhaft nach Italien zur\u00fcckkehrt, hat das Recht, seine pers\u00f6nlichen Gegenst\u00e4nde, ein Auto und ein Motorrad mehrwertsteuer- und zollfrei einzuf\u00fchren (d. h. zollfrei). Die Fahrzeuge m\u00fcssen seit mindestens 6 Monaten auf den Namen des r\u00fcckkehrenden B\u00fcrgers zugelassen sein. Um die Steuerbefreiung benutzen zu d\u00fcrfen, m\u00fcssen diese beiden Bedingungen erf\u00fcllt sein:<\/p>\n<ul>\n<li>Die betreffende Person muss seit mindestens 12 aufeinanderfolgenden Monaten in dem Drittland ans\u00e4ssig gewesen sein;<\/li>\n<li>die R\u00fcckf\u00fchrung des Hausrats und der Fahrzeuge muss innerhalb von 6 Monaten nach dem Datum erfolgen, das als letzter Tag des Aufenthalts im Ausland angegeben wurde.<\/li>\n<\/ul>\n<p>Wenn Sie also mit Hausrat\/Fahrzeugen zur\u00fcckkehren m\u00f6chten, m\u00fcssen Sie zun\u00e4chst die konsularische Repatriierungserkl\u00e4rung beantragen (wie oben beschrieben und dies ist das einzige Dokument, welches von diesem B\u00fcro ausgestellt wird) und dann <strong>pers\u00f6nlich mit Hausrat und Fahrzeug bei der Grenzzollstelle vorstellig werden<\/strong>, wobei Sie folgende Unterlagen im Original mitbringen m\u00fcssen:<\/p>\n<ul>\n<li>Bescheinigung der italienischen Gemeinde, in der der neue Wohnsitz gew\u00e4hlt wurde, mit Angabe des Familienstandes, des Herkunftsortes und des Datums des Zuzuges. Falls diese Bescheinigung noch nicht vorliegt, kann sie durch eine Ersatzerkl\u00e4rung gem\u00e4ss Artikel 46 des Pr\u00e4sidialdekrets Nr. 445\/2000 ersetzt werden, in der die Namen der Personen angegeben sind, die beabsichtigen, ihren Wohnsitz zu verlegen;<\/li>\n<li>eine von der letzten Wohngemeinde in der Schweiz ausgestellte Erkl\u00e4rung (oder Wohnsitzbescheinigung), aus der das Datum der Ankunft in der Gemeinde und der Herkunftsort hervorgehen (bei weniger als einem Jahr m\u00fcssen die vorhergehenden Gemeinden konsultiert werden), das Datum der Ausreise aus der Schweiz und der Bestimmungsort in Italien<\/li>\n<li><a href=\"https:\/\/ambberna.esteri.it\/wp-content\/uploads\/2023\/06\/rimpatrio_-_modello_dichiarazione-1.pdf\">Erkl\u00e4rung gegen\u00fcber der Konsularabteilung wie oben beschrieben<\/a><\/li>\n<li>Kopie des Personalausweises<\/li>\n<li>Liste der Haushaltsgegenst\u00e4nde, eventuell mit wirtschaftlichem Wert, die zu statistischen Zwecken angegeben werden m\u00fcssen &#8211; <a href=\"https:\/\/ambberna.esteri.it\/wp-content\/uploads\/2023\/06\/rimpatrio_con_dichiarazione_masserizie.pdf\">Sie k\u00f6nnen dieses Muster verwenden<\/a><\/li>\n<\/ul>\n<p>In Bezug auf das Fahrzeug m\u00fcssen Sie Folgendes vorlegen:<\/p>\n<ol>\n<li>Schweizer Fahrzeugausweis, beglaubigt von der Staatskanzlei Ihres Kantons in \u00dcbereinstimmung mit den in dieser <a href=\"https:\/\/ambberna.esteri.it\/wp-content\/uploads\/2023\/06\/autentica_carta_circolazione_svizzera_2018.pdf\">Zusammenfassung<\/a> der Einfachheit halber angegebenen Stellen;<\/li>\n<li>eine Bescheinigung der technischen Merkmale, die Sie bei Ihrem Hersteller anfordern m\u00fcssen.<\/li>\n<\/ol>\n<p>Nach Erledigung der Zollformalit\u00e4ten kann das Fahrzeug in Italien zugelassen werden, indem Sie sich an das Ufficio della Motorizzazione Civile in Ihrer Wohnprovinz oder an eine ACI-Agentur wenden.<\/p>\n<p>F\u00fcr weitere Informationen finden Sie hier n\u00fctzliche Kontakte:<\/p>\n<p><strong>Zollamt Como<br \/>\n<\/strong>Abteilung URP: Tel. 0039 031 4495 250\/970<br \/>\nE-Mail: <a href=\"mailto:dogane.como.urp@adm.gov.it\">dogane.como.urp@adm.gov.it<\/a><\/p>\n<p><strong>Operative Abteilung von Ponte Chiasso<br \/>\n<\/strong>Sekretariat: Tel. 0039 031 4495 602<br \/>\nE-Mail: <a href=\"mailto:dogane.como.pontechiasso@adm.gov.it\">dogane.como.pontechiasso@adm.gov.it<\/a><\/p>\n","protected":false},"excerpt":{"rendered":"Mitarbeiter im B\u00fcro E-Mail Telefon Ciccolini Tancredi berna.anagrafe@esteri.it +41 31 390 10 26 Macr\u00ec Salvatore berna.anagrafe@esteri.it +41 31 390 10 13 &nbsp; Ein beim AIRE gemeldeter italienischer Staatsb\u00fcrger, der dauerhaft nach Italien zur\u00fcckkehrt, muss seine Repatriierung bei dieser Konsularischen Kanzlei &#8211; Melderegister anmelden. Sobald er in Italien angekommen ist, muss er sich bei der Gemeinde, [&hellip;]","protected":false},"author":6,"featured_media":0,"parent":3977,"menu_order":10,"comment_status":"closed","ping_status":"closed","template":"","meta":{"footnotes":""},"class_list":["post-4955","page","type-page","status-publish","hentry"],"_links":{"self":[{"href":"https:\/\/ambberna.esteri.it\/de\/wp-json\/wp\/v2\/pages\/4955","targetHints":{"allow":["GET"]}}],"collection":[{"href":"https:\/\/ambberna.esteri.it\/de\/wp-json\/wp\/v2\/pages"}],"about":[{"href":"https:\/\/ambberna.esteri.it\/de\/wp-json\/wp\/v2\/types\/page"}],"author":[{"embeddable":true,"href":"https:\/\/ambberna.esteri.it\/de\/wp-json\/wp\/v2\/users\/6"}],"replies":[{"embeddable":true,"href":"https:\/\/ambberna.esteri.it\/de\/wp-json\/wp\/v2\/comments?post=4955"}],"version-history":[{"count":3,"href":"https:\/\/ambberna.esteri.it\/de\/wp-json\/wp\/v2\/pages\/4955\/revisions"}],"predecessor-version":[{"id":5504,"href":"https:\/\/ambberna.esteri.it\/de\/wp-json\/wp\/v2\/pages\/4955\/revisions\/5504"}],"up":[{"embeddable":true,"href":"https:\/\/ambberna.esteri.it\/de\/wp-json\/wp\/v2\/pages\/3977"}],"wp:attachment":[{"href":"https:\/\/ambberna.esteri.it\/de\/wp-json\/wp\/v2\/media?parent=4955"}],"curies":[{"name":"wp","href":"https:\/\/api.w.org\/{rel}","templated":true}]}}