{"id":4989,"date":"2023-06-16T15:03:05","date_gmt":"2023-06-16T13:03:05","guid":{"rendered":"https:\/\/ambberna.esteri.it\/servizi-consolari-e-visti\/servizi-per-il-cittadino-italiano\/servizi-elettorali\/elezioni-europee\/"},"modified":"2024-05-31T15:10:02","modified_gmt":"2024-05-31T13:10:02","slug":"elezioni-europee","status":"publish","type":"page","link":"https:\/\/ambberna.esteri.it\/de\/servizi-consolari-e-visti\/servizi-per-il-cittadino-italiano\/servizi-elettorali\/elezioni-europee\/","title":{"rendered":"Europawahlen"},"content":{"rendered":"<div>\n<p>Die italienischen Staatsangeh\u00f6rigen k\u00f6nnen auf der Website esteri.it unter folgendem <a href=\"https:\/\/www.esteri.it\/wp-content\/uploads\/2024\/05\/circ-dait-049-servelet-16-05-2024.pdf\">Link<\/a> das Rundschreiben Nr. 49\/2024 des Innenministeriums einsehen, das Informationen \u00fcber Reiseverg\u00fcnstigungen im italienischen Staatsgebiet f\u00fcr W\u00e4hler mit Wohnsitz in Italien und im Ausland enth\u00e4lt.<\/p>\n<p>In dem genannten <a href=\"https:\/\/www.esteri.it\/wp-content\/uploads\/2024\/05\/circ-dait-049-servelet-16-05-2024.pdf\">Rundschreiben<\/a> sind auch die G\u00fcltigkeitszeitr\u00e4ume f\u00fcr jede Art von Verg\u00fcnstigung angegeben<\/p>\n<\/div>\n","protected":false},"excerpt":{"rendered":"Die italienischen Staatsangeh\u00f6rigen k\u00f6nnen auf der Website esteri.it unter folgendem Link das Rundschreiben Nr. 49\/2024 des Innenministeriums einsehen, das Informationen \u00fcber Reiseverg\u00fcnstigungen im italienischen Staatsgebiet f\u00fcr W\u00e4hler mit Wohnsitz in Italien und im Ausland enth\u00e4lt. In dem genannten Rundschreiben sind auch die G\u00fcltigkeitszeitr\u00e4ume f\u00fcr jede Art von Verg\u00fcnstigung angegeben","protected":false},"author":4,"featured_media":0,"parent":4970,"menu_order":0,"comment_status":"closed","ping_status":"closed","template":"","meta":{"footnotes":""},"class_list":["post-4989","page","type-page","status-publish","hentry"],"_links":{"self":[{"href":"https:\/\/ambberna.esteri.it\/de\/wp-json\/wp\/v2\/pages\/4989","targetHints":{"allow":["GET"]}}],"collection":[{"href":"https:\/\/ambberna.esteri.it\/de\/wp-json\/wp\/v2\/pages"}],"about":[{"href":"https:\/\/ambberna.esteri.it\/de\/wp-json\/wp\/v2\/types\/page"}],"author":[{"embeddable":true,"href":"https:\/\/ambberna.esteri.it\/de\/wp-json\/wp\/v2\/users\/4"}],"replies":[{"embeddable":true,"href":"https:\/\/ambberna.esteri.it\/de\/wp-json\/wp\/v2\/comments?post=4989"}],"version-history":[{"count":3,"href":"https:\/\/ambberna.esteri.it\/de\/wp-json\/wp\/v2\/pages\/4989\/revisions"}],"predecessor-version":[{"id":6597,"href":"https:\/\/ambberna.esteri.it\/de\/wp-json\/wp\/v2\/pages\/4989\/revisions\/6597"}],"up":[{"embeddable":true,"href":"https:\/\/ambberna.esteri.it\/de\/wp-json\/wp\/v2\/pages\/4970"}],"wp:attachment":[{"href":"https:\/\/ambberna.esteri.it\/de\/wp-json\/wp\/v2\/media?parent=4989"}],"curies":[{"name":"wp","href":"https:\/\/api.w.org\/{rel}","templated":true}]}}