{"id":5000,"date":"2023-06-16T15:06:19","date_gmt":"2023-06-16T13:06:19","guid":{"rendered":"https:\/\/ambberna.esteri.it\/servizi-consolari-e-visti\/servizi-per-il-cittadino-italiano\/servizi-elettorali\/elezioni-comites\/"},"modified":"2023-12-12T11:37:07","modified_gmt":"2023-12-12T09:37:07","slug":"elezioni-comites","status":"publish","type":"page","link":"https:\/\/ambberna.esteri.it\/de\/servizi-consolari-e-visti\/servizi-per-il-cittadino-italiano\/servizi-elettorali\/elezioni-comites\/","title":{"rendered":"Com.It.Es.-Wahlen"},"content":{"rendered":"<p>Die Com.It.Es. (Komitees der Italiener im Ausland), die durch das Gesetz Nr. 205\/1985 gegr\u00fcndet wurden, sind repr\u00e4sentative Organe unserer Gemeinschaft und werden auf der Grundlage von Kandidatenlisten gew\u00e4hlt, die von italienischen Staatsb\u00fcrgern mit Wohnsitz in jedem Konsularbezirk, in dem mindestens 3.000 italienische Staatsb\u00fcrger leben, unterzeichnet werden; auch in Bezirken, in denen weniger als 3.000 italienische Staatsb\u00fcrger leben, k\u00f6nnen die Komitees von den diplomatisch-konsularischen Beh\u00f6rden ernannt werden.<\/p>\n<p>Mit dem Gesetz Nr. 286 vom 26. Oktober 2003 und dem Pr\u00e4sidialerlass Nr. 395 vom 29. Dezember 2003 (Durchf\u00fchrungsbestimmungen) wurden die Rechtsvorschriften \u00fcber die Com.It.Es. grundlegend erneuert.<\/p>\n<p>Unter den zahlreichen Neuerungen ist an erster Stelle die Einf\u00fchrung der Briefwahl f\u00fcr die Wahl der Aussch\u00fcsse zu nennen; das Gesetz greift auf die im Gesetz 459 vom 27. Dezember 2001 vorgesehenen Verfahren zur\u00fcck: Die Wahlgrundlage ist also dieselbe wie bei der Wahl der Abgeordneten des nationalen Parlaments.<\/p>\n<p>Damit der B\u00fcrger seine Stimme per Post abgeben kann, schickt das Konsulat jedem W\u00e4hler innerhalb der gesetzlich festgelegten Frist einen Umschlag mit dem gesamten Wahlmaterial und einem Informationsblatt zu, in dem die Wahl erl\u00e4utert wird. Der B\u00fcrger gibt seine Stimme ab, indem er die Anweisungen sorgf\u00e4ltig befolgt, und schickt den Stimmzettel mit dem bereits frankierten Umschlag per Post an sein Konsulat zur\u00fcck. Der Umschlag muss so schnell wie m\u00f6glich abgeschickt werden.<\/p>\n<p>Die Aussch\u00fcsse setzen sich aus 12 oder 18 Mitgliedern zusammen, je nachdem, ob sie in Konsularbezirken mit weniger oder mehr als 100.000 ans\u00e4ssigen italienischen Staatsangeh\u00f6rigen gew\u00e4hlt werden, wie sie sich aus der aktualisierten Liste f\u00fcr die Wahl der Abgeordneten zum nationalen Parlament ergeben. Nach der Wahl kann der Ausschuss beschliessen, 4 oder 6 Mitglieder, ausl\u00e4ndische B\u00fcrger italienischer Herkunft, zu kooptieren.<\/p>\n<p>Ein besonders neues Element stellt Art. 1, Abs. 2 des Gesetzes 286\/2003 dar, der die Com.It.Es. zum ersten Mal als &#8222;Vertretungsorgane der Italiener im Ausland in den Beziehungen zu den diplomatisch-konsularischen Vertretungen&#8220; definiert; auf diese Weise wird ihre Rolle sowohl gegen\u00fcber den Gemeinschaften, deren Ausdruck sie sind, als auch gegen\u00fcber der Konsularbeh\u00f6rde aufgewertet. Das neue Gesetz unterstreicht die engen Beziehungen der Zusammenarbeit zwischen der Konsularbeh\u00f6rde und den Aussch\u00fcssen, auch durch einen &#8222;regelm\u00e4ssigen Informationsfluss&#8220;.<\/p>\n<p>Was ihre Aufgaben betrifft, so tragen die Com.It.Es.-Aussch\u00fcsse auch durch Studien und Forschungen dazu bei, die sozialen, kulturellen und zivilen Entwicklungsbed\u00fcrfnisse der Bezugsgemeinschaft zu ermitteln; besonderes Augenmerk gilt dabei der Beteiligung der Jugend, der Chancengleichheit, der sozialen und schulischen Unterst\u00fctzung, der beruflichen Bildung, dem Freizeitsektor, dem Sport und der Freizeitgestaltung.<\/p>\n<p>Die Komitees sind auch dazu aufgerufen, mit den Konsularbeh\u00f6rden zusammenzuarbeiten, um die Rechte und Interessen der italienischen Staatsb\u00fcrger zu sch\u00fctzen, die im Konsularbezirk wohnen.<\/p>\n<p>In der Schweiz gibt es 7 Com.It.Es. in Bern, Z\u00fcrich, Genf, Lausanne, Lugano, Basel und St. Gallen.<\/p>\n","protected":false},"excerpt":{"rendered":"Die Com.It.Es. (Komitees der Italiener im Ausland), die durch das Gesetz Nr. 205\/1985 gegr\u00fcndet wurden, sind repr\u00e4sentative Organe unserer Gemeinschaft und werden auf der Grundlage von Kandidatenlisten gew\u00e4hlt, die von italienischen Staatsb\u00fcrgern mit Wohnsitz in jedem Konsularbezirk, in dem mindestens 3.000 italienische Staatsb\u00fcrger leben, unterzeichnet werden; auch in Bezirken, in denen weniger als 3.000 italienische [&hellip;]","protected":false},"author":4,"featured_media":0,"parent":4970,"menu_order":0,"comment_status":"closed","ping_status":"closed","template":"","meta":{"footnotes":""},"class_list":["post-5000","page","type-page","status-publish","hentry"],"_links":{"self":[{"href":"https:\/\/ambberna.esteri.it\/de\/wp-json\/wp\/v2\/pages\/5000","targetHints":{"allow":["GET"]}}],"collection":[{"href":"https:\/\/ambberna.esteri.it\/de\/wp-json\/wp\/v2\/pages"}],"about":[{"href":"https:\/\/ambberna.esteri.it\/de\/wp-json\/wp\/v2\/types\/page"}],"author":[{"embeddable":true,"href":"https:\/\/ambberna.esteri.it\/de\/wp-json\/wp\/v2\/users\/4"}],"replies":[{"embeddable":true,"href":"https:\/\/ambberna.esteri.it\/de\/wp-json\/wp\/v2\/comments?post=5000"}],"version-history":[{"count":3,"href":"https:\/\/ambberna.esteri.it\/de\/wp-json\/wp\/v2\/pages\/5000\/revisions"}],"predecessor-version":[{"id":5514,"href":"https:\/\/ambberna.esteri.it\/de\/wp-json\/wp\/v2\/pages\/5000\/revisions\/5514"}],"up":[{"embeddable":true,"href":"https:\/\/ambberna.esteri.it\/de\/wp-json\/wp\/v2\/pages\/4970"}],"wp:attachment":[{"href":"https:\/\/ambberna.esteri.it\/de\/wp-json\/wp\/v2\/media?parent=5000"}],"curies":[{"name":"wp","href":"https:\/\/api.w.org\/{rel}","templated":true}]}}