{"id":5102,"date":"2023-06-27T16:05:48","date_gmt":"2023-06-27T14:05:48","guid":{"rendered":"https:\/\/ambberna.esteri.it\/servizi-consolari-e-visti\/servizi-per-il-cittadino-italiano\/spid-per-residenti-allestero\/"},"modified":"2023-12-11T14:32:18","modified_gmt":"2023-12-11T12:32:18","slug":"spid-per-residenti-allestero","status":"publish","type":"page","link":"https:\/\/ambberna.esteri.it\/de\/servizi-consolari-e-visti\/servizi-per-il-cittadino-italiano\/spid-per-residenti-allestero\/","title":{"rendered":"SPID f\u00fcr im Ausland ans\u00e4ssige Personen"},"content":{"rendered":"<div>\n<p>Derzeit ist das <strong>\u00f6ffentliche digitale Identit\u00e4tssystem (SPID)<\/strong> das wichtigste Online-Identifikationsinstrument f\u00fcr B\u00fcrger und Unternehmen in ihren Beziehungen mit der italienischen \u00f6ffentlichen Verwaltung, einschliesslich der konsularischen Vertretungen im Ausland.<\/p>\n<p>Bitte beachten Sie, dass f\u00fcr den Zugang zu konsularischen Online-Diensten (insbesondere dem Fast It-Portal)<\/p>\n<ul>\n<li>ab dem 1. Januar 2026 f\u00fcr die Einrichtung neuer Konten zwingend der <strong>Besitz eines SPID-Ausweises<\/strong> oder alternativ eines CIE oder CNS erforderlich ist<\/li>\n<li>Diejenigen, die bereits ein Zugangsprofil mit Benutzernamen und Passwort haben, k\u00f6nnen dieses nur noch bis zum 31. M\u00e4rz 2026 nutzen.<\/li>\n<\/ul>\n<p>Es wird daher empfohlen, jetzt Schritte zu unternehmen, um SPID-Zugangsdaten zu erhalten: Interessierte Parteien k\u00f6nnen sich an die Identit\u00e4tsanbieter wenden, die mit der Erbringung dieser Dienstleistung beauftragt sind.<\/p>\n<p>Die Konsularische Kanzlei kann <strong>KEINE<\/strong> SPID-Anmeldedaten bereitstellen, da sie kein <em>Identity Provider<\/em> ist.<\/p>\n<p>Alle Informationen sowie Anleitungen zum Erhalt der Ausweise finden Sie:<\/p>\n<ul>\n<li>auf der <a href=\"https:\/\/www.spid.gov.it\/de\/was-ist-spid\/so-waehlen-sie-einen-identity-provider-aus\/\"><strong>SPID<\/strong> <\/a>gewidmeten Seite des Ministeriums f\u00fcr ausw\u00e4rtige Angelegenheiten und internationale Zusammenarbeit<\/li>\n<li>auf der Seite<a href=\"https:\/\/www.spid.gov.it\/de\/haeufig-gestellte-fragen\/\"> FAQ &#8211; H\u00e4ufig gestellte Fragen<\/a> der Agenzia dell&#8217;Italia Digitale<\/li>\n<\/ul>\n<\/div>\n","protected":false},"excerpt":{"rendered":"Derzeit ist das \u00f6ffentliche digitale Identit\u00e4tssystem (SPID) das wichtigste Online-Identifikationsinstrument f\u00fcr B\u00fcrger und Unternehmen in ihren Beziehungen mit der italienischen \u00f6ffentlichen Verwaltung, einschliesslich der konsularischen Vertretungen im Ausland. Bitte beachten Sie, dass f\u00fcr den Zugang zu konsularischen Online-Diensten (insbesondere dem Fast It-Portal) ab dem 1. Januar 2026 f\u00fcr die Einrichtung neuer Konten zwingend der Besitz [&hellip;]","protected":false},"author":4,"featured_media":0,"parent":3977,"menu_order":13,"comment_status":"closed","ping_status":"closed","template":"","meta":{"footnotes":""},"class_list":["post-5102","page","type-page","status-publish","hentry"],"_links":{"self":[{"href":"https:\/\/ambberna.esteri.it\/de\/wp-json\/wp\/v2\/pages\/5102","targetHints":{"allow":["GET"]}}],"collection":[{"href":"https:\/\/ambberna.esteri.it\/de\/wp-json\/wp\/v2\/pages"}],"about":[{"href":"https:\/\/ambberna.esteri.it\/de\/wp-json\/wp\/v2\/types\/page"}],"author":[{"embeddable":true,"href":"https:\/\/ambberna.esteri.it\/de\/wp-json\/wp\/v2\/users\/4"}],"replies":[{"embeddable":true,"href":"https:\/\/ambberna.esteri.it\/de\/wp-json\/wp\/v2\/comments?post=5102"}],"version-history":[{"count":2,"href":"https:\/\/ambberna.esteri.it\/de\/wp-json\/wp\/v2\/pages\/5102\/revisions"}],"predecessor-version":[{"id":5475,"href":"https:\/\/ambberna.esteri.it\/de\/wp-json\/wp\/v2\/pages\/5102\/revisions\/5475"}],"up":[{"embeddable":true,"href":"https:\/\/ambberna.esteri.it\/de\/wp-json\/wp\/v2\/pages\/3977"}],"wp:attachment":[{"href":"https:\/\/ambberna.esteri.it\/de\/wp-json\/wp\/v2\/media?parent=5102"}],"curies":[{"name":"wp","href":"https:\/\/api.w.org\/{rel}","templated":true}]}}