{"id":5152,"date":"2023-06-19T16:02:47","date_gmt":"2023-06-19T14:02:47","guid":{"rendered":"https:\/\/ambberna.esteri.it\/servizi-consolari-e-visti\/servizi-per-il-cittadino-italiano\/albo-consolare-e-altri-servizi\/la-trasparenza\/"},"modified":"2023-12-11T12:00:12","modified_gmt":"2023-12-11T10:00:12","slug":"la-trasparenza","status":"publish","type":"page","link":"https:\/\/ambberna.esteri.it\/de\/servizi-consolari-e-visti\/servizi-per-il-cittadino-italiano\/albo-consolare-e-altri-servizi\/la-trasparenza\/","title":{"rendered":"Transparenz\u00a0"},"content":{"rendered":"<p><strong>Schutz personenbezogener Daten: Benutzerinformationen \u00fcber konsularische Dienstleistungen<\/strong><\/p>\n<ul>\n<li><a href=\"https:\/\/www.esteri.it\/en\/trasparenza_comunicazioni_legali\/protezione-dati-personali\/\">Allgemeine Datenschutzverordnung (EU 2016\/679)<\/a><\/li>\n<li><a href=\"https:\/\/ambberna.esteri.it\/wp-content\/uploads\/2023\/06\/informativa_servizi_consolari__ex_visti_e_cittadinanza_.pdf\">Informationen \u00fcber die Verarbeitung personenbezogener Daten bei konsularischen Dienstleistungen (ausser Visa und Staatsangeh\u00f6rigkeit)<\/a><\/li>\n<li><a href=\"https:\/\/ambberna.esteri.it\/wp-content\/uploads\/2023\/06\/informativa_cittadinanza__jure_sanguinis_e_naturalizzazione_.pdf\">Informationen \u00fcber die Verarbeitung personenbezogener Daten zur Staatsb\u00fcrgerschaft iure sanguinis und zur Einb\u00fcrgerung<\/a><\/li>\n<\/ul>\n<p><a href=\"https:\/\/ambberna.esteri.it\/amministrazione-trasparente\/bandi-di-concorso\/\"><strong>Allgemeine Auswahlverfahren, laufende und abgeschlossene Auswahlverfahren<\/strong><\/a><\/p>\n<p><a href=\"https:\/\/www.esteri.it\/en\/servizi-consolari-e-visti\/italiani-all-estero\/concorsi-per-edilizia-popolare\/\"><strong>Bekanntmachungen von Auswahlverfahren f\u00fcr die Vergabe von Sozialwohnungen der E.R.P.<\/strong><\/a><\/p>\n<p><a href=\"https:\/\/ambberna.esteri.it\/news\/dall_ambasciata\/la-trasparenza\/certificazione-esecuzione-lavori-eseguiti-allestero-da-imprese-italiane\/\"><strong>Zertifizierung von Arbeiten, die von italienischen Unternehmen im Ausland ausgef\u00fchrt werden<\/strong><\/a><\/p>\n","protected":false},"excerpt":{"rendered":"Schutz personenbezogener Daten: Benutzerinformationen \u00fcber konsularische Dienstleistungen Allgemeine Datenschutzverordnung (EU 2016\/679) Informationen \u00fcber die Verarbeitung personenbezogener Daten bei konsularischen Dienstleistungen (ausser Visa und Staatsangeh\u00f6rigkeit) Informationen \u00fcber die Verarbeitung personenbezogener Daten zur Staatsb\u00fcrgerschaft iure sanguinis und zur Einb\u00fcrgerung Allgemeine Auswahlverfahren, laufende und abgeschlossene Auswahlverfahren Bekanntmachungen von Auswahlverfahren f\u00fcr die Vergabe von Sozialwohnungen der E.R.P. Zertifizierung von [&hellip;]","protected":false},"author":4,"featured_media":0,"parent":4531,"menu_order":0,"comment_status":"closed","ping_status":"closed","template":"","meta":{"footnotes":""},"class_list":["post-5152","page","type-page","status-publish","hentry"],"_links":{"self":[{"href":"https:\/\/ambberna.esteri.it\/de\/wp-json\/wp\/v2\/pages\/5152","targetHints":{"allow":["GET"]}}],"collection":[{"href":"https:\/\/ambberna.esteri.it\/de\/wp-json\/wp\/v2\/pages"}],"about":[{"href":"https:\/\/ambberna.esteri.it\/de\/wp-json\/wp\/v2\/types\/page"}],"author":[{"embeddable":true,"href":"https:\/\/ambberna.esteri.it\/de\/wp-json\/wp\/v2\/users\/4"}],"replies":[{"embeddable":true,"href":"https:\/\/ambberna.esteri.it\/de\/wp-json\/wp\/v2\/comments?post=5152"}],"version-history":[{"count":2,"href":"https:\/\/ambberna.esteri.it\/de\/wp-json\/wp\/v2\/pages\/5152\/revisions"}],"predecessor-version":[{"id":5447,"href":"https:\/\/ambberna.esteri.it\/de\/wp-json\/wp\/v2\/pages\/5152\/revisions\/5447"}],"up":[{"embeddable":true,"href":"https:\/\/ambberna.esteri.it\/de\/wp-json\/wp\/v2\/pages\/4531"}],"wp:attachment":[{"href":"https:\/\/ambberna.esteri.it\/de\/wp-json\/wp\/v2\/media?parent=5152"}],"curies":[{"name":"wp","href":"https:\/\/api.w.org\/{rel}","templated":true}]}}