{"id":5284,"date":"2023-06-13T09:54:57","date_gmt":"2023-06-13T07:54:57","guid":{"rendered":"https:\/\/ambberna.esteri.it\/italia-e-svizzera\/diplomazia-economica\/fare-affari-in-svizzera\/guida-strumenti\/"},"modified":"2023-12-07T14:57:47","modified_gmt":"2023-12-07T12:57:47","slug":"guida-strumenti","status":"publish","type":"page","link":"https:\/\/ambberna.esteri.it\/de\/italia-e-svizzera\/diplomazia-economica\/fare-affari-in-svizzera\/guida-strumenti\/","title":{"rendered":"Leitfaden zum Instrument"},"content":{"rendered":"<p>Das Dekret des Ministeriums f\u00fcr Unternehmen und Made in Italy vom 12. Juni 2023 wurde im Amtsblatt vom 9. August 2023 ver\u00f6ffentlicht. Darin werden die Modalit\u00e4ten f\u00fcr die Verwendung der zus\u00e4tzlichen Mittel festgelegt, die dem Wagniskapital-Unterst\u00fctzungsfonds zugewiesen werden und mit denen Investitionen in das Kapital innovativer Start-ups und innovativer kleiner und mittlerer Unternehmen unterst\u00fctzt werden sollen.<\/p>\n<p>Das Dekret \u00e4ndert insbesondere das Dekret des Ministers f\u00fcr wirtschaftliche Entwicklung (jetzt Ministerium f\u00fcr Unternehmen und Made in Italy) vom 1. Oktober 2020, indem es die folgenden Definitionen festlegt:<\/p>\n<ul>\n<li>&#8222;Umwandlungsfinanzierung&#8220; ist ein &#8222;eigenkapital\u00e4hnliches&#8220; Instrument, das aus einer Einlage besteht, die nicht zu einer R\u00fcckzahlung oder Erstattung f\u00fchrt und f\u00fcr den im Verwaltungsreglement angegebenen Zeitraum fiktive Zinsen erzeugt, die zu einem ebenfalls im Verwaltungsreglement angegebenen einfachen fiktiven Jahreszinssatz auflaufen, die in Eigenkapital der Zielgesellschaft umgewandelt werden (unter Ber\u00fccksichtigung der fiktiven Zinsen f\u00fcr den alleinigen Zweck des Umwandlungsverh\u00e4ltnisses), wenn vor dem Ende der Liquidationst\u00e4tigkeit des Fonds die folgenden Umst\u00e4nde eintreten, es sei denn, das SGR verzichtet im alleinigen Interesse der Fondsteilnehmer auf die Umwandlung, einschliesslich der fiktiven Zinsen<\/li>\n<li>&#8222;Vorgeschlagene Anleger&#8220; sind professionelle Anleger oder qualifizierte Anleger, die dem Fonds ein oder mehrere Zielunternehmen vorschlagen, in die der betreffende Anleger einen Betrag von jeweils mindestens 50.000,00 EUR investiert hat&#8220;.<\/li>\n<\/ul>\n<p>Das Dekret sieht unter anderem vor, dass:<\/p>\n<ul>\n<li>wenn es sich bei dem Zielunternehmen um ein innovatives KMU handelt, das b\u00f6rsennotierte Aktien ausgibt, die Erstinvestition des Fonds in dieses Zielunternehmen auch in Form einer Kapitalbeteiligung erfolgen kann<\/li>\n<li>der Fonds kann Folgeinvestitionen in die Portfoliounternehmen t\u00e4tigen, wobei er vorzugsweise solche Unternehmen ausw\u00e4hlt, in die der Fonds das wandelnde Finanzierungsinstrument bereits umgewandelt hat, und zwar bis zu einem Gesamth\u00f6chstbetrag von 50.000.000 Euro, einschlie\u00dflich der mit diesen Investitionen verbundenen Kosten und Auslagen, unter Verwendung der in Artikel 38 Absatz 3 des Gesetzesdekrets Nr. 34\/2020 genannten Mittel. Der Wert der einzelnen Folgeinvestitionen darf einen H\u00f6chstbetrag von 5.000.000 Euro pro einzelnem Portfoliounternehmen nicht \u00fcberschreiten&#8220;;<\/li>\n<li>Die SGR erh\u00e4lt ausserdem eine markt\u00fcbliche Erfolgsverg\u00fctung in H\u00f6he von 15% (f\u00fcnfzehn Prozent) auf den Betrag, der sich aus der Differenz zwischen dem Endwert des Fonds und dem Nennwert des Fonds ergibt, abz\u00fcglich einer etwaigen Mindestrendite f\u00fcr den Anleger in H\u00f6he von 5% p.a. mit Zinseszins auf den eingezahlten und von Zeit zu Zeit tats\u00e4chlich verwendeten Betrag des Fondsverm\u00f6gens, berechnet in der Zeit zwischen dem Datum der tats\u00e4chlichen Verwendung dieser Betr\u00e4ge und dem Datum der jeweiligen Aussch\u00fcttung.<\/li>\n<\/ul>\n","protected":false},"excerpt":{"rendered":"Das Dekret des Ministeriums f\u00fcr Unternehmen und Made in Italy vom 12. Juni 2023 wurde im Amtsblatt vom 9. August 2023 ver\u00f6ffentlicht. Darin werden die Modalit\u00e4ten f\u00fcr die Verwendung der zus\u00e4tzlichen Mittel festgelegt, die dem Wagniskapital-Unterst\u00fctzungsfonds zugewiesen werden und mit denen Investitionen in das Kapital innovativer Start-ups und innovativer kleiner und mittlerer Unternehmen unterst\u00fctzt werden [&hellip;]","protected":false},"author":4,"featured_media":0,"parent":4232,"menu_order":0,"comment_status":"closed","ping_status":"closed","template":"","meta":{"footnotes":""},"class_list":["post-5284","page","type-page","status-publish","hentry"],"_links":{"self":[{"href":"https:\/\/ambberna.esteri.it\/de\/wp-json\/wp\/v2\/pages\/5284","targetHints":{"allow":["GET"]}}],"collection":[{"href":"https:\/\/ambberna.esteri.it\/de\/wp-json\/wp\/v2\/pages"}],"about":[{"href":"https:\/\/ambberna.esteri.it\/de\/wp-json\/wp\/v2\/types\/page"}],"author":[{"embeddable":true,"href":"https:\/\/ambberna.esteri.it\/de\/wp-json\/wp\/v2\/users\/4"}],"replies":[{"embeddable":true,"href":"https:\/\/ambberna.esteri.it\/de\/wp-json\/wp\/v2\/comments?post=5284"}],"version-history":[{"count":2,"href":"https:\/\/ambberna.esteri.it\/de\/wp-json\/wp\/v2\/pages\/5284\/revisions"}],"predecessor-version":[{"id":5288,"href":"https:\/\/ambberna.esteri.it\/de\/wp-json\/wp\/v2\/pages\/5284\/revisions\/5288"}],"up":[{"embeddable":true,"href":"https:\/\/ambberna.esteri.it\/de\/wp-json\/wp\/v2\/pages\/4232"}],"wp:attachment":[{"href":"https:\/\/ambberna.esteri.it\/de\/wp-json\/wp\/v2\/media?parent=5284"}],"curies":[{"name":"wp","href":"https:\/\/api.w.org\/{rel}","templated":true}]}}