{"id":5294,"date":"2023-06-13T09:57:09","date_gmt":"2023-06-13T07:57:09","guid":{"rendered":"https:\/\/ambberna.esteri.it\/italia-e-svizzera\/diplomazia-economica\/fare-affari-in-svizzera\/servizi-per-le-imprese\/"},"modified":"2023-12-07T15:01:24","modified_gmt":"2023-12-07T13:01:24","slug":"servizi-per-le-imprese","status":"publish","type":"page","link":"https:\/\/ambberna.esteri.it\/de\/italia-e-svizzera\/diplomazia-economica\/fare-affari-in-svizzera\/servizi-per-le-imprese\/","title":{"rendered":"Gesch\u00e4ftliche Dienstleistungen"},"content":{"rendered":"<p>W\u00e4hlen Sie im Untermen\u00fc die gew\u00fcnschte Dienstleistung aus.<\/p>\n","protected":false},"excerpt":{"rendered":"W\u00e4hlen Sie im Untermen\u00fc die gew\u00fcnschte Dienstleistung aus.","protected":false},"author":4,"featured_media":0,"parent":4232,"menu_order":0,"comment_status":"closed","ping_status":"closed","template":"","meta":{"footnotes":""},"class_list":["post-5294","page","type-page","status-publish","hentry"],"_links":{"self":[{"href":"https:\/\/ambberna.esteri.it\/de\/wp-json\/wp\/v2\/pages\/5294","targetHints":{"allow":["GET"]}}],"collection":[{"href":"https:\/\/ambberna.esteri.it\/de\/wp-json\/wp\/v2\/pages"}],"about":[{"href":"https:\/\/ambberna.esteri.it\/de\/wp-json\/wp\/v2\/types\/page"}],"author":[{"embeddable":true,"href":"https:\/\/ambberna.esteri.it\/de\/wp-json\/wp\/v2\/users\/4"}],"replies":[{"embeddable":true,"href":"https:\/\/ambberna.esteri.it\/de\/wp-json\/wp\/v2\/comments?post=5294"}],"version-history":[{"count":1,"href":"https:\/\/ambberna.esteri.it\/de\/wp-json\/wp\/v2\/pages\/5294\/revisions"}],"predecessor-version":[{"id":5296,"href":"https:\/\/ambberna.esteri.it\/de\/wp-json\/wp\/v2\/pages\/5294\/revisions\/5296"}],"up":[{"embeddable":true,"href":"https:\/\/ambberna.esteri.it\/de\/wp-json\/wp\/v2\/pages\/4232"}],"wp:attachment":[{"href":"https:\/\/ambberna.esteri.it\/de\/wp-json\/wp\/v2\/media?parent=5294"}],"curies":[{"name":"wp","href":"https:\/\/api.w.org\/{rel}","templated":true}]}}