{"id":5307,"date":"2023-06-13T09:58:37","date_gmt":"2023-06-13T07:58:37","guid":{"rendered":"https:\/\/ambberna.esteri.it\/italia-e-svizzera\/diplomazia-economica\/fare-affari-in-svizzera\/servizi-per-le-imprese\/assicurazione-allexport\/"},"modified":"2023-12-07T15:05:46","modified_gmt":"2023-12-07T13:05:46","slug":"assicurazione-allexport","status":"publish","type":"page","link":"https:\/\/ambberna.esteri.it\/de\/italia-e-svizzera\/diplomazia-economica\/fare-affari-in-svizzera\/servizi-per-le-imprese\/assicurazione-allexport\/","title":{"rendered":"Export-Versicherung"},"content":{"rendered":"<p><a href=\"https:\/\/www.sace.it\/en\"><strong>Servizi Assicurativi del Commercio Estero &#8211; SACE S.p.A.<\/strong><\/a><\/p>\n<ul>\n<li>Exportkreditversicherungsgesellschaft mit vom Ministerium f\u00fcr Wirtschaft und Finanzen gezeichnetem Aktienkapital;<\/li>\n<li>versichert und r\u00fcckversichert die politischen, wirtschaftlichen und kommerziellen Risiken, denen italienische Unternehmen bei ihren internationalen Gesch\u00e4ften ausgesetzt sind;<\/li>\n<li>unterst\u00fctzt die Exporte kleiner und mittlerer italienischer Unternehmen, indem sie den Zugang zu Versicherungsgarantien durch zwei Strategien erleichtert, die darauf beruhen, dass die Unternehmen die M\u00f6glichkeit haben, die Art der Beziehung zu SACE zu w\u00e4hlen:\n<ul>\n<li>Direkte Strategie, bei der unter den verschiedenen verf\u00fcgbaren Versicherungsinstrumenten die Global Policies hervorstechen, die f\u00fcr Unternehmen bestimmt sind, die st\u00e4ndige Gesch\u00e4ftsbeziehungen mit verschiedenen ausl\u00e4ndischen Schuldnern unterhalten;<\/li>\n<li>die indirekte Strategie, d. h. die durch Banken und\/oder private Versicherungsgesellschaften vermittelte T\u00e4tigkeit.<\/li>\n<\/ul>\n<\/li>\n<\/ul>\n<ul>\n<li style=\"list-style-type: none;\"><\/li>\n<\/ul>\n","protected":false},"excerpt":{"rendered":"Servizi Assicurativi del Commercio Estero &#8211; SACE S.p.A. Exportkreditversicherungsgesellschaft mit vom Ministerium f\u00fcr Wirtschaft und Finanzen gezeichnetem Aktienkapital; versichert und r\u00fcckversichert die politischen, wirtschaftlichen und kommerziellen Risiken, denen italienische Unternehmen bei ihren internationalen Gesch\u00e4ften ausgesetzt sind; unterst\u00fctzt die Exporte kleiner und mittlerer italienischer Unternehmen, indem sie den Zugang zu Versicherungsgarantien durch zwei Strategien erleichtert, die [&hellip;]","protected":false},"author":4,"featured_media":0,"parent":5294,"menu_order":0,"comment_status":"closed","ping_status":"closed","template":"","meta":{"footnotes":""},"class_list":["post-5307","page","type-page","status-publish","hentry"],"_links":{"self":[{"href":"https:\/\/ambberna.esteri.it\/de\/wp-json\/wp\/v2\/pages\/5307","targetHints":{"allow":["GET"]}}],"collection":[{"href":"https:\/\/ambberna.esteri.it\/de\/wp-json\/wp\/v2\/pages"}],"about":[{"href":"https:\/\/ambberna.esteri.it\/de\/wp-json\/wp\/v2\/types\/page"}],"author":[{"embeddable":true,"href":"https:\/\/ambberna.esteri.it\/de\/wp-json\/wp\/v2\/users\/4"}],"replies":[{"embeddable":true,"href":"https:\/\/ambberna.esteri.it\/de\/wp-json\/wp\/v2\/comments?post=5307"}],"version-history":[{"count":1,"href":"https:\/\/ambberna.esteri.it\/de\/wp-json\/wp\/v2\/pages\/5307\/revisions"}],"predecessor-version":[{"id":5310,"href":"https:\/\/ambberna.esteri.it\/de\/wp-json\/wp\/v2\/pages\/5307\/revisions\/5310"}],"up":[{"embeddable":true,"href":"https:\/\/ambberna.esteri.it\/de\/wp-json\/wp\/v2\/pages\/5294"}],"wp:attachment":[{"href":"https:\/\/ambberna.esteri.it\/de\/wp-json\/wp\/v2\/media?parent=5307"}],"curies":[{"name":"wp","href":"https:\/\/api.w.org\/{rel}","templated":true}]}}