{"id":5318,"date":"2023-06-13T09:59:18","date_gmt":"2023-06-13T07:59:18","guid":{"rendered":"https:\/\/ambberna.esteri.it\/italia-e-svizzera\/diplomazia-economica\/fare-affari-in-svizzera\/servizi-per-le-imprese\/finanziamenti-e-investimenti\/"},"modified":"2023-12-07T15:16:34","modified_gmt":"2023-12-07T13:16:34","slug":"finanziamenti-e-investimenti","status":"publish","type":"page","link":"https:\/\/ambberna.esteri.it\/de\/italia-e-svizzera\/diplomazia-economica\/fare-affari-in-svizzera\/servizi-per-le-imprese\/finanziamenti-e-investimenti\/","title":{"rendered":"Finanzierungen und Investitionen"},"content":{"rendered":"<p><a href=\"https:\/\/www.simest.it\/en\/\"><strong>Finanziaria di sviluppo e promozione delle imprese italiane all&#8217;estero &#8211; SIMEST S.p.A.<\/strong><\/a><\/p>\n<ul>\n<li>Diese Gesellschaft wird von der italienischen Regierung kontrolliert, die76 % der Anteile h\u00e4lt, und befindet sich im Besitz von Banken, Unternehmen, Wirtschafts- und Handelsverb\u00e4nden;<\/li>\n<li>f\u00f6rdert und unterst\u00fctzt die Auslandsaktivit\u00e4ten aller italienischen Unternehmen, insbesondere kleiner und mittlerer Unternehmen, einschlie\u00dflich Handel, Handwerk und Tourismus, sowie von Genossenschaften, Konsortien und anderen wirtschaftlichen Einrichtungen, und zwar \u00fcber zwei Hauptkan\u00e4le: Unterst\u00fctzung des Handels und Unterst\u00fctzung von Investitionen im Ausland;<\/li>\n<li>bietet Unterst\u00fctzung und Beratung in allen Phasen der Gr\u00fcndung und Durchf\u00fchrung von Investitionen im Ausland;<\/li>\n<li>finanzielle Unterst\u00fctzung f\u00fcr Investitionen italienischer Unternehmen im Ausland durch die Verwaltung von Anreizen und direkten Subventionen;<\/li>\n<li>Die Beteiligung von SIMEST am Kapital ausl\u00e4ndischer Unternehmen erm\u00f6glicht es, das potenzielle Risiko der neuen Initiative mit einem institutionellen Partner zu teilen, der sein eigenes Kapital einbringt, und stellt seine langj\u00e4hrige Erfahrung auf ausl\u00e4ndischen M\u00e4rkten zur Verf\u00fcgung, die auf der Beteiligung an Hunderten von Projekten in aller Welt beruht;<\/li>\n<li>verwaltet die Risikokapitalfonds des Ministeriums f\u00fcr produktive T\u00e4tigkeiten;<\/li>\n<li>Gew\u00e4hrung von Zinszusch\u00fcssen f\u00fcr Darlehen, die italienischen Exporteuren gew\u00e4hrt werden;<\/li>\n<li>finanziert die Ausgaben f\u00fcr den Bau von dauerhaften Handelsstrukturen;<\/li>\n<li>stellt Finanzmittel f\u00fcr Durchf\u00fchrbarkeitsstudien und technische Hilfe bereit;<\/li>\n<li>finanziert die Kosten f\u00fcr internationale Ausschreibungen;<\/li>\n<li>f\u00fchrt Business Scouting-Massnahmen durch.<\/li>\n<\/ul>\n","protected":false},"excerpt":{"rendered":"Finanziaria di sviluppo e promozione delle imprese italiane all&#8217;estero &#8211; SIMEST S.p.A. Diese Gesellschaft wird von der italienischen Regierung kontrolliert, die76 % der Anteile h\u00e4lt, und befindet sich im Besitz von Banken, Unternehmen, Wirtschafts- und Handelsverb\u00e4nden; f\u00f6rdert und unterst\u00fctzt die Auslandsaktivit\u00e4ten aller italienischen Unternehmen, insbesondere kleiner und mittlerer Unternehmen, einschlie\u00dflich Handel, Handwerk und Tourismus, sowie [&hellip;]","protected":false},"author":4,"featured_media":0,"parent":5294,"menu_order":0,"comment_status":"closed","ping_status":"closed","template":"","meta":{"footnotes":""},"class_list":["post-5318","page","type-page","status-publish","hentry"],"_links":{"self":[{"href":"https:\/\/ambberna.esteri.it\/de\/wp-json\/wp\/v2\/pages\/5318","targetHints":{"allow":["GET"]}}],"collection":[{"href":"https:\/\/ambberna.esteri.it\/de\/wp-json\/wp\/v2\/pages"}],"about":[{"href":"https:\/\/ambberna.esteri.it\/de\/wp-json\/wp\/v2\/types\/page"}],"author":[{"embeddable":true,"href":"https:\/\/ambberna.esteri.it\/de\/wp-json\/wp\/v2\/users\/4"}],"replies":[{"embeddable":true,"href":"https:\/\/ambberna.esteri.it\/de\/wp-json\/wp\/v2\/comments?post=5318"}],"version-history":[{"count":2,"href":"https:\/\/ambberna.esteri.it\/de\/wp-json\/wp\/v2\/pages\/5318\/revisions"}],"predecessor-version":[{"id":5324,"href":"https:\/\/ambberna.esteri.it\/de\/wp-json\/wp\/v2\/pages\/5318\/revisions\/5324"}],"up":[{"embeddable":true,"href":"https:\/\/ambberna.esteri.it\/de\/wp-json\/wp\/v2\/pages\/5294"}],"wp:attachment":[{"href":"https:\/\/ambberna.esteri.it\/de\/wp-json\/wp\/v2\/media?parent=5318"}],"curies":[{"name":"wp","href":"https:\/\/api.w.org\/{rel}","templated":true}]}}