{"id":5331,"date":"2023-06-13T10:00:37","date_gmt":"2023-06-13T08:00:37","guid":{"rendered":"https:\/\/ambberna.esteri.it\/italia-e-svizzera\/diplomazia-economica\/fare-affari-in-svizzera\/servizi-per-le-imprese\/gare-early-warning\/"},"modified":"2023-12-07T15:49:43","modified_gmt":"2023-12-07T13:49:43","slug":"gare-early-warning","status":"publish","type":"page","link":"https:\/\/ambberna.esteri.it\/de\/italia-e-svizzera\/diplomazia-economica\/fare-affari-in-svizzera\/servizi-per-le-imprese\/gare-early-warning\/","title":{"rendered":"Gare &#8211; early warning"},"content":{"rendered":"<p><a href=\"https:\/\/extender.esteri.it\/popupextender.html\"><strong>Informationssystem f\u00fcr die Vorwegnahme von Ausschreibungen und Grossprojekten &#8211; EXTENDER<\/strong><\/a><\/p>\n<ul>\n<li>Ein kostenloses Informationssystem, das im Rahmen einer Vereinbarung zwischen dem Ministerium f\u00fcr ausw\u00e4rtige Angelegenheiten, dem Verband der italienischen Handelskammern und dem Verband der italienischen Handelskammern im Ausland gef\u00f6rdert wird und der gezielten Verbreitung von Wirtschaftsinformationen und Gesch\u00e4ftsm\u00f6glichkeiten dient, die von italienischen Einrichtungen im Ausland zugunsten italienischer Unternehmen gemeldet werden;<\/li>\n<li>Durch eine kostenlose Registrierung auf der Website erh\u00e4lt der Nutzer in Echtzeit und per E-Mail personalisierte Informationen \u00fcber die M\u00e4rkte und Sektoren, die er bei der Registrierung angegeben hat;<\/li>\n<li>Das System stellt den Mitgliedern folgende Arten von Informationen zur Verf\u00fcgung:\n<ul>\n<li>Internationale Ausschreibungen;<\/li>\n<li>early warning: Vorschauen auf Ausschreibungen und Gro\u00dfprojekte.<\/li>\n<\/ul>\n<\/li>\n<\/ul>\n<ul>\n<li style=\"list-style-type: none;\"><\/li>\n<\/ul>\n","protected":false},"excerpt":{"rendered":"Informationssystem f\u00fcr die Vorwegnahme von Ausschreibungen und Grossprojekten &#8211; EXTENDER Ein kostenloses Informationssystem, das im Rahmen einer Vereinbarung zwischen dem Ministerium f\u00fcr ausw\u00e4rtige Angelegenheiten, dem Verband der italienischen Handelskammern und dem Verband der italienischen Handelskammern im Ausland gef\u00f6rdert wird und der gezielten Verbreitung von Wirtschaftsinformationen und Gesch\u00e4ftsm\u00f6glichkeiten dient, die von italienischen Einrichtungen im Ausland zugunsten [&hellip;]","protected":false},"author":4,"featured_media":0,"parent":5294,"menu_order":0,"comment_status":"closed","ping_status":"closed","template":"","meta":{"footnotes":""},"class_list":["post-5331","page","type-page","status-publish","hentry"],"_links":{"self":[{"href":"https:\/\/ambberna.esteri.it\/de\/wp-json\/wp\/v2\/pages\/5331","targetHints":{"allow":["GET"]}}],"collection":[{"href":"https:\/\/ambberna.esteri.it\/de\/wp-json\/wp\/v2\/pages"}],"about":[{"href":"https:\/\/ambberna.esteri.it\/de\/wp-json\/wp\/v2\/types\/page"}],"author":[{"embeddable":true,"href":"https:\/\/ambberna.esteri.it\/de\/wp-json\/wp\/v2\/users\/4"}],"replies":[{"embeddable":true,"href":"https:\/\/ambberna.esteri.it\/de\/wp-json\/wp\/v2\/comments?post=5331"}],"version-history":[{"count":1,"href":"https:\/\/ambberna.esteri.it\/de\/wp-json\/wp\/v2\/pages\/5331\/revisions"}],"predecessor-version":[{"id":5332,"href":"https:\/\/ambberna.esteri.it\/de\/wp-json\/wp\/v2\/pages\/5331\/revisions\/5332"}],"up":[{"embeddable":true,"href":"https:\/\/ambberna.esteri.it\/de\/wp-json\/wp\/v2\/pages\/5294"}],"wp:attachment":[{"href":"https:\/\/ambberna.esteri.it\/de\/wp-json\/wp\/v2\/media?parent=5331"}],"curies":[{"name":"wp","href":"https:\/\/api.w.org\/{rel}","templated":true}]}}