{"id":5338,"date":"2023-06-13T09:59:59","date_gmt":"2023-06-13T07:59:59","guid":{"rendered":"https:\/\/ambberna.esteri.it\/italia-e-svizzera\/diplomazia-economica\/fare-affari-in-svizzera\/servizi-per-le-imprese\/assistenza-e-promozione\/"},"modified":"2023-12-07T16:00:18","modified_gmt":"2023-12-07T14:00:18","slug":"assistenza-e-promozione","status":"publish","type":"page","link":"https:\/\/ambberna.esteri.it\/de\/italia-e-svizzera\/diplomazia-economica\/fare-affari-in-svizzera\/servizi-per-le-imprese\/assistenza-e-promozione\/","title":{"rendered":"Unterst\u00fctzung und F\u00f6rderung"},"content":{"rendered":"<p><a href=\"https:\/\/www.ice.it\/en\/\"><strong>ICE (Nationales Institut f\u00fcr Aussenhandel)<\/strong><\/a><\/p>\n<ul>\n<li>\u00d6ffentliche Einrichtung mit der Aufgabe, die Wirtschafts- und Handelsbeziehungen Italiens mit dem Ausland zu entwickeln, zu erleichtern und zu f\u00f6rdern, mit besonderem Augenmerk auf die Bed\u00fcrfnisse der kleinen und mittleren Unternehmen, ihrer Konsortien und Zusammenschl\u00fcsse; in enger Zusammenarbeit mit dem Ministerium f\u00fcr produktive T\u00e4tigkeiten erstellt es das Programm f\u00fcr F\u00f6rdermassnahmen;<\/li>\n<li>organisiert die Teilnahme an internationalen Messen und Initiativen zur Entwicklung von Kontakten und Gesch\u00e4ften;<\/li>\n<li>Organisation und Leitung von Seminaren und Treffen zwischen Akteuren, Durchf\u00fchrung von Marktforschungen, Entwicklung von Kommunikationsma\u00dfnahmen;<\/li>\n<li>f\u00fchrt Aktivit\u00e4ten durch, um ausl\u00e4ndische Investitionen in Italien anzuziehen, indem sie im Ausland &#8211; im Namen der lokalen Entwicklungsagenturen &#8211; M\u00f6glichkeiten in bestimmten Bereichen f\u00f6rdert und in Zusammenarbeit mit Sviluppo Italia Kommunikationsmassnahmen durchf\u00fchrt.<\/li>\n<\/ul>\n<p><a href=\"https:\/\/www.assocamerestero.it\/\"><strong>ASSOCAMERESTERO (Verband der italienischen Handelskammern im Ausland)<\/strong><\/a><\/p>\n<ul>\n<li>Verband, der die Bed\u00fcrfnisse und das Dienstleistungspotenzial der italienischen Auslandshandelskammern (CCIE) vertritt und Kooperationen und strategische Allianzen mit \u00f6ffentlichen und privaten &#8211; italienischen und internationalen &#8211; Subjekten und Einrichtungen anstrebt, um die Kenntnis und Nutzung des CCIE-Netzes zu f\u00f6rdern;<\/li>\n<li>sorgt f\u00fcr die Erstellung des Berichts \u00fcber Gesch\u00e4ftsm\u00f6glichkeiten, der das Potenzial der CCIEs als Anbieter von Informationen \u00fcber Gesch\u00e4ftsm\u00f6glichkeiten in den L\u00e4ndern, in denen das Netzwerk t\u00e4tig ist, Sektor f\u00fcr Sektor aufzeigt<\/li>\n<li>Projektunterst\u00fctzung und Koordinierungsaktivit\u00e4ten f\u00fcr die Internationalisierungsabteilungen der italienischen Handelskammern im Ausland im Rahmen des Projekts Unioncamere.<\/li>\n<\/ul>\n<p><a href=\"https:\/\/www.unioncamere.gov.it\/\"><strong>UNIONCAMERE (Italienischer Verband der Handels-, Industrie- und Handwerkskammern)<\/strong><\/a><\/p>\n<ul>\n<li>Verband, der die allgemeinen Interessen der Handelskammern wahrnimmt und vertritt, ein Bezugspunkt f\u00fcr die Produktionssektoren, sowohl auf lokaler, nationaler als auch internationaler Ebene;<\/li>\n<li>f\u00f6rdert, implementiert und verwaltet, direkt oder durch ihre eigenen Spezialunternehmen, Dienstleistungen und Aktivit\u00e4ten, die f\u00fcr die Handelskammern und Wirtschaftskategorien von Interesse sind;<\/li>\n<li>zielt darauf ab, die Zusammenarbeit mit dem CCIE-Netzwerk zu konsolidieren und zu entwickeln;<\/li>\n<li>Erleichterung des Zugangs zu EU-Initiativen und -Programmen mit Hilfe modernster Technologie und F\u00f6rderung internationaler Vereinbarungen zur F\u00f6rderung Italiens in der Welt.<\/li>\n<\/ul>\n<p><a href=\"https:\/\/www.enit.it\/en\"><strong>ENIT (Italienische Zentrale f\u00fcr Tourismus)<\/strong><\/a><\/p>\n<ul>\n<li>Institutionelle Struktur, die f\u00fcr die F\u00f6rderung des italienischen Tourismus im Ausland sorgt, indem sie Initiativen ergreift, um die nationalen und regionalen Tourismusressourcen im Ausland bekannt zu machen, insbesondere die nat\u00fcrlichen, \u00f6kologischen, historischen, kulturellen und k\u00fcnstlerischen Werte unseres Landes;<\/li>\n<li>Bereitstellung von Unterst\u00fctzung und technischen Dienstleistungen f\u00fcr italienische Tourismusunternehmen bei der kommerziellen Erschlie\u00dfung ausl\u00e4ndischer M\u00e4rkte;<\/li>\n<li>Erstellung von Studien \u00fcber die internationalen M\u00e4rkte und insbesondere \u00fcber die Entwicklung der Nachfrage im individuellen und organisierten Tourismus;<\/li>\n<li>analysiert die Entwicklung der touristischen Nachfrage im Ausland und plant operative Strategien, die im Einvernehmen mit den \u00f6ffentlichen und privaten Akteuren des italienischen Tourismus (Ministerium f\u00fcr produktive T\u00e4tigkeiten, Aussenministerium, Regionen, \u00f6ffentliche Verwaltungen, Einrichtungen und Verb\u00e4nde der Kategorie und Produzenten von touristischen Dienstleistungen.<\/li>\n<\/ul>\n<p><a href=\"https:\/\/www.sicamera.camcom.it\/#\"><strong>Si.Camera &#8211; ehemals Mondimpresa (Agentur f\u00fcr die Globalisierung von Unternehmen)<\/strong><\/a><\/p>\n<ul>\n<li>Agentur zur F\u00f6rderung und Unterst\u00fctzung von Globalisierungsprozessen, insbesondere von KMU &#8211; vor allem in S\u00fcditalien &#8211; durch ein breites und kapillares Netzwerk in Italien, das sich aus den verschiedenen Realit\u00e4ten des italienischen Systems der Handelskammern, Confcommercio und Confagricoltura zusammensetzt;<\/li>\n<li>erstellt Angebote und Projekte f\u00fcr die Teilnahme an Ausschreibungen und f\u00fcr die Inanspruchnahme von Finanzmitteln der \u00f6ffentlichen Verwaltung und gro\u00dfer internationaler Organisationen;<\/li>\n<li>organisiert Initiativen zur F\u00f6rderung von transnationalen Unternehmenspartnerschaften, sowohl sektoral als auch sektor\u00fcbergreifend;<\/li>\n<li>F\u00f6rderung ausl\u00e4ndischer Investitionen in Italien durch geeignete Informationsma\u00dfnahmen \u00fcber die Struktur des italienischen Unternehmersystems und \u00fcber die Gesetzgebung zur Unterst\u00fctzung von Investitionen.<\/li>\n<\/ul>\n","protected":false},"excerpt":{"rendered":"ICE (Nationales Institut f\u00fcr Aussenhandel) \u00d6ffentliche Einrichtung mit der Aufgabe, die Wirtschafts- und Handelsbeziehungen Italiens mit dem Ausland zu entwickeln, zu erleichtern und zu f\u00f6rdern, mit besonderem Augenmerk auf die Bed\u00fcrfnisse der kleinen und mittleren Unternehmen, ihrer Konsortien und Zusammenschl\u00fcsse; in enger Zusammenarbeit mit dem Ministerium f\u00fcr produktive T\u00e4tigkeiten erstellt es das Programm f\u00fcr F\u00f6rdermassnahmen; [&hellip;]","protected":false},"author":4,"featured_media":0,"parent":5294,"menu_order":0,"comment_status":"closed","ping_status":"closed","template":"","meta":{"footnotes":""},"class_list":["post-5338","page","type-page","status-publish","hentry"],"_links":{"self":[{"href":"https:\/\/ambberna.esteri.it\/de\/wp-json\/wp\/v2\/pages\/5338","targetHints":{"allow":["GET"]}}],"collection":[{"href":"https:\/\/ambberna.esteri.it\/de\/wp-json\/wp\/v2\/pages"}],"about":[{"href":"https:\/\/ambberna.esteri.it\/de\/wp-json\/wp\/v2\/types\/page"}],"author":[{"embeddable":true,"href":"https:\/\/ambberna.esteri.it\/de\/wp-json\/wp\/v2\/users\/4"}],"replies":[{"embeddable":true,"href":"https:\/\/ambberna.esteri.it\/de\/wp-json\/wp\/v2\/comments?post=5338"}],"version-history":[{"count":2,"href":"https:\/\/ambberna.esteri.it\/de\/wp-json\/wp\/v2\/pages\/5338\/revisions"}],"predecessor-version":[{"id":5342,"href":"https:\/\/ambberna.esteri.it\/de\/wp-json\/wp\/v2\/pages\/5338\/revisions\/5342"}],"up":[{"embeddable":true,"href":"https:\/\/ambberna.esteri.it\/de\/wp-json\/wp\/v2\/pages\/5294"}],"wp:attachment":[{"href":"https:\/\/ambberna.esteri.it\/de\/wp-json\/wp\/v2\/media?parent=5338"}],"curies":[{"name":"wp","href":"https:\/\/api.w.org\/{rel}","templated":true}]}}